{"id":10015,"date":"2025-12-28T21:44:08","date_gmt":"2025-12-29T00:44:08","guid":{"rendered":"https:\/\/varietieseym.com.uy\/?post_type=product&#038;p=10015"},"modified":"2025-12-28T21:44:08","modified_gmt":"2025-12-29T00:44:08","slug":"tips-soft-gel-550-piezas-stiletto","status":"publish","type":"product","link":"https:\/\/varietieseym.com.uy\/index.php\/producto\/tips-soft-gel-550-piezas-stiletto\/","title":{"rendered":"Tips soft gel 550 piezas Stiletto"},"content":{"rendered":"<p><span class=\"a-list-item\"><span dir=\"auto\">Material de alta calidad\u00a0 estas u\u00f1as postizas est\u00e1n hechas de material de alta calidad, seguro, sin olores extra\u00f1os y duradero. Son m\u00e1s delgadas, maleables y naturales. No da\u00f1an las u\u00f1as ni el cuerpo, y son duraderas.<\/span><\/span><\/p>\n<ul class=\"a-unordered-list a-vertical a-spacing-mini\">\n<li class=\"a-spacing-mini\"><\/li>\n<\/ul>\n","protected":false},"excerpt":{"rendered":"<p>Material de alta calidad\u00a0 estas u\u00f1as postizas est\u00e1n hechas de material de alta calidad, seguro, sin olores extra\u00f1os y duradero. Son m\u00e1s delgadas, maleables y naturales. No da\u00f1an las u\u00f1as ni el cuerpo, y son duraderas.<\/p>\n","protected":false},"featured_media":10018,"template":"","meta":{"_uag_custom_page_level_css":"","site-sidebar-layout":"default","site-content-layout":"","ast-site-content-layout":"default","site-content-style":"default","site-sidebar-style":"default","ast-global-header-display":"","ast-banner-title-visibility":"","ast-main-header-display":"","ast-hfb-above-header-display":"","ast-hfb-below-header-display":"","ast-hfb-mobile-header-display":"","site-post-title":"","ast-breadcrumbs-content":"","ast-featured-img":"","footer-sml-layout":"","theme-transparent-header-meta":"default","adv-header-id-meta":"","stick-header-meta":"","header-above-stick-meta":"","header-main-stick-meta":"","header-below-stick-meta":"","astra-migrate-meta-layouts":"set","_joinchat":[]},"product_brand":[],"product_cat":[219,283,131],"product_tag":[],"class_list":{"0":"post-10015","1":"product","2":"type-product","3":"status-publish","4":"has-post-thumbnail","6":"product_cat-construccion-unas","7":"product_cat-tips","8":"product_cat-unas","9":"desktop-align-center","10":"tablet-align-left","11":"mobile-align-left","13":"first","14":"instock","15":"shipping-taxable","16":"purchasable","17":"product-type-simple"},"uagb_featured_image_src":{"full":["https:\/\/varietieseym.com.uy\/wp-content\/uploads\/2025\/12\/tips-soft-gel-550-stiletto2.jpg",889,883,false],"thumbnail":["https:\/\/varietieseym.com.uy\/wp-content\/uploads\/2025\/12\/tips-soft-gel-550-stiletto2-150x150.jpg",150,150,true],"medium":["https:\/\/varietieseym.com.uy\/wp-content\/uploads\/2025\/12\/tips-soft-gel-550-stiletto2-300x298.jpg",300,298,true],"medium_large":["https:\/\/varietieseym.com.uy\/wp-content\/uploads\/2025\/12\/tips-soft-gel-550-stiletto2-768x763.jpg",768,763,true],"large":["https:\/\/varietieseym.com.uy\/wp-content\/uploads\/2025\/12\/tips-soft-gel-550-stiletto2.jpg",889,883,false],"1536x1536":["https:\/\/varietieseym.com.uy\/wp-content\/uploads\/2025\/12\/tips-soft-gel-550-stiletto2.jpg",889,883,false],"2048x2048":["https:\/\/varietieseym.com.uy\/wp-content\/uploads\/2025\/12\/tips-soft-gel-550-stiletto2.jpg",889,883,false],"woocommerce_thumbnail":["https:\/\/varietieseym.com.uy\/wp-content\/uploads\/2025\/12\/tips-soft-gel-550-stiletto2-300x300.jpg",300,300,true],"woocommerce_single":["https:\/\/varietieseym.com.uy\/wp-content\/uploads\/2025\/12\/tips-soft-gel-550-stiletto2-600x596.jpg",600,596,true],"woocommerce_gallery_thumbnail":["https:\/\/varietieseym.com.uy\/wp-content\/uploads\/2025\/12\/tips-soft-gel-550-stiletto2-100x100.jpg",100,100,true]},"uagb_author_info":{"display_name":"Varietieseym","author_link":"https:\/\/varietieseym.com.uy\/index.php\/author\/"},"uagb_comment_info":0,"uagb_excerpt":"Material de alta calidad\u00a0 estas u\u00f1as postizas est\u00e1n hechas de material de alta calidad, seguro, sin olores extra\u00f1os y duradero. Son m\u00e1s delgadas, maleables y naturales. No da\u00f1an las u\u00f1as ni el cuerpo, y son duraderas.","_links":{"self":[{"href":"https:\/\/varietieseym.com.uy\/index.php\/wp-json\/wp\/v2\/product\/10015","targetHints":{"allow":["GET"]}}],"collection":[{"href":"https:\/\/varietieseym.com.uy\/index.php\/wp-json\/wp\/v2\/product"}],"about":[{"href":"https:\/\/varietieseym.com.uy\/index.php\/wp-json\/wp\/v2\/types\/product"}],"wp:featuredmedia":[{"embeddable":true,"href":"https:\/\/varietieseym.com.uy\/index.php\/wp-json\/wp\/v2\/media\/10018"}],"wp:attachment":[{"href":"https:\/\/varietieseym.com.uy\/index.php\/wp-json\/wp\/v2\/media?parent=10015"}],"wp:term":[{"taxonomy":"product_brand","embeddable":true,"href":"https:\/\/varietieseym.com.uy\/index.php\/wp-json\/wp\/v2\/product_brand?post=10015"},{"taxonomy":"product_cat","embeddable":true,"href":"https:\/\/varietieseym.com.uy\/index.php\/wp-json\/wp\/v2\/product_cat?post=10015"},{"taxonomy":"product_tag","embeddable":true,"href":"https:\/\/varietieseym.com.uy\/index.php\/wp-json\/wp\/v2\/product_tag?post=10015"}],"curies":[{"name":"wp","href":"https:\/\/api.w.org\/{rel}","templated":true}]}}