{"id":10041,"date":"2026-01-04T20:27:41","date_gmt":"2026-01-04T23:27:41","guid":{"rendered":"https:\/\/varietieseym.com.uy\/?post_type=product&#038;p=10041"},"modified":"2026-01-04T20:27:41","modified_gmt":"2026-01-04T23:27:41","slug":"perlas-cera-depilacion-espanola-100grs","status":"publish","type":"product","link":"https:\/\/varietieseym.com.uy\/index.php\/producto\/perlas-cera-depilacion-espanola-100grs\/","title":{"rendered":"Perlas cera depilaci\u00f3n espa\u00f1ola 100grs"},"content":{"rendered":"<p>Las perlas de cera est\u00e1n hechas de ingredientes de alta calidad, que pueden eliminar suavemente y eficazmente el vello de la ra\u00edz, sin importar el tipo de piel que seas.<br \/>\nla cera de depilaci\u00f3n se derrite r\u00e1pidamente y sin grumos. Sin papel de depilaci\u00f3n, indoloro y muy bien tolerado, efectos r\u00e1pidos en cabellos cortos y muy fuertes<\/p>\n","protected":false},"excerpt":{"rendered":"<p>Las perlas de cera est\u00e1n hechas de ingredientes de alta calidad, que pueden eliminar suavemente y eficazmente el vello de la ra\u00edz, sin importar el tipo de piel que seas. la cera de depilaci\u00f3n se derrite r\u00e1pidamente y sin grumos. Sin papel de depilaci\u00f3n, indoloro y muy bien tolerado, efectos r\u00e1pidos en cabellos cortos y &hellip;<\/p>\n<p class=\"read-more\"> <a class=\"\" href=\"https:\/\/varietieseym.com.uy\/index.php\/producto\/perlas-cera-depilacion-espanola-100grs\/\"> <span class=\"screen-reader-text\">Perlas cera depilaci\u00f3n espa\u00f1ola 100grs<\/span> Leer m\u00e1s &raquo;<\/a><\/p>\n","protected":false},"featured_media":10042,"template":"","meta":{"_uag_custom_page_level_css":"","site-sidebar-layout":"default","site-content-layout":"","ast-site-content-layout":"default","site-content-style":"default","site-sidebar-style":"default","ast-global-header-display":"","ast-banner-title-visibility":"","ast-main-header-display":"","ast-hfb-above-header-display":"","ast-hfb-below-header-display":"","ast-hfb-mobile-header-display":"","site-post-title":"","ast-breadcrumbs-content":"","ast-featured-img":"","footer-sml-layout":"","theme-transparent-header-meta":"default","adv-header-id-meta":"","stick-header-meta":"","header-above-stick-meta":"","header-main-stick-meta":"","header-below-stick-meta":"","astra-migrate-meta-layouts":"set","_joinchat":[]},"product_brand":[],"product_cat":[15],"product_tag":[],"class_list":{"0":"post-10041","1":"product","2":"type-product","3":"status-publish","4":"has-post-thumbnail","6":"product_cat-sin-categorizar","7":"desktop-align-center","8":"tablet-align-left","9":"mobile-align-left","11":"first","12":"instock","13":"shipping-taxable","14":"purchasable","15":"product-type-simple"},"uagb_featured_image_src":{"full":["https:\/\/varietieseym.com.uy\/wp-content\/uploads\/2026\/01\/perla-decoracion.jpg",883,865,false],"thumbnail":["https:\/\/varietieseym.com.uy\/wp-content\/uploads\/2026\/01\/perla-decoracion-150x150.jpg",150,150,true],"medium":["https:\/\/varietieseym.com.uy\/wp-content\/uploads\/2026\/01\/perla-decoracion-300x294.jpg",300,294,true],"medium_large":["https:\/\/varietieseym.com.uy\/wp-content\/uploads\/2026\/01\/perla-decoracion-768x752.jpg",768,752,true],"large":["https:\/\/varietieseym.com.uy\/wp-content\/uploads\/2026\/01\/perla-decoracion.jpg",883,865,false],"1536x1536":["https:\/\/varietieseym.com.uy\/wp-content\/uploads\/2026\/01\/perla-decoracion.jpg",883,865,false],"2048x2048":["https:\/\/varietieseym.com.uy\/wp-content\/uploads\/2026\/01\/perla-decoracion.jpg",883,865,false],"woocommerce_thumbnail":["https:\/\/varietieseym.com.uy\/wp-content\/uploads\/2026\/01\/perla-decoracion-300x300.jpg",300,300,true],"woocommerce_single":["https:\/\/varietieseym.com.uy\/wp-content\/uploads\/2026\/01\/perla-decoracion-600x588.jpg",600,588,true],"woocommerce_gallery_thumbnail":["https:\/\/varietieseym.com.uy\/wp-content\/uploads\/2026\/01\/perla-decoracion-100x100.jpg",100,100,true]},"uagb_author_info":{"display_name":"Varietieseym","author_link":"https:\/\/varietieseym.com.uy\/index.php\/author\/"},"uagb_comment_info":0,"uagb_excerpt":"Las perlas de cera est\u00e1n hechas de ingredientes de alta calidad, que pueden eliminar suavemente y eficazmente el vello de la ra\u00edz, sin importar el tipo de piel que seas. la cera de depilaci\u00f3n se derrite r\u00e1pidamente y sin grumos. Sin papel de depilaci\u00f3n, indoloro y muy bien tolerado, efectos r\u00e1pidos en cabellos cortos y&hellip;","_links":{"self":[{"href":"https:\/\/varietieseym.com.uy\/index.php\/wp-json\/wp\/v2\/product\/10041","targetHints":{"allow":["GET"]}}],"collection":[{"href":"https:\/\/varietieseym.com.uy\/index.php\/wp-json\/wp\/v2\/product"}],"about":[{"href":"https:\/\/varietieseym.com.uy\/index.php\/wp-json\/wp\/v2\/types\/product"}],"wp:featuredmedia":[{"embeddable":true,"href":"https:\/\/varietieseym.com.uy\/index.php\/wp-json\/wp\/v2\/media\/10042"}],"wp:attachment":[{"href":"https:\/\/varietieseym.com.uy\/index.php\/wp-json\/wp\/v2\/media?parent=10041"}],"wp:term":[{"taxonomy":"product_brand","embeddable":true,"href":"https:\/\/varietieseym.com.uy\/index.php\/wp-json\/wp\/v2\/product_brand?post=10041"},{"taxonomy":"product_cat","embeddable":true,"href":"https:\/\/varietieseym.com.uy\/index.php\/wp-json\/wp\/v2\/product_cat?post=10041"},{"taxonomy":"product_tag","embeddable":true,"href":"https:\/\/varietieseym.com.uy\/index.php\/wp-json\/wp\/v2\/product_tag?post=10041"}],"curies":[{"name":"wp","href":"https:\/\/api.w.org\/{rel}","templated":true}]}}