{"id":10091,"date":"2026-01-05T00:13:30","date_gmt":"2026-01-05T03:13:30","guid":{"rendered":"https:\/\/varietieseym.com.uy\/?post_type=product&#038;p=10091"},"modified":"2026-04-11T10:54:33","modified_gmt":"2026-04-11T13:54:33","slug":"top-coat-matte-navi-10ml","status":"publish","type":"product","link":"https:\/\/varietieseym.com.uy\/index.php\/producto\/top-coat-matte-navi-10ml\/","title":{"rendered":"Top Coat Matte Navi 10ml"},"content":{"rendered":"<p>El Top Gel Matte No Wipe Navi dar\u00e1 un efecto mate a tus u\u00f1as y un finalizado incre\u00edble. Protege el esmalte color y brinda un acabado perfecto. No necesita clarificar. Requiere curado en cabina UV\/LED.<\/p>\n","protected":false},"excerpt":{"rendered":"<p>El Top Gel Matte No Wipe Navi dar\u00e1 un efecto mate a tus u\u00f1as y un finalizado incre\u00edble. Protege el esmalte color y brinda un acabado perfecto. No necesita clarificar. Requiere curado en cabina UV\/LED.<\/p>\n","protected":false},"featured_media":10092,"template":"","meta":{"_uag_custom_page_level_css":"","site-sidebar-layout":"default","site-content-layout":"","ast-site-content-layout":"default","site-content-style":"default","site-sidebar-style":"default","ast-global-header-display":"","ast-banner-title-visibility":"","ast-main-header-display":"","ast-hfb-above-header-display":"","ast-hfb-below-header-display":"","ast-hfb-mobile-header-display":"","site-post-title":"","ast-breadcrumbs-content":"","ast-featured-img":"","footer-sml-layout":"","theme-transparent-header-meta":"default","adv-header-id-meta":"","stick-header-meta":"","header-above-stick-meta":"","header-main-stick-meta":"","header-below-stick-meta":"","astra-migrate-meta-layouts":"set","_joinchat":[]},"product_brand":[],"product_cat":[185,197,131],"product_tag":[],"class_list":{"0":"post-10091","1":"product","2":"type-product","3":"status-publish","4":"has-post-thumbnail","6":"product_cat-gel-unas","7":"product_cat-preparadores","8":"product_cat-unas","9":"desktop-align-center","10":"tablet-align-left","11":"mobile-align-left","13":"first","14":"instock","15":"shipping-taxable","16":"purchasable","17":"product-type-simple"},"uagb_featured_image_src":{"full":["https:\/\/varietieseym.com.uy\/wp-content\/uploads\/2026\/01\/top-matte-navi.jpg",892,882,false],"thumbnail":["https:\/\/varietieseym.com.uy\/wp-content\/uploads\/2026\/01\/top-matte-navi-150x150.jpg",150,150,true],"medium":["https:\/\/varietieseym.com.uy\/wp-content\/uploads\/2026\/01\/top-matte-navi-300x297.jpg",300,297,true],"medium_large":["https:\/\/varietieseym.com.uy\/wp-content\/uploads\/2026\/01\/top-matte-navi-768x759.jpg",768,759,true],"large":["https:\/\/varietieseym.com.uy\/wp-content\/uploads\/2026\/01\/top-matte-navi.jpg",892,882,false],"1536x1536":["https:\/\/varietieseym.com.uy\/wp-content\/uploads\/2026\/01\/top-matte-navi.jpg",892,882,false],"2048x2048":["https:\/\/varietieseym.com.uy\/wp-content\/uploads\/2026\/01\/top-matte-navi.jpg",892,882,false],"woocommerce_thumbnail":["https:\/\/varietieseym.com.uy\/wp-content\/uploads\/2026\/01\/top-matte-navi-300x300.jpg",300,300,true],"woocommerce_single":["https:\/\/varietieseym.com.uy\/wp-content\/uploads\/2026\/01\/top-matte-navi-600x593.jpg",600,593,true],"woocommerce_gallery_thumbnail":["https:\/\/varietieseym.com.uy\/wp-content\/uploads\/2026\/01\/top-matte-navi-100x100.jpg",100,100,true]},"uagb_author_info":{"display_name":"Varietieseym","author_link":"https:\/\/varietieseym.com.uy\/index.php\/author\/"},"uagb_comment_info":0,"uagb_excerpt":"El Top Gel Matte No Wipe Navi dar\u00e1 un efecto mate a tus u\u00f1as y un finalizado incre\u00edble. Protege el esmalte color y brinda un acabado perfecto. No necesita clarificar. Requiere curado en cabina UV\/LED.","_links":{"self":[{"href":"https:\/\/varietieseym.com.uy\/index.php\/wp-json\/wp\/v2\/product\/10091","targetHints":{"allow":["GET"]}}],"collection":[{"href":"https:\/\/varietieseym.com.uy\/index.php\/wp-json\/wp\/v2\/product"}],"about":[{"href":"https:\/\/varietieseym.com.uy\/index.php\/wp-json\/wp\/v2\/types\/product"}],"wp:featuredmedia":[{"embeddable":true,"href":"https:\/\/varietieseym.com.uy\/index.php\/wp-json\/wp\/v2\/media\/10092"}],"wp:attachment":[{"href":"https:\/\/varietieseym.com.uy\/index.php\/wp-json\/wp\/v2\/media?parent=10091"}],"wp:term":[{"taxonomy":"product_brand","embeddable":true,"href":"https:\/\/varietieseym.com.uy\/index.php\/wp-json\/wp\/v2\/product_brand?post=10091"},{"taxonomy":"product_cat","embeddable":true,"href":"https:\/\/varietieseym.com.uy\/index.php\/wp-json\/wp\/v2\/product_cat?post=10091"},{"taxonomy":"product_tag","embeddable":true,"href":"https:\/\/varietieseym.com.uy\/index.php\/wp-json\/wp\/v2\/product_tag?post=10091"}],"curies":[{"name":"wp","href":"https:\/\/api.w.org\/{rel}","templated":true}]}}