{"id":10120,"date":"2026-01-07T23:36:02","date_gmt":"2026-01-08T02:36:02","guid":{"rendered":"https:\/\/varietieseym.com.uy\/?post_type=product&#038;p=10120"},"modified":"2026-01-07T23:37:34","modified_gmt":"2026-01-08T02:37:34","slug":"exfoliante-corporal-hidratacion-renovacion","status":"publish","type":"product","link":"https:\/\/varietieseym.com.uy\/index.php\/producto\/exfoliante-corporal-hidratacion-renovacion\/","title":{"rendered":"Exfoliante corporal, Hidratacion-Renovacion."},"content":{"rendered":"<p>A medida que tu piel experimenta su propio proceso de renovaci\u00f3n natural, las c\u00e9lulas muertas y otras impurezas se acumulan y ocultan la capa m\u00e1s fresca de tu piel. Estos exfoliante destapa r\u00e1pidamente los poros y elimina los puntos negros y las c\u00e9lulas muertas que opacan la tez.<\/p>\n<p>Suaviza tu piel con sal marina pura mezclada con extractos naturales que te dar\u00e1n luminosidad. Con gr\u00e1nulos de sal no abrasivos, este exfoliante iluminador ayudar\u00e1 a exfoliar suavemente las manchas oscuras y las c\u00e9lulas \u00e1speras y opacas de la piel para una piel m\u00e1s clara, luminosa y radiante.<\/p>\n<p>Uso: Aplicar una cantidad generosa sobre la piel h\u00fameda y masajear suavemente con movimientos circulares. Rel\u00e1jese durante 5 minutos. Enjuague bien con agua tibia.<\/p>\n<p>&nbsp;<\/p>\n","protected":false},"excerpt":{"rendered":"<p>A medida que tu piel experimenta su propio proceso de renovaci\u00f3n natural, las c\u00e9lulas muertas y otras impurezas se acumulan y ocultan la capa m\u00e1s fresca de tu piel. Estos exfoliante destapa r\u00e1pidamente los poros y elimina los puntos negros y las c\u00e9lulas muertas que opacan la tez. Suaviza tu piel con sal marina pura &hellip;<\/p>\n<p class=\"read-more\"> <a class=\"\" href=\"https:\/\/varietieseym.com.uy\/index.php\/producto\/exfoliante-corporal-hidratacion-renovacion\/\"> <span class=\"screen-reader-text\">Exfoliante corporal, Hidratacion-Renovacion.<\/span> Leer m\u00e1s &raquo;<\/a><\/p>\n","protected":false},"featured_media":10128,"template":"","meta":{"_uag_custom_page_level_css":"","site-sidebar-layout":"default","site-content-layout":"","ast-site-content-layout":"default","site-content-style":"default","site-sidebar-style":"default","ast-global-header-display":"","ast-banner-title-visibility":"","ast-main-header-display":"","ast-hfb-above-header-display":"","ast-hfb-below-header-display":"","ast-hfb-mobile-header-display":"","site-post-title":"","ast-breadcrumbs-content":"","ast-featured-img":"","footer-sml-layout":"","theme-transparent-header-meta":"default","adv-header-id-meta":"","stick-header-meta":"","header-above-stick-meta":"","header-main-stick-meta":"","header-below-stick-meta":"","astra-migrate-meta-layouts":"set","_joinchat":[]},"product_brand":[],"product_cat":[250,245,251,144],"product_tag":[],"class_list":{"0":"post-10120","1":"product","2":"type-product","3":"status-publish","4":"has-post-thumbnail","6":"product_cat-hidratantes","7":"product_cat-mascarillas","8":"product_cat-otros-skincare","9":"product_cat-skincare","10":"desktop-align-center","11":"tablet-align-left","12":"mobile-align-left","14":"first","15":"instock","16":"shipping-taxable","17":"purchasable","18":"product-type-variable"},"uagb_featured_image_src":{"full":["https:\/\/varietieseym.com.uy\/wp-content\/uploads\/2026\/01\/exfoliante1.jpg",883,877,false],"thumbnail":["https:\/\/varietieseym.com.uy\/wp-content\/uploads\/2026\/01\/exfoliante1-150x150.jpg",150,150,true],"medium":["https:\/\/varietieseym.com.uy\/wp-content\/uploads\/2026\/01\/exfoliante1-300x298.jpg",300,298,true],"medium_large":["https:\/\/varietieseym.com.uy\/wp-content\/uploads\/2026\/01\/exfoliante1-768x763.jpg",768,763,true],"large":["https:\/\/varietieseym.com.uy\/wp-content\/uploads\/2026\/01\/exfoliante1.jpg",883,877,false],"1536x1536":["https:\/\/varietieseym.com.uy\/wp-content\/uploads\/2026\/01\/exfoliante1.jpg",883,877,false],"2048x2048":["https:\/\/varietieseym.com.uy\/wp-content\/uploads\/2026\/01\/exfoliante1.jpg",883,877,false],"woocommerce_thumbnail":["https:\/\/varietieseym.com.uy\/wp-content\/uploads\/2026\/01\/exfoliante1-300x300.jpg",300,300,true],"woocommerce_single":["https:\/\/varietieseym.com.uy\/wp-content\/uploads\/2026\/01\/exfoliante1-600x596.jpg",600,596,true],"woocommerce_gallery_thumbnail":["https:\/\/varietieseym.com.uy\/wp-content\/uploads\/2026\/01\/exfoliante1-100x100.jpg",100,100,true]},"uagb_author_info":{"display_name":"Varietieseym","author_link":"https:\/\/varietieseym.com.uy\/index.php\/author\/"},"uagb_comment_info":0,"uagb_excerpt":"A medida que tu piel experimenta su propio proceso de renovaci\u00f3n natural, las c\u00e9lulas muertas y otras impurezas se acumulan y ocultan la capa m\u00e1s fresca de tu piel. Estos exfoliante destapa r\u00e1pidamente los poros y elimina los puntos negros y las c\u00e9lulas muertas que opacan la tez. Suaviza tu piel con sal marina pura&hellip;","_links":{"self":[{"href":"https:\/\/varietieseym.com.uy\/index.php\/wp-json\/wp\/v2\/product\/10120","targetHints":{"allow":["GET"]}}],"collection":[{"href":"https:\/\/varietieseym.com.uy\/index.php\/wp-json\/wp\/v2\/product"}],"about":[{"href":"https:\/\/varietieseym.com.uy\/index.php\/wp-json\/wp\/v2\/types\/product"}],"wp:featuredmedia":[{"embeddable":true,"href":"https:\/\/varietieseym.com.uy\/index.php\/wp-json\/wp\/v2\/media\/10128"}],"wp:attachment":[{"href":"https:\/\/varietieseym.com.uy\/index.php\/wp-json\/wp\/v2\/media?parent=10120"}],"wp:term":[{"taxonomy":"product_brand","embeddable":true,"href":"https:\/\/varietieseym.com.uy\/index.php\/wp-json\/wp\/v2\/product_brand?post=10120"},{"taxonomy":"product_cat","embeddable":true,"href":"https:\/\/varietieseym.com.uy\/index.php\/wp-json\/wp\/v2\/product_cat?post=10120"},{"taxonomy":"product_tag","embeddable":true,"href":"https:\/\/varietieseym.com.uy\/index.php\/wp-json\/wp\/v2\/product_tag?post=10120"}],"curies":[{"name":"wp","href":"https:\/\/api.w.org\/{rel}","templated":true}]}}