{"id":10181,"date":"2026-01-10T16:08:32","date_gmt":"2026-01-10T19:08:32","guid":{"rendered":"https:\/\/varietieseym.com.uy\/?post_type=product&#038;p=10181"},"modified":"2026-01-10T16:12:14","modified_gmt":"2026-01-10T19:12:14","slug":"esmalte-para-unas-mordidas-mavala-stop","status":"publish","type":"product","link":"https:\/\/varietieseym.com.uy\/index.php\/producto\/esmalte-para-unas-mordidas-mavala-stop\/","title":{"rendered":"Esmalte para u\u00f1as mordidas, Mavala Stop"},"content":{"rendered":"<p>Es un esmalte transparente con un sabor amargo que permite mantener las u\u00f1as y su contorno en buenas condiciones, ayudando a acabar con el h\u00e1bito de morderse las u\u00f1as y evitar chuparse los dedos.<br \/>\nPara usar solo o sobre tu esmalte de u\u00f1as. Para ni\u00f1os (mayores de 3 a\u00f1os) y adultos. En ni\u00f1os peque\u00f1os la eficacia del producto puede verse reducida ya que sus papilas gustativas no est\u00e1n completamente desarrolladas y puede que les guste el sabor amargo del producto.<\/p>\n<p>Modo de empleo<\/p>\n<p>Aplicar una capa sobre toda la superficie de la u\u00f1a (o sobre el esmalte) y dejar secar.<\/p>\n<p>Evitar lavarse las manos despu\u00e9s de la aplicaci\u00f3n.<\/p>\n<p>Repetir la aplicaci\u00f3n cada dos d\u00edas hasta que el h\u00e1bito se haya eliminado. Por supuesto, antes de volverlo a aplicar, quitar Mavala Stop utilizando quitaesmalte.<\/p>\n<p>&nbsp;<\/p>\n<p>Importante<\/p>\n<p>No apto para ni\u00f1os menores de 3 a\u00f1os.<\/p>\n<p>Tama\u00f1o: 10 ML<\/p>\n","protected":false},"excerpt":{"rendered":"<p>Es un esmalte transparente con un sabor amargo que permite mantener las u\u00f1as y su contorno en buenas condiciones, ayudando a acabar con el h\u00e1bito de morderse las u\u00f1as y evitar chuparse los dedos. Para usar solo o sobre tu esmalte de u\u00f1as. Para ni\u00f1os (mayores de 3 a\u00f1os) y adultos. En ni\u00f1os peque\u00f1os la &hellip;<\/p>\n<p class=\"read-more\"> <a class=\"\" href=\"https:\/\/varietieseym.com.uy\/index.php\/producto\/esmalte-para-unas-mordidas-mavala-stop\/\"> <span class=\"screen-reader-text\">Esmalte para u\u00f1as mordidas, Mavala Stop<\/span> Leer m\u00e1s &raquo;<\/a><\/p>\n","protected":false},"featured_media":10185,"template":"","meta":{"_uag_custom_page_level_css":"","site-sidebar-layout":"default","site-content-layout":"","ast-site-content-layout":"default","site-content-style":"default","site-sidebar-style":"default","ast-global-header-display":"","ast-banner-title-visibility":"","ast-main-header-display":"","ast-hfb-above-header-display":"","ast-hfb-below-header-display":"","ast-hfb-mobile-header-display":"","site-post-title":"","ast-breadcrumbs-content":"","ast-featured-img":"","footer-sml-layout":"","theme-transparent-header-meta":"default","adv-header-id-meta":"","stick-header-meta":"","header-above-stick-meta":"","header-main-stick-meta":"","header-below-stick-meta":"","astra-migrate-meta-layouts":"set","_joinchat":[]},"product_brand":[],"product_cat":[197,131],"product_tag":[],"class_list":{"0":"post-10181","1":"product","2":"type-product","3":"status-publish","4":"has-post-thumbnail","6":"product_cat-preparadores","7":"product_cat-unas","8":"desktop-align-center","9":"tablet-align-left","10":"mobile-align-left","12":"first","13":"instock","14":"shipping-taxable","15":"purchasable","16":"product-type-simple"},"uagb_featured_image_src":{"full":["https:\/\/varietieseym.com.uy\/wp-content\/uploads\/2026\/01\/mavala-stop1.jpg",742,882,false],"thumbnail":["https:\/\/varietieseym.com.uy\/wp-content\/uploads\/2026\/01\/mavala-stop1-150x150.jpg",150,150,true],"medium":["https:\/\/varietieseym.com.uy\/wp-content\/uploads\/2026\/01\/mavala-stop1-252x300.jpg",252,300,true],"medium_large":["https:\/\/varietieseym.com.uy\/wp-content\/uploads\/2026\/01\/mavala-stop1.jpg",742,882,false],"large":["https:\/\/varietieseym.com.uy\/wp-content\/uploads\/2026\/01\/mavala-stop1.jpg",742,882,false],"1536x1536":["https:\/\/varietieseym.com.uy\/wp-content\/uploads\/2026\/01\/mavala-stop1.jpg",742,882,false],"2048x2048":["https:\/\/varietieseym.com.uy\/wp-content\/uploads\/2026\/01\/mavala-stop1.jpg",742,882,false],"woocommerce_thumbnail":["https:\/\/varietieseym.com.uy\/wp-content\/uploads\/2026\/01\/mavala-stop1-300x300.jpg",300,300,true],"woocommerce_single":["https:\/\/varietieseym.com.uy\/wp-content\/uploads\/2026\/01\/mavala-stop1-600x713.jpg",600,713,true],"woocommerce_gallery_thumbnail":["https:\/\/varietieseym.com.uy\/wp-content\/uploads\/2026\/01\/mavala-stop1-100x100.jpg",100,100,true]},"uagb_author_info":{"display_name":"Varietieseym","author_link":"https:\/\/varietieseym.com.uy\/index.php\/author\/"},"uagb_comment_info":0,"uagb_excerpt":"Es un esmalte transparente con un sabor amargo que permite mantener las u\u00f1as y su contorno en buenas condiciones, ayudando a acabar con el h\u00e1bito de morderse las u\u00f1as y evitar chuparse los dedos. Para usar solo o sobre tu esmalte de u\u00f1as. Para ni\u00f1os (mayores de 3 a\u00f1os) y adultos. En ni\u00f1os peque\u00f1os la&hellip;","_links":{"self":[{"href":"https:\/\/varietieseym.com.uy\/index.php\/wp-json\/wp\/v2\/product\/10181","targetHints":{"allow":["GET"]}}],"collection":[{"href":"https:\/\/varietieseym.com.uy\/index.php\/wp-json\/wp\/v2\/product"}],"about":[{"href":"https:\/\/varietieseym.com.uy\/index.php\/wp-json\/wp\/v2\/types\/product"}],"wp:featuredmedia":[{"embeddable":true,"href":"https:\/\/varietieseym.com.uy\/index.php\/wp-json\/wp\/v2\/media\/10185"}],"wp:attachment":[{"href":"https:\/\/varietieseym.com.uy\/index.php\/wp-json\/wp\/v2\/media?parent=10181"}],"wp:term":[{"taxonomy":"product_brand","embeddable":true,"href":"https:\/\/varietieseym.com.uy\/index.php\/wp-json\/wp\/v2\/product_brand?post=10181"},{"taxonomy":"product_cat","embeddable":true,"href":"https:\/\/varietieseym.com.uy\/index.php\/wp-json\/wp\/v2\/product_cat?post=10181"},{"taxonomy":"product_tag","embeddable":true,"href":"https:\/\/varietieseym.com.uy\/index.php\/wp-json\/wp\/v2\/product_tag?post=10181"}],"curies":[{"name":"wp","href":"https:\/\/api.w.org\/{rel}","templated":true}]}}