{"id":10206,"date":"2026-01-12T18:16:27","date_gmt":"2026-01-12T21:16:27","guid":{"rendered":"https:\/\/varietieseym.com.uy\/?post_type=product&#038;p=10206"},"modified":"2026-01-12T18:18:42","modified_gmt":"2026-01-12T21:18:42","slug":"organizador-con-divisorios-unas-pestanas","status":"publish","type":"product","link":"https:\/\/varietieseym.com.uy\/index.php\/producto\/organizador-con-divisorios-unas-pestanas\/","title":{"rendered":"Organizador con Divisorios, U\u00f1as-Pesta\u00f1as."},"content":{"rendered":"<p>Estuche pl\u00e1stico organizador con divisorios.<\/p>\n<p>Medidas: 20.2 x 10.5 x 3.4 cms.<\/p>\n","protected":false},"excerpt":{"rendered":"<p><strong>NO INCLUYE PRODUCTOS\u00a0<\/strong><\/p>\n","protected":false},"featured_media":10213,"template":"","meta":{"_uag_custom_page_level_css":"","site-sidebar-layout":"default","site-content-layout":"","ast-site-content-layout":"default","site-content-style":"default","site-sidebar-style":"default","ast-global-header-display":"","ast-banner-title-visibility":"","ast-main-header-display":"","ast-hfb-above-header-display":"","ast-hfb-below-header-display":"","ast-hfb-mobile-header-display":"","site-post-title":"","ast-breadcrumbs-content":"","ast-featured-img":"","footer-sml-layout":"","theme-transparent-header-meta":"default","adv-header-id-meta":"","stick-header-meta":"","header-above-stick-meta":"","header-main-stick-meta":"","header-below-stick-meta":"","astra-migrate-meta-layouts":"set","_joinchat":[]},"product_brand":[],"product_cat":[151,246,256,131,134,146,147,144],"product_tag":[],"class_list":{"0":"post-10206","1":"product","2":"type-product","3":"status-publish","4":"has-post-thumbnail","6":"product_cat-accesorios","7":"product_cat-accesorios-skincare","8":"product_cat-accesorios-pestanas","9":"product_cat-unas","10":"product_cat-organizadores","11":"product_cat-cejas","12":"product_cat-pestanas","13":"product_cat-skincare","14":"desktop-align-center","15":"tablet-align-left","16":"mobile-align-left","18":"first","19":"instock","20":"shipping-taxable","21":"purchasable","22":"product-type-simple"},"uagb_featured_image_src":{"full":["https:\/\/varietieseym.com.uy\/wp-content\/uploads\/2026\/01\/organizador-aplicadores8.jpg",617,600,false],"thumbnail":["https:\/\/varietieseym.com.uy\/wp-content\/uploads\/2026\/01\/organizador-aplicadores8-150x150.jpg",150,150,true],"medium":["https:\/\/varietieseym.com.uy\/wp-content\/uploads\/2026\/01\/organizador-aplicadores8-300x292.jpg",300,292,true],"medium_large":["https:\/\/varietieseym.com.uy\/wp-content\/uploads\/2026\/01\/organizador-aplicadores8.jpg",617,600,false],"large":["https:\/\/varietieseym.com.uy\/wp-content\/uploads\/2026\/01\/organizador-aplicadores8.jpg",617,600,false],"1536x1536":["https:\/\/varietieseym.com.uy\/wp-content\/uploads\/2026\/01\/organizador-aplicadores8.jpg",617,600,false],"2048x2048":["https:\/\/varietieseym.com.uy\/wp-content\/uploads\/2026\/01\/organizador-aplicadores8.jpg",617,600,false],"woocommerce_thumbnail":["https:\/\/varietieseym.com.uy\/wp-content\/uploads\/2026\/01\/organizador-aplicadores8-300x300.jpg",300,300,true],"woocommerce_single":["https:\/\/varietieseym.com.uy\/wp-content\/uploads\/2026\/01\/organizador-aplicadores8-600x583.jpg",600,583,true],"woocommerce_gallery_thumbnail":["https:\/\/varietieseym.com.uy\/wp-content\/uploads\/2026\/01\/organizador-aplicadores8-100x100.jpg",100,100,true]},"uagb_author_info":{"display_name":"Varietieseym","author_link":"https:\/\/varietieseym.com.uy\/index.php\/author\/"},"uagb_comment_info":0,"uagb_excerpt":"NO INCLUYE PRODUCTOS\u00a0","_links":{"self":[{"href":"https:\/\/varietieseym.com.uy\/index.php\/wp-json\/wp\/v2\/product\/10206","targetHints":{"allow":["GET"]}}],"collection":[{"href":"https:\/\/varietieseym.com.uy\/index.php\/wp-json\/wp\/v2\/product"}],"about":[{"href":"https:\/\/varietieseym.com.uy\/index.php\/wp-json\/wp\/v2\/types\/product"}],"wp:featuredmedia":[{"embeddable":true,"href":"https:\/\/varietieseym.com.uy\/index.php\/wp-json\/wp\/v2\/media\/10213"}],"wp:attachment":[{"href":"https:\/\/varietieseym.com.uy\/index.php\/wp-json\/wp\/v2\/media?parent=10206"}],"wp:term":[{"taxonomy":"product_brand","embeddable":true,"href":"https:\/\/varietieseym.com.uy\/index.php\/wp-json\/wp\/v2\/product_brand?post=10206"},{"taxonomy":"product_cat","embeddable":true,"href":"https:\/\/varietieseym.com.uy\/index.php\/wp-json\/wp\/v2\/product_cat?post=10206"},{"taxonomy":"product_tag","embeddable":true,"href":"https:\/\/varietieseym.com.uy\/index.php\/wp-json\/wp\/v2\/product_tag?post=10206"}],"curies":[{"name":"wp","href":"https:\/\/api.w.org\/{rel}","templated":true}]}}