{"id":10226,"date":"2026-01-13T17:32:53","date_gmt":"2026-01-13T20:32:53","guid":{"rendered":"https:\/\/varietieseym.com.uy\/?post_type=product&#038;p=10226"},"modified":"2026-01-13T17:36:38","modified_gmt":"2026-01-13T20:36:38","slug":"tips-soft-gel-pies-francesita-120-piezas","status":"publish","type":"product","link":"https:\/\/varietieseym.com.uy\/index.php\/producto\/tips-soft-gel-pies-francesita-120-piezas\/","title":{"rendered":"Tips Soft gel Pies francesita 120 piezas"},"content":{"rendered":"<ul class=\"a-unordered-list a-vertical a-spacing-mini\">\n<li class=\"a-spacing-mini\"><span class=\"a-list-item\">Estas u\u00f1as postizas est\u00e1n hechas de capa superior UV. Contiene 120 piezas y est\u00e1 disponible en 12 tama\u00f1os diferentes. No importa cu\u00e1l sea el tama\u00f1o de tu u\u00f1a, puedes elegir tus propias u\u00f1as falsas.<\/span><\/li>\n<li class=\"a-spacing-mini\"><span class=\"a-list-item\">F\u00e1cil de usar: los tonos de piel presionan las u\u00f1as de los pies, lo que es conveniente para que puedas pegar en las u\u00f1as de los dedos. Las u\u00f1as postizas tambi\u00e9n se pueden recortar, limar y pintar de acuerdo a tus preferencias. En solo unos minutos, puedes tener u\u00f1as hermosas y naturales.<\/span><\/li>\n<li class=\"a-spacing-mini\"><span class=\"a-list-item\">Esta u\u00f1a acr\u00edlica est\u00e1 hecha de material ABS, que es un material ecol\u00f3gico y respetuoso con el medio ambiente. Esta u\u00f1a falsa no tiene olor y es inofensiva para las u\u00f1as de los pies y el cuerpo humano. Es duradero, seguro, natural y te ofrece una experiencia c\u00f3moda.<\/span><\/li>\n<\/ul>\n","protected":false},"excerpt":{"rendered":"<p>Estas u\u00f1as postizas est\u00e1n hechas de capa superior UV. Contiene 120 piezas y est\u00e1 disponible en 12 tama\u00f1os diferentes. No importa cu\u00e1l sea el tama\u00f1o de tu u\u00f1a, puedes elegir tus propias u\u00f1as falsas. F\u00e1cil de usar: los tonos de piel presionan las u\u00f1as de los pies, lo que es conveniente para que puedas pegar &hellip;<\/p>\n<p class=\"read-more\"> <a class=\"\" href=\"https:\/\/varietieseym.com.uy\/index.php\/producto\/tips-soft-gel-pies-francesita-120-piezas\/\"> <span class=\"screen-reader-text\">Tips Soft gel Pies francesita 120 piezas<\/span> Leer m\u00e1s &raquo;<\/a><\/p>\n","protected":false},"featured_media":10233,"template":"","meta":{"_uag_custom_page_level_css":"","site-sidebar-layout":"default","site-content-layout":"","ast-site-content-layout":"default","site-content-style":"default","site-sidebar-style":"default","ast-global-header-display":"","ast-banner-title-visibility":"","ast-main-header-display":"","ast-hfb-above-header-display":"","ast-hfb-below-header-display":"","ast-hfb-mobile-header-display":"","site-post-title":"","ast-breadcrumbs-content":"","ast-featured-img":"","footer-sml-layout":"","theme-transparent-header-meta":"default","adv-header-id-meta":"","stick-header-meta":"","header-above-stick-meta":"","header-main-stick-meta":"","header-below-stick-meta":"","astra-migrate-meta-layouts":"set","_joinchat":[]},"product_brand":[],"product_cat":[185,283,131],"product_tag":[],"class_list":{"0":"post-10226","1":"product","2":"type-product","3":"status-publish","4":"has-post-thumbnail","6":"product_cat-gel-unas","7":"product_cat-tips","8":"product_cat-unas","9":"desktop-align-center","10":"tablet-align-left","11":"mobile-align-left","13":"first","14":"instock","15":"shipping-taxable","16":"purchasable","17":"product-type-variable"},"uagb_featured_image_src":{"full":["https:\/\/varietieseym.com.uy\/wp-content\/uploads\/2026\/01\/soft-pies.jpg",628,625,false],"thumbnail":["https:\/\/varietieseym.com.uy\/wp-content\/uploads\/2026\/01\/soft-pies-150x150.jpg",150,150,true],"medium":["https:\/\/varietieseym.com.uy\/wp-content\/uploads\/2026\/01\/soft-pies-300x300.jpg",300,300,true],"medium_large":["https:\/\/varietieseym.com.uy\/wp-content\/uploads\/2026\/01\/soft-pies.jpg",628,625,false],"large":["https:\/\/varietieseym.com.uy\/wp-content\/uploads\/2026\/01\/soft-pies.jpg",628,625,false],"1536x1536":["https:\/\/varietieseym.com.uy\/wp-content\/uploads\/2026\/01\/soft-pies.jpg",628,625,false],"2048x2048":["https:\/\/varietieseym.com.uy\/wp-content\/uploads\/2026\/01\/soft-pies.jpg",628,625,false],"woocommerce_thumbnail":["https:\/\/varietieseym.com.uy\/wp-content\/uploads\/2026\/01\/soft-pies-300x300.jpg",300,300,true],"woocommerce_single":["https:\/\/varietieseym.com.uy\/wp-content\/uploads\/2026\/01\/soft-pies-600x597.jpg",600,597,true],"woocommerce_gallery_thumbnail":["https:\/\/varietieseym.com.uy\/wp-content\/uploads\/2026\/01\/soft-pies-100x100.jpg",100,100,true]},"uagb_author_info":{"display_name":"Varietieseym","author_link":"https:\/\/varietieseym.com.uy\/index.php\/author\/"},"uagb_comment_info":0,"uagb_excerpt":"Estas u\u00f1as postizas est\u00e1n hechas de capa superior UV. Contiene 120 piezas y est\u00e1 disponible en 12 tama\u00f1os diferentes. No importa cu\u00e1l sea el tama\u00f1o de tu u\u00f1a, puedes elegir tus propias u\u00f1as falsas. F\u00e1cil de usar: los tonos de piel presionan las u\u00f1as de los pies, lo que es conveniente para que puedas pegar&hellip;","_links":{"self":[{"href":"https:\/\/varietieseym.com.uy\/index.php\/wp-json\/wp\/v2\/product\/10226","targetHints":{"allow":["GET"]}}],"collection":[{"href":"https:\/\/varietieseym.com.uy\/index.php\/wp-json\/wp\/v2\/product"}],"about":[{"href":"https:\/\/varietieseym.com.uy\/index.php\/wp-json\/wp\/v2\/types\/product"}],"wp:featuredmedia":[{"embeddable":true,"href":"https:\/\/varietieseym.com.uy\/index.php\/wp-json\/wp\/v2\/media\/10233"}],"wp:attachment":[{"href":"https:\/\/varietieseym.com.uy\/index.php\/wp-json\/wp\/v2\/media?parent=10226"}],"wp:term":[{"taxonomy":"product_brand","embeddable":true,"href":"https:\/\/varietieseym.com.uy\/index.php\/wp-json\/wp\/v2\/product_brand?post=10226"},{"taxonomy":"product_cat","embeddable":true,"href":"https:\/\/varietieseym.com.uy\/index.php\/wp-json\/wp\/v2\/product_cat?post=10226"},{"taxonomy":"product_tag","embeddable":true,"href":"https:\/\/varietieseym.com.uy\/index.php\/wp-json\/wp\/v2\/product_tag?post=10226"}],"curies":[{"name":"wp","href":"https:\/\/api.w.org\/{rel}","templated":true}]}}