{"id":10254,"date":"2026-01-14T18:55:44","date_gmt":"2026-01-14T21:55:44","guid":{"rendered":"https:\/\/varietieseym.com.uy\/?post_type=product&#038;p=10254"},"modified":"2026-02-19T17:18:04","modified_gmt":"2026-02-19T20:18:04","slug":"mascarilla-hidratantes-para-manos","status":"publish","type":"product","link":"https:\/\/varietieseym.com.uy\/index.php\/producto\/mascarilla-hidratantes-para-manos\/","title":{"rendered":"Mascarilla hidratantes para manos."},"content":{"rendered":"<ul class=\"a-unordered-list a-vertical a-spacing-mini\">\n<li class=\"a-spacing-mini\"><span class=\"a-list-item\"><span dir=\"auto\">Mascarillas hidratantes para manos ayudan a calmar la piel seca de forma suave y eficaz. Est\u00e1n dise\u00f1adas para eliminar eficazmente la piel muerta, las callosidades y las manos y pies secos y agrietados, dejando la piel suave e hidratada.<\/span><\/span><\/li>\n<li class=\"a-spacing-mini\"><span class=\"a-list-item\"><span dir=\"auto\">Est\u00e1 enriquecida con ingredientes hidratantes para hidratar profundamente la piel seca y \u00e1spera. la cut\u00edcula y la piel.<\/span><\/span><\/li>\n<\/ul>\n","protected":false},"excerpt":{"rendered":"<p>1 par de guantes<\/p>\n","protected":false},"featured_media":10264,"template":"","meta":{"_uag_custom_page_level_css":"","site-sidebar-layout":"default","site-content-layout":"","ast-site-content-layout":"default","site-content-style":"default","site-sidebar-style":"default","ast-global-header-display":"","ast-banner-title-visibility":"","ast-main-header-display":"","ast-hfb-above-header-display":"","ast-hfb-below-header-display":"","ast-hfb-mobile-header-display":"","site-post-title":"","ast-breadcrumbs-content":"","ast-featured-img":"","footer-sml-layout":"","theme-transparent-header-meta":"default","adv-header-id-meta":"","stick-header-meta":"","header-above-stick-meta":"","header-main-stick-meta":"","header-below-stick-meta":"","astra-migrate-meta-layouts":"set","_joinchat":[]},"product_brand":[],"product_cat":[15],"product_tag":[],"class_list":{"0":"post-10254","1":"product","2":"type-product","3":"status-publish","4":"has-post-thumbnail","6":"product_cat-sin-categorizar","7":"desktop-align-center","8":"tablet-align-left","9":"mobile-align-left","11":"first","12":"instock","13":"shipping-taxable","14":"purchasable","15":"product-type-variable"},"uagb_featured_image_src":{"full":["https:\/\/varietieseym.com.uy\/wp-content\/uploads\/2026\/01\/mascarilla-manos2.jpg",606,612,false],"thumbnail":["https:\/\/varietieseym.com.uy\/wp-content\/uploads\/2026\/01\/mascarilla-manos2-150x150.jpg",150,150,true],"medium":["https:\/\/varietieseym.com.uy\/wp-content\/uploads\/2026\/01\/mascarilla-manos2-297x300.jpg",297,300,true],"medium_large":["https:\/\/varietieseym.com.uy\/wp-content\/uploads\/2026\/01\/mascarilla-manos2.jpg",606,612,false],"large":["https:\/\/varietieseym.com.uy\/wp-content\/uploads\/2026\/01\/mascarilla-manos2.jpg",606,612,false],"1536x1536":["https:\/\/varietieseym.com.uy\/wp-content\/uploads\/2026\/01\/mascarilla-manos2.jpg",606,612,false],"2048x2048":["https:\/\/varietieseym.com.uy\/wp-content\/uploads\/2026\/01\/mascarilla-manos2.jpg",606,612,false],"woocommerce_thumbnail":["https:\/\/varietieseym.com.uy\/wp-content\/uploads\/2026\/01\/mascarilla-manos2-300x300.jpg",300,300,true],"woocommerce_single":["https:\/\/varietieseym.com.uy\/wp-content\/uploads\/2026\/01\/mascarilla-manos2-600x606.jpg",600,606,true],"woocommerce_gallery_thumbnail":["https:\/\/varietieseym.com.uy\/wp-content\/uploads\/2026\/01\/mascarilla-manos2-100x100.jpg",100,100,true]},"uagb_author_info":{"display_name":"Varietieseym","author_link":"https:\/\/varietieseym.com.uy\/index.php\/author\/"},"uagb_comment_info":0,"uagb_excerpt":"1 par de guantes","_links":{"self":[{"href":"https:\/\/varietieseym.com.uy\/index.php\/wp-json\/wp\/v2\/product\/10254","targetHints":{"allow":["GET"]}}],"collection":[{"href":"https:\/\/varietieseym.com.uy\/index.php\/wp-json\/wp\/v2\/product"}],"about":[{"href":"https:\/\/varietieseym.com.uy\/index.php\/wp-json\/wp\/v2\/types\/product"}],"wp:featuredmedia":[{"embeddable":true,"href":"https:\/\/varietieseym.com.uy\/index.php\/wp-json\/wp\/v2\/media\/10264"}],"wp:attachment":[{"href":"https:\/\/varietieseym.com.uy\/index.php\/wp-json\/wp\/v2\/media?parent=10254"}],"wp:term":[{"taxonomy":"product_brand","embeddable":true,"href":"https:\/\/varietieseym.com.uy\/index.php\/wp-json\/wp\/v2\/product_brand?post=10254"},{"taxonomy":"product_cat","embeddable":true,"href":"https:\/\/varietieseym.com.uy\/index.php\/wp-json\/wp\/v2\/product_cat?post=10254"},{"taxonomy":"product_tag","embeddable":true,"href":"https:\/\/varietieseym.com.uy\/index.php\/wp-json\/wp\/v2\/product_tag?post=10254"}],"curies":[{"name":"wp","href":"https:\/\/api.w.org\/{rel}","templated":true}]}}