{"id":10450,"date":"2026-02-07T15:51:43","date_gmt":"2026-02-07T18:51:43","guid":{"rendered":"https:\/\/varietieseym.com.uy\/?post_type=product&#038;p=10450"},"modified":"2026-02-07T15:51:43","modified_gmt":"2026-02-07T18:51:43","slug":"oleo-de-melaleuca-repos-9ml","status":"publish","type":"product","link":"https:\/\/varietieseym.com.uy\/index.php\/producto\/oleo-de-melaleuca-repos-9ml\/","title":{"rendered":"\u00d3leo de Melaleuca Repos &#8211; 9ml"},"content":{"rendered":"<p><strong><span dir=\"auto\">DESCRIPCI\u00d3N DEL PRODUCTO:<\/span><\/strong><br \/>\n<span dir=\"auto\">El aceite de \u00e1rbol de t\u00e9 Rep\u00f3s est\u00e1 indicado para proteger y ayudar en el tratamiento de hongos y micosis.\u00a0<\/span><\/p>\n<p><strong><span dir=\"auto\">MODO DE EMPLEO:<\/span><\/strong><br \/>\n<span dir=\"auto\">Aplicar con pincel sobre las u\u00f1as. Para obtener resultados efectivos, usar diariamente durante 2 meses o seg\u00fan sea necesario.<\/span><\/p>\n","protected":false},"excerpt":{"rendered":"<p>DESCRIPCI\u00d3N DEL PRODUCTO: El aceite de \u00e1rbol de t\u00e9 Rep\u00f3s est\u00e1 indicado para proteger y ayudar en el tratamiento de hongos y micosis.\u00a0 MODO DE EMPLEO: Aplicar con pincel sobre las u\u00f1as. Para obtener resultados efectivos, usar diariamente durante 2 meses o seg\u00fan sea necesario.<\/p>\n","protected":false},"featured_media":10451,"template":"","meta":{"_uag_custom_page_level_css":"","site-sidebar-layout":"default","site-content-layout":"","ast-site-content-layout":"default","site-content-style":"default","site-sidebar-style":"default","ast-global-header-display":"","ast-banner-title-visibility":"","ast-main-header-display":"","ast-hfb-above-header-display":"","ast-hfb-below-header-display":"","ast-hfb-mobile-header-display":"","site-post-title":"","ast-breadcrumbs-content":"","ast-featured-img":"","footer-sml-layout":"","theme-transparent-header-meta":"default","adv-header-id-meta":"","stick-header-meta":"","header-above-stick-meta":"","header-main-stick-meta":"","header-below-stick-meta":"","astra-migrate-meta-layouts":"set","_joinchat":[]},"product_brand":[],"product_cat":[131],"product_tag":[],"class_list":{"0":"post-10450","1":"product","2":"type-product","3":"status-publish","4":"has-post-thumbnail","6":"product_cat-unas","7":"desktop-align-center","8":"tablet-align-left","9":"mobile-align-left","11":"first","12":"instock","13":"shipping-taxable","14":"purchasable","15":"product-type-simple"},"uagb_featured_image_src":{"full":["https:\/\/varietieseym.com.uy\/wp-content\/uploads\/2026\/02\/oleo-melaleuca2.jpg",582,594,false],"thumbnail":["https:\/\/varietieseym.com.uy\/wp-content\/uploads\/2026\/02\/oleo-melaleuca2-150x150.jpg",150,150,true],"medium":["https:\/\/varietieseym.com.uy\/wp-content\/uploads\/2026\/02\/oleo-melaleuca2-294x300.jpg",294,300,true],"medium_large":["https:\/\/varietieseym.com.uy\/wp-content\/uploads\/2026\/02\/oleo-melaleuca2.jpg",582,594,false],"large":["https:\/\/varietieseym.com.uy\/wp-content\/uploads\/2026\/02\/oleo-melaleuca2.jpg",582,594,false],"1536x1536":["https:\/\/varietieseym.com.uy\/wp-content\/uploads\/2026\/02\/oleo-melaleuca2.jpg",582,594,false],"2048x2048":["https:\/\/varietieseym.com.uy\/wp-content\/uploads\/2026\/02\/oleo-melaleuca2.jpg",582,594,false],"woocommerce_thumbnail":["https:\/\/varietieseym.com.uy\/wp-content\/uploads\/2026\/02\/oleo-melaleuca2-300x300.jpg",300,300,true],"woocommerce_single":["https:\/\/varietieseym.com.uy\/wp-content\/uploads\/2026\/02\/oleo-melaleuca2.jpg",582,594,false],"woocommerce_gallery_thumbnail":["https:\/\/varietieseym.com.uy\/wp-content\/uploads\/2026\/02\/oleo-melaleuca2-100x100.jpg",100,100,true]},"uagb_author_info":{"display_name":"Varietieseym","author_link":"https:\/\/varietieseym.com.uy\/index.php\/author\/"},"uagb_comment_info":0,"uagb_excerpt":"DESCRIPCI\u00d3N DEL PRODUCTO: El aceite de \u00e1rbol de t\u00e9 Rep\u00f3s est\u00e1 indicado para proteger y ayudar en el tratamiento de hongos y micosis.\u00a0 MODO DE EMPLEO: Aplicar con pincel sobre las u\u00f1as. Para obtener resultados efectivos, usar diariamente durante 2 meses o seg\u00fan sea necesario.","_links":{"self":[{"href":"https:\/\/varietieseym.com.uy\/index.php\/wp-json\/wp\/v2\/product\/10450","targetHints":{"allow":["GET"]}}],"collection":[{"href":"https:\/\/varietieseym.com.uy\/index.php\/wp-json\/wp\/v2\/product"}],"about":[{"href":"https:\/\/varietieseym.com.uy\/index.php\/wp-json\/wp\/v2\/types\/product"}],"wp:featuredmedia":[{"embeddable":true,"href":"https:\/\/varietieseym.com.uy\/index.php\/wp-json\/wp\/v2\/media\/10451"}],"wp:attachment":[{"href":"https:\/\/varietieseym.com.uy\/index.php\/wp-json\/wp\/v2\/media?parent=10450"}],"wp:term":[{"taxonomy":"product_brand","embeddable":true,"href":"https:\/\/varietieseym.com.uy\/index.php\/wp-json\/wp\/v2\/product_brand?post=10450"},{"taxonomy":"product_cat","embeddable":true,"href":"https:\/\/varietieseym.com.uy\/index.php\/wp-json\/wp\/v2\/product_cat?post=10450"},{"taxonomy":"product_tag","embeddable":true,"href":"https:\/\/varietieseym.com.uy\/index.php\/wp-json\/wp\/v2\/product_tag?post=10450"}],"curies":[{"name":"wp","href":"https:\/\/api.w.org\/{rel}","templated":true}]}}