{"id":10486,"date":"2026-02-19T17:35:30","date_gmt":"2026-02-19T20:35:30","guid":{"rendered":"https:\/\/varietieseym.com.uy\/?post_type=product&#038;p=10486"},"modified":"2026-02-19T17:35:31","modified_gmt":"2026-02-19T20:35:31","slug":"base-fortalecedora-de-unas-con-keratina-y-calcio","status":"publish","type":"product","link":"https:\/\/varietieseym.com.uy\/index.php\/producto\/base-fortalecedora-de-unas-con-keratina-y-calcio\/","title":{"rendered":"Base Fortalecedora de U\u00f1as con Keratina y Calcio"},"content":{"rendered":"<p>La Base Fortalecedora de U\u00f1as Repos es un complejo vitam\u00ednico ideal para u\u00f1as d\u00e9biles.<\/p>\n<p>Previene la rotura y favorece su crecimiento y fortalecimiento.<\/p>\n<p>Su f\u00f3rmula tambi\u00e9n contiene queratina, calcio y formaldeh\u00eddo.<\/p>\n<p>&nbsp;<\/p>\n<p>&nbsp;<\/p>\n<p>&nbsp;<\/p>\n","protected":false},"excerpt":{"rendered":"<p>La Base Fortalecedora de U\u00f1as Repos es un complejo vitam\u00ednico ideal para u\u00f1as d\u00e9biles. Previene la rotura y favorece su crecimiento y fortalecimiento. Su f\u00f3rmula tambi\u00e9n contiene queratina, calcio y formaldeh\u00eddo. &nbsp; &nbsp; &nbsp;<\/p>\n","protected":false},"featured_media":10487,"template":"","meta":{"_uag_custom_page_level_css":"","site-sidebar-layout":"default","site-content-layout":"","ast-site-content-layout":"default","site-content-style":"default","site-sidebar-style":"default","ast-global-header-display":"","ast-banner-title-visibility":"","ast-main-header-display":"","ast-hfb-above-header-display":"","ast-hfb-below-header-display":"","ast-hfb-mobile-header-display":"","site-post-title":"","ast-breadcrumbs-content":"","ast-featured-img":"","footer-sml-layout":"","theme-transparent-header-meta":"default","adv-header-id-meta":"","stick-header-meta":"","header-above-stick-meta":"","header-main-stick-meta":"","header-below-stick-meta":"","astra-migrate-meta-layouts":"set","_joinchat":[]},"product_brand":[],"product_cat":[151,197,131],"product_tag":[],"class_list":{"0":"post-10486","1":"product","2":"type-product","3":"status-publish","4":"has-post-thumbnail","6":"product_cat-accesorios","7":"product_cat-preparadores","8":"product_cat-unas","9":"desktop-align-center","10":"tablet-align-left","11":"mobile-align-left","13":"first","14":"instock","15":"shipping-taxable","16":"purchasable","17":"product-type-simple"},"uagb_featured_image_src":{"full":["https:\/\/varietieseym.com.uy\/wp-content\/uploads\/2026\/02\/base-bomb.jpg",571,622,false],"thumbnail":["https:\/\/varietieseym.com.uy\/wp-content\/uploads\/2026\/02\/base-bomb-150x150.jpg",150,150,true],"medium":["https:\/\/varietieseym.com.uy\/wp-content\/uploads\/2026\/02\/base-bomb-275x300.jpg",275,300,true],"medium_large":["https:\/\/varietieseym.com.uy\/wp-content\/uploads\/2026\/02\/base-bomb.jpg",571,622,false],"large":["https:\/\/varietieseym.com.uy\/wp-content\/uploads\/2026\/02\/base-bomb.jpg",571,622,false],"1536x1536":["https:\/\/varietieseym.com.uy\/wp-content\/uploads\/2026\/02\/base-bomb.jpg",571,622,false],"2048x2048":["https:\/\/varietieseym.com.uy\/wp-content\/uploads\/2026\/02\/base-bomb.jpg",571,622,false],"woocommerce_thumbnail":["https:\/\/varietieseym.com.uy\/wp-content\/uploads\/2026\/02\/base-bomb-300x300.jpg",300,300,true],"woocommerce_single":["https:\/\/varietieseym.com.uy\/wp-content\/uploads\/2026\/02\/base-bomb.jpg",571,622,false],"woocommerce_gallery_thumbnail":["https:\/\/varietieseym.com.uy\/wp-content\/uploads\/2026\/02\/base-bomb-100x100.jpg",100,100,true]},"uagb_author_info":{"display_name":"Varietieseym","author_link":"https:\/\/varietieseym.com.uy\/index.php\/author\/"},"uagb_comment_info":0,"uagb_excerpt":"La Base Fortalecedora de U\u00f1as Repos es un complejo vitam\u00ednico ideal para u\u00f1as d\u00e9biles. Previene la rotura y favorece su crecimiento y fortalecimiento. Su f\u00f3rmula tambi\u00e9n contiene queratina, calcio y formaldeh\u00eddo. &nbsp; &nbsp; &nbsp;","_links":{"self":[{"href":"https:\/\/varietieseym.com.uy\/index.php\/wp-json\/wp\/v2\/product\/10486","targetHints":{"allow":["GET"]}}],"collection":[{"href":"https:\/\/varietieseym.com.uy\/index.php\/wp-json\/wp\/v2\/product"}],"about":[{"href":"https:\/\/varietieseym.com.uy\/index.php\/wp-json\/wp\/v2\/types\/product"}],"wp:featuredmedia":[{"embeddable":true,"href":"https:\/\/varietieseym.com.uy\/index.php\/wp-json\/wp\/v2\/media\/10487"}],"wp:attachment":[{"href":"https:\/\/varietieseym.com.uy\/index.php\/wp-json\/wp\/v2\/media?parent=10486"}],"wp:term":[{"taxonomy":"product_brand","embeddable":true,"href":"https:\/\/varietieseym.com.uy\/index.php\/wp-json\/wp\/v2\/product_brand?post=10486"},{"taxonomy":"product_cat","embeddable":true,"href":"https:\/\/varietieseym.com.uy\/index.php\/wp-json\/wp\/v2\/product_cat?post=10486"},{"taxonomy":"product_tag","embeddable":true,"href":"https:\/\/varietieseym.com.uy\/index.php\/wp-json\/wp\/v2\/product_tag?post=10486"}],"curies":[{"name":"wp","href":"https:\/\/api.w.org\/{rel}","templated":true}]}}