{"id":10870,"date":"2026-03-31T17:22:23","date_gmt":"2026-03-31T20:22:23","guid":{"rendered":"https:\/\/varietieseym.com.uy\/?post_type=product&#038;p=10870"},"modified":"2026-03-31T17:22:29","modified_gmt":"2026-03-31T20:22:29","slug":"serum-facial-vitamina-c","status":"publish","type":"product","link":"https:\/\/varietieseym.com.uy\/index.php\/producto\/serum-facial-vitamina-c\/","title":{"rendered":"Serum facial Vitamina C"},"content":{"rendered":"<p><span dir=\"auto\">\u2714\ufe0f\u00a0<\/span><strong data-start=\"850\" data-end=\"873\"><span dir=\"auto\">F\u00f3rmula iluminadora<\/span><\/strong><span dir=\"auto\">\u00a0: enriquecida con vitamina C para aclarar manchas oscuras y pigmentaci\u00f3n \ud83c\udf1e<\/span><br data-start=\"938\" data-end=\"941\" \/><span dir=\"auto\">\u2714\ufe0f\u00a0<\/span><strong data-start=\"944\" data-end=\"967\"><span dir=\"auto\">Beneficios antienvejecimiento<\/span><\/strong><span dir=\"auto\">\u00a0: reduce l\u00edneas finas, arrugas en la frente y flacidez de la piel \ud83d\udc69\ud83e\uddb3<\/span><br data-start=\"1027\" data-end=\"1030\" \/><span dir=\"auto\">\u2714\ufe0f\u00a0<\/span><strong data-start=\"1033\" data-end=\"1051\"><span dir=\"auto\">Hidrataci\u00f3n profunda<\/span><\/strong><span dir=\"auto\">\u00a0: contiene \u00e1cido hialur\u00f3nico para una hidrataci\u00f3n intensa \ud83d\udca7<\/span><br data-start=\"1102\" data-end=\"1105\" \/><span dir=\"auto\">\u2714\ufe0f\u00a0<\/span><strong data-start=\"1108\" data-end=\"1135\"><span dir=\"auto\">Protecci\u00f3n duradera<\/span><\/strong><span dir=\"auto\">\u00a0: 30 horas de hidrataci\u00f3n y protecci\u00f3n para la piel \ud83d\udd52<\/span><br data-start=\"1172\" data-end=\"1175\" \/><span dir=\"auto\">\u2714\ufe0f\u00a0<\/span><strong data-start=\"1178\" data-end=\"1211\"><span dir=\"auto\">Tecnolog\u00eda de nanoencapsulaci\u00f3n<\/span><\/strong><span dir=\"auto\">\u00a0: permite una mejor absorci\u00f3n en la piel \ud83c\udf3f<\/span><br data-start=\"1251\" data-end=\"1254\" \/><span dir=\"auto\">\u2714\ufe0f\u00a0<\/span><strong data-start=\"1257\" data-end=\"1273\"><span dir=\"auto\">Cuidado durante todo el d\u00eda<\/span><\/strong><span dir=\"auto\">\u00a0: apto para uso diurno y nocturno \ud83c\udf19\u2600\ufe0f<\/span><\/p>\n<h2 data-start=\"2086\" data-end=\"2139\"><span dir=\"auto\">\u00bfPor qu\u00e9 elegir el s\u00e9rum facial de vitamina C de Huda Beauty?<\/span><\/h2>\n<ul>\n<li><span dir=\"auto\"><strong data-start=\"2162\" data-end=\"2198\">\u2705 Efectos iluminadores y antienvejecimiento<\/strong>\u00a0cl\u00ednicamente probados<\/span><\/li>\n<li><span dir=\"auto\">\u2705 Hidrataci\u00f3n extra con\u00a0<\/span><strong data-start=\"2226\" data-end=\"2245\"><span dir=\"auto\">\u00e1cido hialur\u00f3nico<\/span><\/strong><\/li>\n<li><span dir=\"auto\">\u2705 F\u00f3rmula segura y no irritante (sin qu\u00edmicos agresivos)<\/span><\/li>\n<li><span dir=\"auto\">\u2705 Marca de confianza en cuidado de la piel y belleza \ud83d\udc84<\/span><\/li>\n<\/ul>\n<p>&nbsp;<\/p>\n","protected":false},"excerpt":{"rendered":"<p>\u2714\ufe0f\u00a0F\u00f3rmula iluminadora\u00a0: enriquecida con vitamina C para aclarar manchas oscuras y pigmentaci\u00f3n \ud83c\udf1e\u2714\ufe0f\u00a0Beneficios antienvejecimiento\u00a0: reduce l\u00edneas finas, arrugas en la frente y flacidez de la piel \ud83d\udc69\ud83e\uddb3\u2714\ufe0f\u00a0Hidrataci\u00f3n profunda\u00a0: contiene \u00e1cido hialur\u00f3nico para una hidrataci\u00f3n intensa \ud83d\udca7\u2714\ufe0f\u00a0Protecci\u00f3n duradera\u00a0: 30 horas de hidrataci\u00f3n y protecci\u00f3n para la piel \ud83d\udd52\u2714\ufe0f\u00a0Tecnolog\u00eda de nanoencapsulaci\u00f3n\u00a0: permite una mejor absorci\u00f3n en la &hellip;<\/p>\n<p class=\"read-more\"> <a class=\"\" href=\"https:\/\/varietieseym.com.uy\/index.php\/producto\/serum-facial-vitamina-c\/\"> <span class=\"screen-reader-text\">Serum facial Vitamina C<\/span> Leer m\u00e1s &raquo;<\/a><\/p>\n","protected":false},"featured_media":10871,"template":"","meta":{"_uag_custom_page_level_css":"","site-sidebar-layout":"default","site-content-layout":"","ast-site-content-layout":"default","site-content-style":"default","site-sidebar-style":"default","ast-global-header-display":"","ast-banner-title-visibility":"","ast-main-header-display":"","ast-hfb-above-header-display":"","ast-hfb-below-header-display":"","ast-hfb-mobile-header-display":"","site-post-title":"","ast-breadcrumbs-content":"","ast-featured-img":"","footer-sml-layout":"","theme-transparent-header-meta":"default","adv-header-id-meta":"","stick-header-meta":"","header-above-stick-meta":"","header-main-stick-meta":"","header-below-stick-meta":"","astra-migrate-meta-layouts":"set","_joinchat":[]},"product_brand":[],"product_cat":[250,248,144],"product_tag":[],"class_list":{"0":"post-10870","1":"product","2":"type-product","3":"status-publish","4":"has-post-thumbnail","6":"product_cat-hidratantes","7":"product_cat-serum","8":"product_cat-skincare","9":"desktop-align-center","10":"tablet-align-left","11":"mobile-align-left","13":"first","14":"instock","15":"shipping-taxable","16":"purchasable","17":"product-type-simple"},"uagb_featured_image_src":{"full":["https:\/\/varietieseym.com.uy\/wp-content\/uploads\/2026\/03\/serum_vit_C_huda_-removebg-preview.png",488,511,false],"thumbnail":["https:\/\/varietieseym.com.uy\/wp-content\/uploads\/2026\/03\/serum_vit_C_huda_-removebg-preview-150x150.png",150,150,true],"medium":["https:\/\/varietieseym.com.uy\/wp-content\/uploads\/2026\/03\/serum_vit_C_huda_-removebg-preview-286x300.png",286,300,true],"medium_large":["https:\/\/varietieseym.com.uy\/wp-content\/uploads\/2026\/03\/serum_vit_C_huda_-removebg-preview.png",488,511,false],"large":["https:\/\/varietieseym.com.uy\/wp-content\/uploads\/2026\/03\/serum_vit_C_huda_-removebg-preview.png",488,511,false],"1536x1536":["https:\/\/varietieseym.com.uy\/wp-content\/uploads\/2026\/03\/serum_vit_C_huda_-removebg-preview.png",488,511,false],"2048x2048":["https:\/\/varietieseym.com.uy\/wp-content\/uploads\/2026\/03\/serum_vit_C_huda_-removebg-preview.png",488,511,false],"woocommerce_thumbnail":["https:\/\/varietieseym.com.uy\/wp-content\/uploads\/2026\/03\/serum_vit_C_huda_-removebg-preview-300x300.png",300,300,true],"woocommerce_single":["https:\/\/varietieseym.com.uy\/wp-content\/uploads\/2026\/03\/serum_vit_C_huda_-removebg-preview.png",488,511,false],"woocommerce_gallery_thumbnail":["https:\/\/varietieseym.com.uy\/wp-content\/uploads\/2026\/03\/serum_vit_C_huda_-removebg-preview-100x100.png",100,100,true]},"uagb_author_info":{"display_name":"Varietieseym","author_link":"https:\/\/varietieseym.com.uy\/index.php\/author\/"},"uagb_comment_info":0,"uagb_excerpt":"\u2714\ufe0f\u00a0F\u00f3rmula iluminadora\u00a0: enriquecida con vitamina C para aclarar manchas oscuras y pigmentaci\u00f3n \ud83c\udf1e\u2714\ufe0f\u00a0Beneficios antienvejecimiento\u00a0: reduce l\u00edneas finas, arrugas en la frente y flacidez de la piel \ud83d\udc69\ud83e\uddb3\u2714\ufe0f\u00a0Hidrataci\u00f3n profunda\u00a0: contiene \u00e1cido hialur\u00f3nico para una hidrataci\u00f3n intensa \ud83d\udca7\u2714\ufe0f\u00a0Protecci\u00f3n duradera\u00a0: 30 horas de hidrataci\u00f3n y protecci\u00f3n para la piel \ud83d\udd52\u2714\ufe0f\u00a0Tecnolog\u00eda de nanoencapsulaci\u00f3n\u00a0: permite una mejor absorci\u00f3n en la&hellip;","_links":{"self":[{"href":"https:\/\/varietieseym.com.uy\/index.php\/wp-json\/wp\/v2\/product\/10870","targetHints":{"allow":["GET"]}}],"collection":[{"href":"https:\/\/varietieseym.com.uy\/index.php\/wp-json\/wp\/v2\/product"}],"about":[{"href":"https:\/\/varietieseym.com.uy\/index.php\/wp-json\/wp\/v2\/types\/product"}],"wp:featuredmedia":[{"embeddable":true,"href":"https:\/\/varietieseym.com.uy\/index.php\/wp-json\/wp\/v2\/media\/10871"}],"wp:attachment":[{"href":"https:\/\/varietieseym.com.uy\/index.php\/wp-json\/wp\/v2\/media?parent=10870"}],"wp:term":[{"taxonomy":"product_brand","embeddable":true,"href":"https:\/\/varietieseym.com.uy\/index.php\/wp-json\/wp\/v2\/product_brand?post=10870"},{"taxonomy":"product_cat","embeddable":true,"href":"https:\/\/varietieseym.com.uy\/index.php\/wp-json\/wp\/v2\/product_cat?post=10870"},{"taxonomy":"product_tag","embeddable":true,"href":"https:\/\/varietieseym.com.uy\/index.php\/wp-json\/wp\/v2\/product_tag?post=10870"}],"curies":[{"name":"wp","href":"https:\/\/api.w.org\/{rel}","templated":true}]}}