{"id":10873,"date":"2026-03-31T17:42:08","date_gmt":"2026-03-31T20:42:08","guid":{"rendered":"https:\/\/varietieseym.com.uy\/?post_type=product&#038;p=10873"},"modified":"2026-03-31T18:00:59","modified_gmt":"2026-03-31T21:00:59","slug":"crema-facial-vitamina-c-dia","status":"publish","type":"product","link":"https:\/\/varietieseym.com.uy\/index.php\/producto\/crema-facial-vitamina-c-dia\/","title":{"rendered":"Crema facial Vitamina C D\u00eda"},"content":{"rendered":"<p>KORMESIC Vitamin C \u2013 Crema de D\u00eda Iluminadora<br \/>\nAporta luminosidad y un tono m\u00e1s uniforme. Con acci\u00f3n antioxidante e hidratante para una piel fresca, suave y radiante durante el d\u00eda.<\/p>\n","protected":false},"excerpt":{"rendered":"<p>KORMESIC Vitamin C \u2013 Crema de D\u00eda Iluminadora Aporta luminosidad y un tono m\u00e1s uniforme. Con acci\u00f3n antioxidante e hidratante para una piel fresca, suave y radiante durante el d\u00eda.<\/p>\n","protected":false},"featured_media":10875,"template":"","meta":{"_uag_custom_page_level_css":"","site-sidebar-layout":"default","site-content-layout":"","ast-site-content-layout":"default","site-content-style":"default","site-sidebar-style":"default","ast-global-header-display":"","ast-banner-title-visibility":"","ast-main-header-display":"","ast-hfb-above-header-display":"","ast-hfb-below-header-display":"","ast-hfb-mobile-header-display":"","site-post-title":"","ast-breadcrumbs-content":"","ast-featured-img":"","footer-sml-layout":"","theme-transparent-header-meta":"default","adv-header-id-meta":"","stick-header-meta":"","header-above-stick-meta":"","header-main-stick-meta":"","header-below-stick-meta":"","astra-migrate-meta-layouts":"set","_joinchat":[]},"product_brand":[],"product_cat":[250,144],"product_tag":[],"class_list":{"0":"post-10873","1":"product","2":"type-product","3":"status-publish","4":"has-post-thumbnail","6":"product_cat-hidratantes","7":"product_cat-skincare","8":"desktop-align-center","9":"tablet-align-left","10":"mobile-align-left","12":"first","13":"instock","14":"shipping-taxable","15":"purchasable","16":"product-type-simple"},"uagb_featured_image_src":{"full":["https:\/\/varietieseym.com.uy\/wp-content\/uploads\/2026\/03\/crema-vit-C-kormesic1.jpg",619,536,false],"thumbnail":["https:\/\/varietieseym.com.uy\/wp-content\/uploads\/2026\/03\/crema-vit-C-kormesic1-150x150.jpg",150,150,true],"medium":["https:\/\/varietieseym.com.uy\/wp-content\/uploads\/2026\/03\/crema-vit-C-kormesic1-300x260.jpg",300,260,true],"medium_large":["https:\/\/varietieseym.com.uy\/wp-content\/uploads\/2026\/03\/crema-vit-C-kormesic1.jpg",619,536,false],"large":["https:\/\/varietieseym.com.uy\/wp-content\/uploads\/2026\/03\/crema-vit-C-kormesic1.jpg",619,536,false],"1536x1536":["https:\/\/varietieseym.com.uy\/wp-content\/uploads\/2026\/03\/crema-vit-C-kormesic1.jpg",619,536,false],"2048x2048":["https:\/\/varietieseym.com.uy\/wp-content\/uploads\/2026\/03\/crema-vit-C-kormesic1.jpg",619,536,false],"woocommerce_thumbnail":["https:\/\/varietieseym.com.uy\/wp-content\/uploads\/2026\/03\/crema-vit-C-kormesic1-300x300.jpg",300,300,true],"woocommerce_single":["https:\/\/varietieseym.com.uy\/wp-content\/uploads\/2026\/03\/crema-vit-C-kormesic1-600x520.jpg",600,520,true],"woocommerce_gallery_thumbnail":["https:\/\/varietieseym.com.uy\/wp-content\/uploads\/2026\/03\/crema-vit-C-kormesic1-100x100.jpg",100,100,true]},"uagb_author_info":{"display_name":"Varietieseym","author_link":"https:\/\/varietieseym.com.uy\/index.php\/author\/"},"uagb_comment_info":0,"uagb_excerpt":"KORMESIC Vitamin C \u2013 Crema de D\u00eda Iluminadora Aporta luminosidad y un tono m\u00e1s uniforme. Con acci\u00f3n antioxidante e hidratante para una piel fresca, suave y radiante durante el d\u00eda.","_links":{"self":[{"href":"https:\/\/varietieseym.com.uy\/index.php\/wp-json\/wp\/v2\/product\/10873","targetHints":{"allow":["GET"]}}],"collection":[{"href":"https:\/\/varietieseym.com.uy\/index.php\/wp-json\/wp\/v2\/product"}],"about":[{"href":"https:\/\/varietieseym.com.uy\/index.php\/wp-json\/wp\/v2\/types\/product"}],"wp:featuredmedia":[{"embeddable":true,"href":"https:\/\/varietieseym.com.uy\/index.php\/wp-json\/wp\/v2\/media\/10875"}],"wp:attachment":[{"href":"https:\/\/varietieseym.com.uy\/index.php\/wp-json\/wp\/v2\/media?parent=10873"}],"wp:term":[{"taxonomy":"product_brand","embeddable":true,"href":"https:\/\/varietieseym.com.uy\/index.php\/wp-json\/wp\/v2\/product_brand?post=10873"},{"taxonomy":"product_cat","embeddable":true,"href":"https:\/\/varietieseym.com.uy\/index.php\/wp-json\/wp\/v2\/product_cat?post=10873"},{"taxonomy":"product_tag","embeddable":true,"href":"https:\/\/varietieseym.com.uy\/index.php\/wp-json\/wp\/v2\/product_tag?post=10873"}],"curies":[{"name":"wp","href":"https:\/\/api.w.org\/{rel}","templated":true}]}}