{"id":10876,"date":"2026-03-31T18:00:08","date_gmt":"2026-03-31T21:00:08","guid":{"rendered":"https:\/\/varietieseym.com.uy\/?post_type=product&#038;p=10876"},"modified":"2026-03-31T18:00:14","modified_gmt":"2026-03-31T21:00:14","slug":"crema-noche-vitamina-a-anti-edad","status":"publish","type":"product","link":"https:\/\/varietieseym.com.uy\/index.php\/producto\/crema-noche-vitamina-a-anti-edad\/","title":{"rendered":"Crema Noche Vitamina A Anti Edad"},"content":{"rendered":"<p>KORMESIC Vitamin A \u2013 Crema de Noche Anti-Age<br \/>\nAyuda a reducir l\u00edneas finas y signos de cansancio mientras dorm\u00eds. Hidrata, repara y deja la piel m\u00e1s firme y renovada al despertar.<\/p>\n","protected":false},"excerpt":{"rendered":"<p>KORMESIC Vitamin A \u2013 Crema de Noche Anti-Age Ayuda a reducir l\u00edneas finas y signos de cansancio mientras dorm\u00eds. Hidrata, repara y deja la piel m\u00e1s firme y renovada al despertar.<\/p>\n","protected":false},"featured_media":10879,"template":"","meta":{"_uag_custom_page_level_css":"","site-sidebar-layout":"default","site-content-layout":"","ast-site-content-layout":"default","site-content-style":"default","site-sidebar-style":"default","ast-global-header-display":"","ast-banner-title-visibility":"","ast-main-header-display":"","ast-hfb-above-header-display":"","ast-hfb-below-header-display":"","ast-hfb-mobile-header-display":"","site-post-title":"","ast-breadcrumbs-content":"","ast-featured-img":"","footer-sml-layout":"","theme-transparent-header-meta":"default","adv-header-id-meta":"","stick-header-meta":"","header-above-stick-meta":"","header-main-stick-meta":"","header-below-stick-meta":"","astra-migrate-meta-layouts":"set","_joinchat":[]},"product_brand":[],"product_cat":[250,251,144],"product_tag":[],"class_list":{"0":"post-10876","1":"product","2":"type-product","3":"status-publish","4":"has-post-thumbnail","6":"product_cat-hidratantes","7":"product_cat-otros-skincare","8":"product_cat-skincare","9":"desktop-align-center","10":"tablet-align-left","11":"mobile-align-left","13":"first","14":"instock","15":"shipping-taxable","16":"purchasable","17":"product-type-simple"},"uagb_featured_image_src":{"full":["https:\/\/varietieseym.com.uy\/wp-content\/uploads\/2026\/03\/crema-vit-A-kormesic.jpg",613,592,false],"thumbnail":["https:\/\/varietieseym.com.uy\/wp-content\/uploads\/2026\/03\/crema-vit-A-kormesic-150x150.jpg",150,150,true],"medium":["https:\/\/varietieseym.com.uy\/wp-content\/uploads\/2026\/03\/crema-vit-A-kormesic-300x290.jpg",300,290,true],"medium_large":["https:\/\/varietieseym.com.uy\/wp-content\/uploads\/2026\/03\/crema-vit-A-kormesic.jpg",613,592,false],"large":["https:\/\/varietieseym.com.uy\/wp-content\/uploads\/2026\/03\/crema-vit-A-kormesic.jpg",613,592,false],"1536x1536":["https:\/\/varietieseym.com.uy\/wp-content\/uploads\/2026\/03\/crema-vit-A-kormesic.jpg",613,592,false],"2048x2048":["https:\/\/varietieseym.com.uy\/wp-content\/uploads\/2026\/03\/crema-vit-A-kormesic.jpg",613,592,false],"woocommerce_thumbnail":["https:\/\/varietieseym.com.uy\/wp-content\/uploads\/2026\/03\/crema-vit-A-kormesic-300x300.jpg",300,300,true],"woocommerce_single":["https:\/\/varietieseym.com.uy\/wp-content\/uploads\/2026\/03\/crema-vit-A-kormesic-600x579.jpg",600,579,true],"woocommerce_gallery_thumbnail":["https:\/\/varietieseym.com.uy\/wp-content\/uploads\/2026\/03\/crema-vit-A-kormesic-100x100.jpg",100,100,true]},"uagb_author_info":{"display_name":"Varietieseym","author_link":"https:\/\/varietieseym.com.uy\/index.php\/author\/"},"uagb_comment_info":0,"uagb_excerpt":"KORMESIC Vitamin A \u2013 Crema de Noche Anti-Age Ayuda a reducir l\u00edneas finas y signos de cansancio mientras dorm\u00eds. Hidrata, repara y deja la piel m\u00e1s firme y renovada al despertar.","_links":{"self":[{"href":"https:\/\/varietieseym.com.uy\/index.php\/wp-json\/wp\/v2\/product\/10876","targetHints":{"allow":["GET"]}}],"collection":[{"href":"https:\/\/varietieseym.com.uy\/index.php\/wp-json\/wp\/v2\/product"}],"about":[{"href":"https:\/\/varietieseym.com.uy\/index.php\/wp-json\/wp\/v2\/types\/product"}],"wp:featuredmedia":[{"embeddable":true,"href":"https:\/\/varietieseym.com.uy\/index.php\/wp-json\/wp\/v2\/media\/10879"}],"wp:attachment":[{"href":"https:\/\/varietieseym.com.uy\/index.php\/wp-json\/wp\/v2\/media?parent=10876"}],"wp:term":[{"taxonomy":"product_brand","embeddable":true,"href":"https:\/\/varietieseym.com.uy\/index.php\/wp-json\/wp\/v2\/product_brand?post=10876"},{"taxonomy":"product_cat","embeddable":true,"href":"https:\/\/varietieseym.com.uy\/index.php\/wp-json\/wp\/v2\/product_cat?post=10876"},{"taxonomy":"product_tag","embeddable":true,"href":"https:\/\/varietieseym.com.uy\/index.php\/wp-json\/wp\/v2\/product_tag?post=10876"}],"curies":[{"name":"wp","href":"https:\/\/api.w.org\/{rel}","templated":true}]}}