{"id":10901,"date":"2026-04-03T00:00:24","date_gmt":"2026-04-03T03:00:24","guid":{"rendered":"https:\/\/varietieseym.com.uy\/?post_type=product&#038;p=10901"},"modified":"2026-04-03T00:00:30","modified_gmt":"2026-04-03T03:00:30","slug":"mascarilla-capilar-colageno-karseell-500ml","status":"publish","type":"product","link":"https:\/\/varietieseym.com.uy\/index.php\/producto\/mascarilla-capilar-colageno-karseell-500ml\/","title":{"rendered":"Mascarilla Capilar Colageno Karseell 500ML"},"content":{"rendered":"<p><span dir=\"auto\">La mascarilla capilar de col\u00e1geno de Karseell contiene una rara esencia de maca integrada con la tecnolog\u00eda de evaporaci\u00f3n y penetraci\u00f3n de col\u00e1geno activo de Karseell.<\/span><\/p>\n<p><span dir=\"auto\">Puede proporcionar una energ\u00eda de activaci\u00f3n m\u00e1gica al cabello da\u00f1ado, desde las herramientas de peinado hasta las puntas, reparando las fibras capilares y rellenando las cavidades del cabello, dej\u00e1ndolo hidratado, manejable, suave y brillante.<\/span><\/p>\n<p><span dir=\"auto\">Contiene col\u00e1geno, aceite de arg\u00e1n, maca y hierbas naturales para reparar en profundidad el cabello seco y da\u00f1ado.<\/span><\/p>\n<p><span dir=\"auto\">Penetra en el cabello para proporcionar una hidrataci\u00f3n intensa, dej\u00e1ndolo suave y brillante.<\/span><\/p>\n<p><span dir=\"auto\">Apto para todo tipo de cabello, incluido el cabello te\u00f1ido y el cabello tratado qu\u00edmicamente.<\/span><\/p>\n<p><span dir=\"auto\">F\u00f3rmula sin parabenos ni sulfatos que nutre el cabello sin apelmazarlo.<\/span><\/p>\n<p><span dir=\"auto\">El envase de recarga de 500 ml ofrece un tratamiento acondicionador de larga duraci\u00f3n.<\/span><\/p>\n","protected":false},"excerpt":{"rendered":"<p>La mascarilla capilar de col\u00e1geno de Karseell contiene una rara esencia de maca integrada con la tecnolog\u00eda de evaporaci\u00f3n y penetraci\u00f3n de col\u00e1geno activo de Karseell. Puede proporcionar una energ\u00eda de activaci\u00f3n m\u00e1gica al cabello da\u00f1ado, desde las herramientas de peinado hasta las puntas, reparando las fibras capilares y rellenando las cavidades del cabello, dej\u00e1ndolo &hellip;<\/p>\n<p class=\"read-more\"> <a class=\"\" href=\"https:\/\/varietieseym.com.uy\/index.php\/producto\/mascarilla-capilar-colageno-karseell-500ml\/\"> <span class=\"screen-reader-text\">Mascarilla Capilar Colageno Karseell 500ML<\/span> Leer m\u00e1s &raquo;<\/a><\/p>\n","protected":false},"featured_media":10904,"template":"","meta":{"_uag_custom_page_level_css":"","site-sidebar-layout":"default","site-content-layout":"","ast-site-content-layout":"default","site-content-style":"default","site-sidebar-style":"default","ast-global-header-display":"","ast-banner-title-visibility":"","ast-main-header-display":"","ast-hfb-above-header-display":"","ast-hfb-below-header-display":"","ast-hfb-mobile-header-display":"","site-post-title":"","ast-breadcrumbs-content":"","ast-featured-img":"","footer-sml-layout":"","theme-transparent-header-meta":"default","adv-header-id-meta":"","stick-header-meta":"","header-above-stick-meta":"","header-main-stick-meta":"","header-below-stick-meta":"","astra-migrate-meta-layouts":"set","_joinchat":[]},"product_brand":[],"product_cat":[240,143],"product_tag":[],"class_list":{"0":"post-10901","1":"product","2":"type-product","3":"status-publish","4":"has-post-thumbnail","6":"product_cat-alisados","7":"product_cat-cabello","8":"desktop-align-center","9":"tablet-align-left","10":"mobile-align-left","12":"first","13":"instock","14":"shipping-taxable","15":"purchasable","16":"product-type-simple"},"uagb_featured_image_src":{"full":["https:\/\/varietieseym.com.uy\/wp-content\/uploads\/2026\/04\/karsell.jpg",877,883,false],"thumbnail":["https:\/\/varietieseym.com.uy\/wp-content\/uploads\/2026\/04\/karsell-150x150.jpg",150,150,true],"medium":["https:\/\/varietieseym.com.uy\/wp-content\/uploads\/2026\/04\/karsell-298x300.jpg",298,300,true],"medium_large":["https:\/\/varietieseym.com.uy\/wp-content\/uploads\/2026\/04\/karsell-768x773.jpg",768,773,true],"large":["https:\/\/varietieseym.com.uy\/wp-content\/uploads\/2026\/04\/karsell.jpg",877,883,false],"1536x1536":["https:\/\/varietieseym.com.uy\/wp-content\/uploads\/2026\/04\/karsell.jpg",877,883,false],"2048x2048":["https:\/\/varietieseym.com.uy\/wp-content\/uploads\/2026\/04\/karsell.jpg",877,883,false],"woocommerce_thumbnail":["https:\/\/varietieseym.com.uy\/wp-content\/uploads\/2026\/04\/karsell-300x300.jpg",300,300,true],"woocommerce_single":["https:\/\/varietieseym.com.uy\/wp-content\/uploads\/2026\/04\/karsell-600x604.jpg",600,604,true],"woocommerce_gallery_thumbnail":["https:\/\/varietieseym.com.uy\/wp-content\/uploads\/2026\/04\/karsell-100x100.jpg",100,100,true]},"uagb_author_info":{"display_name":"Varietieseym","author_link":"https:\/\/varietieseym.com.uy\/index.php\/author\/"},"uagb_comment_info":0,"uagb_excerpt":"La mascarilla capilar de col\u00e1geno de Karseell contiene una rara esencia de maca integrada con la tecnolog\u00eda de evaporaci\u00f3n y penetraci\u00f3n de col\u00e1geno activo de Karseell. Puede proporcionar una energ\u00eda de activaci\u00f3n m\u00e1gica al cabello da\u00f1ado, desde las herramientas de peinado hasta las puntas, reparando las fibras capilares y rellenando las cavidades del cabello, dej\u00e1ndolo&hellip;","_links":{"self":[{"href":"https:\/\/varietieseym.com.uy\/index.php\/wp-json\/wp\/v2\/product\/10901","targetHints":{"allow":["GET"]}}],"collection":[{"href":"https:\/\/varietieseym.com.uy\/index.php\/wp-json\/wp\/v2\/product"}],"about":[{"href":"https:\/\/varietieseym.com.uy\/index.php\/wp-json\/wp\/v2\/types\/product"}],"wp:featuredmedia":[{"embeddable":true,"href":"https:\/\/varietieseym.com.uy\/index.php\/wp-json\/wp\/v2\/media\/10904"}],"wp:attachment":[{"href":"https:\/\/varietieseym.com.uy\/index.php\/wp-json\/wp\/v2\/media?parent=10901"}],"wp:term":[{"taxonomy":"product_brand","embeddable":true,"href":"https:\/\/varietieseym.com.uy\/index.php\/wp-json\/wp\/v2\/product_brand?post=10901"},{"taxonomy":"product_cat","embeddable":true,"href":"https:\/\/varietieseym.com.uy\/index.php\/wp-json\/wp\/v2\/product_cat?post=10901"},{"taxonomy":"product_tag","embeddable":true,"href":"https:\/\/varietieseym.com.uy\/index.php\/wp-json\/wp\/v2\/product_tag?post=10901"}],"curies":[{"name":"wp","href":"https:\/\/api.w.org\/{rel}","templated":true}]}}