{"id":10940,"date":"2026-04-03T19:50:23","date_gmt":"2026-04-03T22:50:23","guid":{"rendered":"https:\/\/varietieseym.com.uy\/?post_type=product&#038;p=10940"},"modified":"2026-04-03T19:50:23","modified_gmt":"2026-04-03T22:50:23","slug":"mascarilla-facial-activado-aclarante-de-piel-oro-dexe","status":"publish","type":"product","link":"https:\/\/varietieseym.com.uy\/index.php\/producto\/mascarilla-facial-activado-aclarante-de-piel-oro-dexe\/","title":{"rendered":"Mascarilla Facial Activado Aclarante De Piel Oro Dexe"},"content":{"rendered":"<p>La mascarilla de oro con carb\u00f3n activado de bamb\u00fa es una muy buena opci\u00f3n si lo que buscas es tener una piel mas tersa, clara y saludable.<\/p>\n<p>El tratamiento facial con oro tiene un gran efecto antioxidante, al contener ingredientes activos naturales se vuelve un rejuvenecedor contra las arrugas y marcas en la piel.<\/p>\n<p>BENEFICIOS:<\/p>\n<p>\u2022 Apoya en la reparaci\u00f3n y renovaci\u00f3n de la piel dando firmeza y luminosidad.<\/p>\n<p>\u2022 Aclara y rejuvenece tu piel para el aspecto joven y hermoso que quieres.<\/p>\n<p>\u2022 Ayuda contra las arrugas y manchas de tu piel.<\/p>\n<p>\u2022 Remueve las impurezas de tu piel.<\/p>\n<p>\u2022 Fortalece, matiene suave y terso tu rostro.<\/p>\n<p>MODO DE USO:<\/p>\n<p>&#8211; Limpia tu rostro por completo.<\/p>\n<p>&#8211; Aplica con una ligera capa de la mascarilla de oro con col\u00e1geno en la piel evitando el contacto con los ojos.<\/p>\n<p>&#8211; Deja secar durante 20 minutos sin hacer movimientos bruscos con el rostro.<\/p>\n<p>&#8211; Despu\u00e9s de haber secado retira la mascarilla solo retirando de un extremo.<\/p>\n<p>&#8211; Lava tu cara o l\u00edmpiala con alg\u00fan t\u00f3nico hidratante.<\/p>\n","protected":false},"excerpt":{"rendered":"<p>La mascarilla de oro con carb\u00f3n activado de bamb\u00fa es una muy buena opci\u00f3n si lo que buscas es tener una piel mas tersa, clara y saludable. El tratamiento facial con oro tiene un gran efecto antioxidante, al contener ingredientes activos naturales se vuelve un rejuvenecedor contra las arrugas y marcas en la piel. BENEFICIOS: &hellip;<\/p>\n<p class=\"read-more\"> <a class=\"\" href=\"https:\/\/varietieseym.com.uy\/index.php\/producto\/mascarilla-facial-activado-aclarante-de-piel-oro-dexe\/\"> <span class=\"screen-reader-text\">Mascarilla Facial Activado Aclarante De Piel Oro Dexe<\/span> Leer m\u00e1s &raquo;<\/a><\/p>\n","protected":false},"featured_media":10942,"template":"","meta":{"_uag_custom_page_level_css":"","site-sidebar-layout":"default","site-content-layout":"","ast-site-content-layout":"default","site-content-style":"default","site-sidebar-style":"default","ast-global-header-display":"","ast-banner-title-visibility":"","ast-main-header-display":"","ast-hfb-above-header-display":"","ast-hfb-below-header-display":"","ast-hfb-mobile-header-display":"","site-post-title":"","ast-breadcrumbs-content":"","ast-featured-img":"","footer-sml-layout":"","theme-transparent-header-meta":"default","adv-header-id-meta":"","stick-header-meta":"","header-above-stick-meta":"","header-main-stick-meta":"","header-below-stick-meta":"","astra-migrate-meta-layouts":"set","_joinchat":[]},"product_brand":[],"product_cat":[250,245,144],"product_tag":[],"class_list":{"0":"post-10940","1":"product","2":"type-product","3":"status-publish","4":"has-post-thumbnail","6":"product_cat-hidratantes","7":"product_cat-mascarillas","8":"product_cat-skincare","9":"desktop-align-center","10":"tablet-align-left","11":"mobile-align-left","13":"first","14":"instock","15":"shipping-taxable","16":"purchasable","17":"product-type-simple"},"uagb_featured_image_src":{"full":["https:\/\/varietieseym.com.uy\/wp-content\/uploads\/2026\/04\/mascarilla-gold.jpg",877,874,false],"thumbnail":["https:\/\/varietieseym.com.uy\/wp-content\/uploads\/2026\/04\/mascarilla-gold-150x150.jpg",150,150,true],"medium":["https:\/\/varietieseym.com.uy\/wp-content\/uploads\/2026\/04\/mascarilla-gold-300x300.jpg",300,300,true],"medium_large":["https:\/\/varietieseym.com.uy\/wp-content\/uploads\/2026\/04\/mascarilla-gold-768x765.jpg",768,765,true],"large":["https:\/\/varietieseym.com.uy\/wp-content\/uploads\/2026\/04\/mascarilla-gold.jpg",877,874,false],"1536x1536":["https:\/\/varietieseym.com.uy\/wp-content\/uploads\/2026\/04\/mascarilla-gold.jpg",877,874,false],"2048x2048":["https:\/\/varietieseym.com.uy\/wp-content\/uploads\/2026\/04\/mascarilla-gold.jpg",877,874,false],"woocommerce_thumbnail":["https:\/\/varietieseym.com.uy\/wp-content\/uploads\/2026\/04\/mascarilla-gold-300x300.jpg",300,300,true],"woocommerce_single":["https:\/\/varietieseym.com.uy\/wp-content\/uploads\/2026\/04\/mascarilla-gold-600x598.jpg",600,598,true],"woocommerce_gallery_thumbnail":["https:\/\/varietieseym.com.uy\/wp-content\/uploads\/2026\/04\/mascarilla-gold-100x100.jpg",100,100,true]},"uagb_author_info":{"display_name":"Varietieseym","author_link":"https:\/\/varietieseym.com.uy\/index.php\/author\/"},"uagb_comment_info":0,"uagb_excerpt":"La mascarilla de oro con carb\u00f3n activado de bamb\u00fa es una muy buena opci\u00f3n si lo que buscas es tener una piel mas tersa, clara y saludable. El tratamiento facial con oro tiene un gran efecto antioxidante, al contener ingredientes activos naturales se vuelve un rejuvenecedor contra las arrugas y marcas en la piel. BENEFICIOS:&hellip;","_links":{"self":[{"href":"https:\/\/varietieseym.com.uy\/index.php\/wp-json\/wp\/v2\/product\/10940","targetHints":{"allow":["GET"]}}],"collection":[{"href":"https:\/\/varietieseym.com.uy\/index.php\/wp-json\/wp\/v2\/product"}],"about":[{"href":"https:\/\/varietieseym.com.uy\/index.php\/wp-json\/wp\/v2\/types\/product"}],"wp:featuredmedia":[{"embeddable":true,"href":"https:\/\/varietieseym.com.uy\/index.php\/wp-json\/wp\/v2\/media\/10942"}],"wp:attachment":[{"href":"https:\/\/varietieseym.com.uy\/index.php\/wp-json\/wp\/v2\/media?parent=10940"}],"wp:term":[{"taxonomy":"product_brand","embeddable":true,"href":"https:\/\/varietieseym.com.uy\/index.php\/wp-json\/wp\/v2\/product_brand?post=10940"},{"taxonomy":"product_cat","embeddable":true,"href":"https:\/\/varietieseym.com.uy\/index.php\/wp-json\/wp\/v2\/product_cat?post=10940"},{"taxonomy":"product_tag","embeddable":true,"href":"https:\/\/varietieseym.com.uy\/index.php\/wp-json\/wp\/v2\/product_tag?post=10940"}],"curies":[{"name":"wp","href":"https:\/\/api.w.org\/{rel}","templated":true}]}}