{"id":4665,"date":"2024-04-25T23:16:16","date_gmt":"2024-04-26T02:16:16","guid":{"rendered":"https:\/\/varietieseym.com.uy\/?post_type=product&#038;p=4665"},"modified":"2024-06-11T12:11:08","modified_gmt":"2024-06-11T15:11:08","slug":"alicate-curvo-para-pies-agarre-liso","status":"publish","type":"product","link":"https:\/\/varietieseym.com.uy\/index.php\/producto\/alicate-curvo-para-pies-agarre-liso\/","title":{"rendered":"Alicate curvo para pies agarre liso &#8211; 523348"},"content":{"rendered":"<p>Alicate pedicura\/podolog\u00eda.<br \/>\nHecho de acero quir\u00fargico de alta calidad, lo suficientemente duradero para su uso diario.<br \/>\nEl mango est\u00e1 hecho de resina ABS que es agradable a la piel, flexible y c\u00f3modo de sostener.<br \/>\nPinzas de cut\u00edcula profesionales para Nail Art\/pedicura.<br \/>\nNo tirar\u00e1 ni arrancar\u00e1 al recortar las cut\u00edculas.<br \/>\nPueden cortar las u\u00f1as m\u00e1s duras con el m\u00ednimo esfuerzo.<br \/>\nCon mangos de resina y con un resorte amortiguador, para una mayor comodidad y seguridad.<br \/>\nLa artesan\u00eda elegante y perfecta le ofrece un mejor electrodom\u00e9stico diario.<br \/>\nIdeal para recortar cut\u00edculas y u\u00f1as de los pies.<br \/>\nPerfecto para usar en casa, as\u00ed como spas\/salones.<\/p>\n","protected":false},"excerpt":{"rendered":"<p>Alicate pedicura\/podolog\u00eda. Hecho de acero quir\u00fargico de alta calidad, lo suficientemente duradero para su uso diario. El mango est\u00e1 hecho de resina ABS que es agradable a la piel, flexible y c\u00f3modo de sostener. Pinzas de cut\u00edcula profesionales para Nail Art\/pedicura. No tirar\u00e1 ni arrancar\u00e1 al recortar las cut\u00edculas. Pueden cortar las u\u00f1as m\u00e1s duras &hellip;<\/p>\n<p class=\"read-more\"> <a class=\"\" href=\"https:\/\/varietieseym.com.uy\/index.php\/producto\/alicate-curvo-para-pies-agarre-liso\/\"> <span class=\"screen-reader-text\">Alicate curvo para pies agarre liso &#8211; 523348<\/span> Leer m\u00e1s &raquo;<\/a><\/p>\n","protected":false},"featured_media":4666,"template":"","meta":{"_uag_custom_page_level_css":"","site-sidebar-layout":"default","site-content-layout":"","ast-site-content-layout":"default","site-content-style":"default","site-sidebar-style":"default","ast-global-header-display":"","ast-banner-title-visibility":"","ast-main-header-display":"","ast-hfb-above-header-display":"","ast-hfb-below-header-display":"","ast-hfb-mobile-header-display":"","site-post-title":"","ast-breadcrumbs-content":"","ast-featured-img":"","footer-sml-layout":"","theme-transparent-header-meta":"default","adv-header-id-meta":"","stick-header-meta":"","header-above-stick-meta":"","header-main-stick-meta":"","header-below-stick-meta":"","astra-migrate-meta-layouts":"set","_joinchat":[]},"product_brand":[],"product_cat":[131,132],"product_tag":[],"class_list":{"0":"post-4665","1":"product","2":"type-product","3":"status-publish","4":"has-post-thumbnail","6":"product_cat-unas","7":"product_cat-herramientas","8":"desktop-align-center","9":"tablet-align-left","10":"mobile-align-left","12":"first","13":"instock","14":"shipping-taxable","15":"purchasable","16":"product-type-simple"},"uagb_featured_image_src":{"full":["https:\/\/varietieseym.com.uy\/wp-content\/uploads\/2024\/04\/1Wpee2J0n6RYazaB7As7pO1xvdWqzicgpkxxJ_22xEg.jpg",1000,1000,false],"thumbnail":["https:\/\/varietieseym.com.uy\/wp-content\/uploads\/2024\/04\/1Wpee2J0n6RYazaB7As7pO1xvdWqzicgpkxxJ_22xEg-150x150.jpg",150,150,true],"medium":["https:\/\/varietieseym.com.uy\/wp-content\/uploads\/2024\/04\/1Wpee2J0n6RYazaB7As7pO1xvdWqzicgpkxxJ_22xEg-300x300.jpg",300,300,true],"medium_large":["https:\/\/varietieseym.com.uy\/wp-content\/uploads\/2024\/04\/1Wpee2J0n6RYazaB7As7pO1xvdWqzicgpkxxJ_22xEg-768x768.jpg",768,768,true],"large":["https:\/\/varietieseym.com.uy\/wp-content\/uploads\/2024\/04\/1Wpee2J0n6RYazaB7As7pO1xvdWqzicgpkxxJ_22xEg.jpg",1000,1000,false],"1536x1536":["https:\/\/varietieseym.com.uy\/wp-content\/uploads\/2024\/04\/1Wpee2J0n6RYazaB7As7pO1xvdWqzicgpkxxJ_22xEg.jpg",1000,1000,false],"2048x2048":["https:\/\/varietieseym.com.uy\/wp-content\/uploads\/2024\/04\/1Wpee2J0n6RYazaB7As7pO1xvdWqzicgpkxxJ_22xEg.jpg",1000,1000,false],"woocommerce_thumbnail":["https:\/\/varietieseym.com.uy\/wp-content\/uploads\/2024\/04\/1Wpee2J0n6RYazaB7As7pO1xvdWqzicgpkxxJ_22xEg-300x300.jpg",300,300,true],"woocommerce_single":["https:\/\/varietieseym.com.uy\/wp-content\/uploads\/2024\/04\/1Wpee2J0n6RYazaB7As7pO1xvdWqzicgpkxxJ_22xEg-600x600.jpg",600,600,true],"woocommerce_gallery_thumbnail":["https:\/\/varietieseym.com.uy\/wp-content\/uploads\/2024\/04\/1Wpee2J0n6RYazaB7As7pO1xvdWqzicgpkxxJ_22xEg-100x100.jpg",100,100,true]},"uagb_author_info":{"display_name":"SyF Home","author_link":"https:\/\/varietieseym.com.uy\/index.php\/author\/"},"uagb_comment_info":0,"uagb_excerpt":"Alicate pedicura\/podolog\u00eda. Hecho de acero quir\u00fargico de alta calidad, lo suficientemente duradero para su uso diario. El mango est\u00e1 hecho de resina ABS que es agradable a la piel, flexible y c\u00f3modo de sostener. Pinzas de cut\u00edcula profesionales para Nail Art\/pedicura. No tirar\u00e1 ni arrancar\u00e1 al recortar las cut\u00edculas. Pueden cortar las u\u00f1as m\u00e1s duras&hellip;","_links":{"self":[{"href":"https:\/\/varietieseym.com.uy\/index.php\/wp-json\/wp\/v2\/product\/4665","targetHints":{"allow":["GET"]}}],"collection":[{"href":"https:\/\/varietieseym.com.uy\/index.php\/wp-json\/wp\/v2\/product"}],"about":[{"href":"https:\/\/varietieseym.com.uy\/index.php\/wp-json\/wp\/v2\/types\/product"}],"wp:featuredmedia":[{"embeddable":true,"href":"https:\/\/varietieseym.com.uy\/index.php\/wp-json\/wp\/v2\/media\/4666"}],"wp:attachment":[{"href":"https:\/\/varietieseym.com.uy\/index.php\/wp-json\/wp\/v2\/media?parent=4665"}],"wp:term":[{"taxonomy":"product_brand","embeddable":true,"href":"https:\/\/varietieseym.com.uy\/index.php\/wp-json\/wp\/v2\/product_brand?post=4665"},{"taxonomy":"product_cat","embeddable":true,"href":"https:\/\/varietieseym.com.uy\/index.php\/wp-json\/wp\/v2\/product_cat?post=4665"},{"taxonomy":"product_tag","embeddable":true,"href":"https:\/\/varietieseym.com.uy\/index.php\/wp-json\/wp\/v2\/product_tag?post=4665"}],"curies":[{"name":"wp","href":"https:\/\/api.w.org\/{rel}","templated":true}]}}