{"id":4679,"date":"2024-04-25T23:32:58","date_gmt":"2024-04-26T02:32:58","guid":{"rendered":"https:\/\/varietieseym.com.uy\/?post_type=product&#038;p=4679"},"modified":"2024-06-11T12:10:47","modified_gmt":"2024-06-11T15:10:47","slug":"apoya-manos","status":"publish","type":"product","link":"https:\/\/varietieseym.com.uy\/index.php\/producto\/apoya-manos\/","title":{"rendered":"Apoya manos &#8211; 21"},"content":{"rendered":"<p>Apoya manos suaves, con forro polar para decoraci\u00f3n de u\u00f1a. Almohadilla de descanso de manos lavables.<\/p>\n<p>Caracter\u00edsticas:<br \/>\n1. El forro polar es muy c\u00f3modo;<br \/>\n2. Borde liso, dise\u00f1o ergon\u00f3mico;<br \/>\n3. Cremalleras firmes y se pueden utilizar repetidamente;<br \/>\n4. La esponja es el\u00e1stica y c\u00f3moda;<br \/>\n5. Desmontable, lavable, limpio y ordenado.<\/p>\n<p>Especificaci\u00f3n:<br \/>\nTama\u00f1o: 29 cm x 13 cm 6,5 cm<\/p>\n","protected":false},"excerpt":{"rendered":"<p>Apoya manos suaves, con forro polar para decoraci\u00f3n de u\u00f1a. Almohadilla de descanso de manos lavables. Caracter\u00edsticas: 1. El forro polar es muy c\u00f3modo; 2. Borde liso, dise\u00f1o ergon\u00f3mico; 3. Cremalleras firmes y se pueden utilizar repetidamente; 4. La esponja es el\u00e1stica y c\u00f3moda; 5. Desmontable, lavable, limpio y ordenado. Especificaci\u00f3n: Tama\u00f1o: 29 cm x &hellip;<\/p>\n<p class=\"read-more\"> <a class=\"\" href=\"https:\/\/varietieseym.com.uy\/index.php\/producto\/apoya-manos\/\"> <span class=\"screen-reader-text\">Apoya manos &#8211; 21<\/span> Leer m\u00e1s &raquo;<\/a><\/p>\n","protected":false},"featured_media":4680,"template":"","meta":{"_uag_custom_page_level_css":"","site-sidebar-layout":"default","site-content-layout":"","ast-site-content-layout":"default","site-content-style":"default","site-sidebar-style":"default","ast-global-header-display":"","ast-banner-title-visibility":"","ast-main-header-display":"","ast-hfb-above-header-display":"","ast-hfb-below-header-display":"","ast-hfb-mobile-header-display":"","site-post-title":"","ast-breadcrumbs-content":"","ast-featured-img":"","footer-sml-layout":"","theme-transparent-header-meta":"default","adv-header-id-meta":"","stick-header-meta":"","header-above-stick-meta":"","header-main-stick-meta":"","header-below-stick-meta":"","astra-migrate-meta-layouts":"set","_joinchat":[]},"product_brand":[],"product_cat":[131],"product_tag":[],"class_list":{"0":"post-4679","1":"product","2":"type-product","3":"status-publish","4":"has-post-thumbnail","6":"product_cat-unas","7":"desktop-align-center","8":"tablet-align-left","9":"mobile-align-left","11":"first","12":"instock","13":"shipping-taxable","14":"purchasable","15":"product-type-simple"},"uagb_featured_image_src":{"full":["https:\/\/varietieseym.com.uy\/wp-content\/uploads\/2024\/04\/1paW2QzcZd0F3CN9-k9j7ti60VaNzhYhATiY_FlJtcw.jpg",1080,1017,false],"thumbnail":["https:\/\/varietieseym.com.uy\/wp-content\/uploads\/2024\/04\/1paW2QzcZd0F3CN9-k9j7ti60VaNzhYhATiY_FlJtcw-150x150.jpg",150,150,true],"medium":["https:\/\/varietieseym.com.uy\/wp-content\/uploads\/2024\/04\/1paW2QzcZd0F3CN9-k9j7ti60VaNzhYhATiY_FlJtcw-300x283.jpg",300,283,true],"medium_large":["https:\/\/varietieseym.com.uy\/wp-content\/uploads\/2024\/04\/1paW2QzcZd0F3CN9-k9j7ti60VaNzhYhATiY_FlJtcw-768x723.jpg",768,723,true],"large":["https:\/\/varietieseym.com.uy\/wp-content\/uploads\/2024\/04\/1paW2QzcZd0F3CN9-k9j7ti60VaNzhYhATiY_FlJtcw-1024x964.jpg",1024,964,true],"1536x1536":["https:\/\/varietieseym.com.uy\/wp-content\/uploads\/2024\/04\/1paW2QzcZd0F3CN9-k9j7ti60VaNzhYhATiY_FlJtcw.jpg",1080,1017,false],"2048x2048":["https:\/\/varietieseym.com.uy\/wp-content\/uploads\/2024\/04\/1paW2QzcZd0F3CN9-k9j7ti60VaNzhYhATiY_FlJtcw.jpg",1080,1017,false],"woocommerce_thumbnail":["https:\/\/varietieseym.com.uy\/wp-content\/uploads\/2024\/04\/1paW2QzcZd0F3CN9-k9j7ti60VaNzhYhATiY_FlJtcw-300x300.jpg",300,300,true],"woocommerce_single":["https:\/\/varietieseym.com.uy\/wp-content\/uploads\/2024\/04\/1paW2QzcZd0F3CN9-k9j7ti60VaNzhYhATiY_FlJtcw-600x565.jpg",600,565,true],"woocommerce_gallery_thumbnail":["https:\/\/varietieseym.com.uy\/wp-content\/uploads\/2024\/04\/1paW2QzcZd0F3CN9-k9j7ti60VaNzhYhATiY_FlJtcw-100x100.jpg",100,100,true]},"uagb_author_info":{"display_name":"SyF Home","author_link":"https:\/\/varietieseym.com.uy\/index.php\/author\/"},"uagb_comment_info":0,"uagb_excerpt":"Apoya manos suaves, con forro polar para decoraci\u00f3n de u\u00f1a. Almohadilla de descanso de manos lavables. Caracter\u00edsticas: 1. El forro polar es muy c\u00f3modo; 2. Borde liso, dise\u00f1o ergon\u00f3mico; 3. Cremalleras firmes y se pueden utilizar repetidamente; 4. La esponja es el\u00e1stica y c\u00f3moda; 5. Desmontable, lavable, limpio y ordenado. Especificaci\u00f3n: Tama\u00f1o: 29 cm x&hellip;","_links":{"self":[{"href":"https:\/\/varietieseym.com.uy\/index.php\/wp-json\/wp\/v2\/product\/4679","targetHints":{"allow":["GET"]}}],"collection":[{"href":"https:\/\/varietieseym.com.uy\/index.php\/wp-json\/wp\/v2\/product"}],"about":[{"href":"https:\/\/varietieseym.com.uy\/index.php\/wp-json\/wp\/v2\/types\/product"}],"wp:featuredmedia":[{"embeddable":true,"href":"https:\/\/varietieseym.com.uy\/index.php\/wp-json\/wp\/v2\/media\/4680"}],"wp:attachment":[{"href":"https:\/\/varietieseym.com.uy\/index.php\/wp-json\/wp\/v2\/media?parent=4679"}],"wp:term":[{"taxonomy":"product_brand","embeddable":true,"href":"https:\/\/varietieseym.com.uy\/index.php\/wp-json\/wp\/v2\/product_brand?post=4679"},{"taxonomy":"product_cat","embeddable":true,"href":"https:\/\/varietieseym.com.uy\/index.php\/wp-json\/wp\/v2\/product_cat?post=4679"},{"taxonomy":"product_tag","embeddable":true,"href":"https:\/\/varietieseym.com.uy\/index.php\/wp-json\/wp\/v2\/product_tag?post=4679"}],"curies":[{"name":"wp","href":"https:\/\/api.w.org\/{rel}","templated":true}]}}