{"id":4710,"date":"2024-05-02T15:28:33","date_gmt":"2024-05-02T18:28:33","guid":{"rendered":"https:\/\/varietieseym.com.uy\/?post_type=product&#038;p=4710"},"modified":"2024-05-27T17:48:00","modified_gmt":"2024-05-27T20:48:00","slug":"base-lima-metalica","status":"publish","type":"product","link":"https:\/\/varietieseym.com.uy\/index.php\/producto\/base-lima-metalica\/","title":{"rendered":"Base Lima Metalica &#8211; 8011"},"content":{"rendered":"<p>Base de lima de u\u00f1as de Metal m\u00e1s 2 piezas de repuesto lima negra<br \/>\n*Base de acero inoxidable de doble cara para herramienta de pulido y limado de u\u00f1as<br \/>\n*La base est\u00e1 hecha de material met\u00e1lico lima de u\u00f1as, duradero para un uso prolongado.<br \/>\n*El papel de lija fino es excelente para limar u\u00f1as naturales o artificiales. Adecuado tanto para sal\u00f3n de u\u00f1as profesional como para uso personal.<br \/>\n*Tama\u00f1o adecuado y ligero, conveniente para agarrar y transportar, ahorre espacio.<\/p>\n","protected":false},"excerpt":{"rendered":"<p>Base de lima de u\u00f1as de Metal m\u00e1s 2 piezas de repuesto lima negra *Base de acero inoxidable de doble cara para herramienta de pulido y limado de u\u00f1as *La base est\u00e1 hecha de material met\u00e1lico lima de u\u00f1as, duradero para un uso prolongado. *El papel de lija fino es excelente para limar u\u00f1as naturales &hellip;<\/p>\n<p class=\"read-more\"> <a class=\"\" href=\"https:\/\/varietieseym.com.uy\/index.php\/producto\/base-lima-metalica\/\"> <span class=\"screen-reader-text\">Base Lima Metalica &#8211; 8011<\/span> Leer m\u00e1s &raquo;<\/a><\/p>\n","protected":false},"featured_media":4711,"template":"","meta":{"_uag_custom_page_level_css":"","site-sidebar-layout":"default","site-content-layout":"","ast-site-content-layout":"default","site-content-style":"default","site-sidebar-style":"default","ast-global-header-display":"","ast-banner-title-visibility":"","ast-main-header-display":"","ast-hfb-above-header-display":"","ast-hfb-below-header-display":"","ast-hfb-mobile-header-display":"","site-post-title":"","ast-breadcrumbs-content":"","ast-featured-img":"","footer-sml-layout":"","theme-transparent-header-meta":"default","adv-header-id-meta":"","stick-header-meta":"","header-above-stick-meta":"","header-main-stick-meta":"","header-below-stick-meta":"","astra-migrate-meta-layouts":"set","_joinchat":[]},"product_brand":[],"product_cat":[131,133],"product_tag":[],"class_list":{"0":"post-4710","1":"product","2":"type-product","3":"status-publish","4":"has-post-thumbnail","6":"product_cat-unas","7":"product_cat-limas","8":"desktop-align-center","9":"tablet-align-left","10":"mobile-align-left","12":"first","13":"instock","14":"shipping-taxable","15":"purchasable","16":"product-type-simple"},"uagb_featured_image_src":{"full":["https:\/\/varietieseym.com.uy\/wp-content\/uploads\/2024\/05\/1bTIPdiMCZcZDkYWj_L79-03ATS5fKbjEA8faxwUtVg.webp",658,561,false],"thumbnail":["https:\/\/varietieseym.com.uy\/wp-content\/uploads\/2024\/05\/1bTIPdiMCZcZDkYWj_L79-03ATS5fKbjEA8faxwUtVg-150x150.webp",150,150,true],"medium":["https:\/\/varietieseym.com.uy\/wp-content\/uploads\/2024\/05\/1bTIPdiMCZcZDkYWj_L79-03ATS5fKbjEA8faxwUtVg-300x256.webp",300,256,true],"medium_large":["https:\/\/varietieseym.com.uy\/wp-content\/uploads\/2024\/05\/1bTIPdiMCZcZDkYWj_L79-03ATS5fKbjEA8faxwUtVg.webp",658,561,false],"large":["https:\/\/varietieseym.com.uy\/wp-content\/uploads\/2024\/05\/1bTIPdiMCZcZDkYWj_L79-03ATS5fKbjEA8faxwUtVg.webp",658,561,false],"1536x1536":["https:\/\/varietieseym.com.uy\/wp-content\/uploads\/2024\/05\/1bTIPdiMCZcZDkYWj_L79-03ATS5fKbjEA8faxwUtVg.webp",658,561,false],"2048x2048":["https:\/\/varietieseym.com.uy\/wp-content\/uploads\/2024\/05\/1bTIPdiMCZcZDkYWj_L79-03ATS5fKbjEA8faxwUtVg.webp",658,561,false],"woocommerce_thumbnail":["https:\/\/varietieseym.com.uy\/wp-content\/uploads\/2024\/05\/1bTIPdiMCZcZDkYWj_L79-03ATS5fKbjEA8faxwUtVg-300x300.webp",300,300,true],"woocommerce_single":["https:\/\/varietieseym.com.uy\/wp-content\/uploads\/2024\/05\/1bTIPdiMCZcZDkYWj_L79-03ATS5fKbjEA8faxwUtVg-600x512.webp",600,512,true],"woocommerce_gallery_thumbnail":["https:\/\/varietieseym.com.uy\/wp-content\/uploads\/2024\/05\/1bTIPdiMCZcZDkYWj_L79-03ATS5fKbjEA8faxwUtVg-100x100.webp",100,100,true]},"uagb_author_info":{"display_name":"SyF Home","author_link":"https:\/\/varietieseym.com.uy\/index.php\/author\/"},"uagb_comment_info":0,"uagb_excerpt":"Base de lima de u\u00f1as de Metal m\u00e1s 2 piezas de repuesto lima negra *Base de acero inoxidable de doble cara para herramienta de pulido y limado de u\u00f1as *La base est\u00e1 hecha de material met\u00e1lico lima de u\u00f1as, duradero para un uso prolongado. *El papel de lija fino es excelente para limar u\u00f1as naturales&hellip;","_links":{"self":[{"href":"https:\/\/varietieseym.com.uy\/index.php\/wp-json\/wp\/v2\/product\/4710","targetHints":{"allow":["GET"]}}],"collection":[{"href":"https:\/\/varietieseym.com.uy\/index.php\/wp-json\/wp\/v2\/product"}],"about":[{"href":"https:\/\/varietieseym.com.uy\/index.php\/wp-json\/wp\/v2\/types\/product"}],"wp:featuredmedia":[{"embeddable":true,"href":"https:\/\/varietieseym.com.uy\/index.php\/wp-json\/wp\/v2\/media\/4711"}],"wp:attachment":[{"href":"https:\/\/varietieseym.com.uy\/index.php\/wp-json\/wp\/v2\/media?parent=4710"}],"wp:term":[{"taxonomy":"product_brand","embeddable":true,"href":"https:\/\/varietieseym.com.uy\/index.php\/wp-json\/wp\/v2\/product_brand?post=4710"},{"taxonomy":"product_cat","embeddable":true,"href":"https:\/\/varietieseym.com.uy\/index.php\/wp-json\/wp\/v2\/product_cat?post=4710"},{"taxonomy":"product_tag","embeddable":true,"href":"https:\/\/varietieseym.com.uy\/index.php\/wp-json\/wp\/v2\/product_tag?post=4710"}],"curies":[{"name":"wp","href":"https:\/\/api.w.org\/{rel}","templated":true}]}}