{"id":4720,"date":"2024-05-02T15:41:03","date_gmt":"2024-05-02T18:41:03","guid":{"rendered":"https:\/\/varietieseym.com.uy\/?post_type=product&#038;p=4720"},"modified":"2026-02-08T02:11:06","modified_gmt":"2026-02-08T05:11:06","slug":"bolso-tela-impermeable-organizador","status":"publish","type":"product","link":"https:\/\/varietieseym.com.uy\/index.php\/producto\/bolso-tela-impermeable-organizador\/","title":{"rendered":"Bolso tela impermeable organizador &#8211; 554435"},"content":{"rendered":"<p>Maleta organizadora con separadores retr\u00e1ctiles de 4 niveles la primera capa de bandeja est\u00e1 dise\u00f1ada \u00bfpara poner el esmalte de u\u00f1as verticalmente, y el esmalte de u\u00f1as se puede conservar bien para evitar colisiones, da\u00f1os o fugas.<br \/>\nMaterial de tela Oxford de alta calidad impermeable, duradera y ligera de llevar<br \/>\nF\u00e1cil de limpiar, solo se necesita una limpieza simple si el polvo o las cremas caen accidentalmente en las bandejas.<\/p>\n","protected":false},"excerpt":{"rendered":"<p>Maleta organizadora con separadores retr\u00e1ctiles de 4 niveles la primera capa de bandeja est\u00e1 dise\u00f1ada \u00bfpara poner el esmalte de u\u00f1as verticalmente, y el esmalte de u\u00f1as se puede conservar bien para evitar colisiones, da\u00f1os o fugas. Material de tela Oxford de alta calidad impermeable, duradera y ligera de llevar F\u00e1cil de limpiar, solo se &hellip;<\/p>\n<p class=\"read-more\"> <a class=\"\" href=\"https:\/\/varietieseym.com.uy\/index.php\/producto\/bolso-tela-impermeable-organizador\/\"> <span class=\"screen-reader-text\">Bolso tela impermeable organizador &#8211; 554435<\/span> Leer m\u00e1s &raquo;<\/a><\/p>\n","protected":false},"featured_media":4723,"template":"","meta":{"_uag_custom_page_level_css":"","site-sidebar-layout":"default","site-content-layout":"","ast-site-content-layout":"default","site-content-style":"default","site-sidebar-style":"default","ast-global-header-display":"","ast-banner-title-visibility":"","ast-main-header-display":"","ast-hfb-above-header-display":"","ast-hfb-below-header-display":"","ast-hfb-mobile-header-display":"","site-post-title":"","ast-breadcrumbs-content":"","ast-featured-img":"","footer-sml-layout":"","theme-transparent-header-meta":"default","adv-header-id-meta":"","stick-header-meta":"","header-above-stick-meta":"","header-main-stick-meta":"","header-below-stick-meta":"","astra-migrate-meta-layouts":"set","_joinchat":[]},"product_brand":[],"product_cat":[131,134],"product_tag":[],"class_list":{"0":"post-4720","1":"product","2":"type-product","3":"status-publish","4":"has-post-thumbnail","6":"product_cat-unas","7":"product_cat-organizadores","8":"desktop-align-center","9":"tablet-align-left","10":"mobile-align-left","12":"first","13":"outofstock","14":"shipping-taxable","15":"purchasable","16":"product-type-variable"},"uagb_featured_image_src":{"full":["https:\/\/varietieseym.com.uy\/wp-content\/uploads\/2024\/05\/1mxF2DRG6v65miTkhpVw9dqRNikoNiAEWVfDO08lZPQ.jpg",622,626,false],"thumbnail":["https:\/\/varietieseym.com.uy\/wp-content\/uploads\/2024\/05\/1mxF2DRG6v65miTkhpVw9dqRNikoNiAEWVfDO08lZPQ-150x150.jpg",150,150,true],"medium":["https:\/\/varietieseym.com.uy\/wp-content\/uploads\/2024\/05\/1mxF2DRG6v65miTkhpVw9dqRNikoNiAEWVfDO08lZPQ-298x300.jpg",298,300,true],"medium_large":["https:\/\/varietieseym.com.uy\/wp-content\/uploads\/2024\/05\/1mxF2DRG6v65miTkhpVw9dqRNikoNiAEWVfDO08lZPQ.jpg",622,626,false],"large":["https:\/\/varietieseym.com.uy\/wp-content\/uploads\/2024\/05\/1mxF2DRG6v65miTkhpVw9dqRNikoNiAEWVfDO08lZPQ.jpg",622,626,false],"1536x1536":["https:\/\/varietieseym.com.uy\/wp-content\/uploads\/2024\/05\/1mxF2DRG6v65miTkhpVw9dqRNikoNiAEWVfDO08lZPQ.jpg",622,626,false],"2048x2048":["https:\/\/varietieseym.com.uy\/wp-content\/uploads\/2024\/05\/1mxF2DRG6v65miTkhpVw9dqRNikoNiAEWVfDO08lZPQ.jpg",622,626,false],"woocommerce_thumbnail":["https:\/\/varietieseym.com.uy\/wp-content\/uploads\/2024\/05\/1mxF2DRG6v65miTkhpVw9dqRNikoNiAEWVfDO08lZPQ-300x300.jpg",300,300,true],"woocommerce_single":["https:\/\/varietieseym.com.uy\/wp-content\/uploads\/2024\/05\/1mxF2DRG6v65miTkhpVw9dqRNikoNiAEWVfDO08lZPQ-600x604.jpg",600,604,true],"woocommerce_gallery_thumbnail":["https:\/\/varietieseym.com.uy\/wp-content\/uploads\/2024\/05\/1mxF2DRG6v65miTkhpVw9dqRNikoNiAEWVfDO08lZPQ-100x100.jpg",100,100,true]},"uagb_author_info":{"display_name":"SyF Home","author_link":"https:\/\/varietieseym.com.uy\/index.php\/author\/"},"uagb_comment_info":0,"uagb_excerpt":"Maleta organizadora con separadores retr\u00e1ctiles de 4 niveles la primera capa de bandeja est\u00e1 dise\u00f1ada \u00bfpara poner el esmalte de u\u00f1as verticalmente, y el esmalte de u\u00f1as se puede conservar bien para evitar colisiones, da\u00f1os o fugas. Material de tela Oxford de alta calidad impermeable, duradera y ligera de llevar F\u00e1cil de limpiar, solo se&hellip;","_links":{"self":[{"href":"https:\/\/varietieseym.com.uy\/index.php\/wp-json\/wp\/v2\/product\/4720","targetHints":{"allow":["GET"]}}],"collection":[{"href":"https:\/\/varietieseym.com.uy\/index.php\/wp-json\/wp\/v2\/product"}],"about":[{"href":"https:\/\/varietieseym.com.uy\/index.php\/wp-json\/wp\/v2\/types\/product"}],"wp:featuredmedia":[{"embeddable":true,"href":"https:\/\/varietieseym.com.uy\/index.php\/wp-json\/wp\/v2\/media\/4723"}],"wp:attachment":[{"href":"https:\/\/varietieseym.com.uy\/index.php\/wp-json\/wp\/v2\/media?parent=4720"}],"wp:term":[{"taxonomy":"product_brand","embeddable":true,"href":"https:\/\/varietieseym.com.uy\/index.php\/wp-json\/wp\/v2\/product_brand?post=4720"},{"taxonomy":"product_cat","embeddable":true,"href":"https:\/\/varietieseym.com.uy\/index.php\/wp-json\/wp\/v2\/product_cat?post=4720"},{"taxonomy":"product_tag","embeddable":true,"href":"https:\/\/varietieseym.com.uy\/index.php\/wp-json\/wp\/v2\/product_tag?post=4720"}],"curies":[{"name":"wp","href":"https:\/\/api.w.org\/{rel}","templated":true}]}}