{"id":5052,"date":"2024-05-18T17:08:20","date_gmt":"2024-05-18T20:08:20","guid":{"rendered":"https:\/\/varietieseym.com.uy\/index.php\/producto\/torno-electrico-25000rpm\/"},"modified":"2024-05-27T17:38:35","modified_gmt":"2024-05-27T20:38:35","slug":"torno-electrico-25000rpm","status":"publish","type":"product","link":"https:\/\/varietieseym.com.uy\/index.php\/producto\/torno-electrico-25000rpm\/","title":{"rendered":"Torno electrico 25000rpm &#8211; 8014"},"content":{"rendered":"<p>Torno Profesional 25000 RPM + set de Fresas<br \/>\nCaracter\u00edsticas:<br \/>\nControl de velocidad f\u00e1cil de usar.<br \/>\nSistema de protecci\u00f3n de sobrecarga de seguridad autom\u00e1tico<br \/>\nDise\u00f1o de bol\u00edgrafo ligero para un agarre c\u00f3modo y f\u00e1cil de usar<br \/>\nIncluye 6 bits\/cabezales de limado est\u00e1ndar<br \/>\nCon estas unidades, puede tratar f\u00e1cil y suavemente sus manos y pies hasta un est\u00e1ndar de perfecci\u00f3n y elegancia.<br \/>\nPara pedicura y manicura.<br \/>\nAdecuado para uso profesional, sal\u00f3n de u\u00f1as o uso dom\u00e9stico.<\/p>\n","protected":false},"excerpt":{"rendered":"<p>Torno Profesional 25000 RPM + set de Fresas Caracter\u00edsticas: Control de velocidad f\u00e1cil de usar. Sistema de protecci\u00f3n de sobrecarga de seguridad autom\u00e1tico Dise\u00f1o de bol\u00edgrafo ligero para un agarre c\u00f3modo y f\u00e1cil de usar Incluye 6 bits\/cabezales de limado est\u00e1ndar Con estas unidades, puede tratar f\u00e1cil y suavemente sus manos y pies hasta un &hellip;<\/p>\n<p class=\"read-more\"> <a class=\"\" href=\"https:\/\/varietieseym.com.uy\/index.php\/producto\/torno-electrico-25000rpm\/\"> <span class=\"screen-reader-text\">Torno electrico 25000rpm &#8211; 8014<\/span> Leer m\u00e1s &raquo;<\/a><\/p>\n","protected":false},"featured_media":5045,"template":"","meta":{"_uag_custom_page_level_css":"","site-sidebar-layout":"default","site-content-layout":"","ast-site-content-layout":"","site-content-style":"default","site-sidebar-style":"default","ast-global-header-display":"","ast-banner-title-visibility":"","ast-main-header-display":"","ast-hfb-above-header-display":"","ast-hfb-below-header-display":"","ast-hfb-mobile-header-display":"","site-post-title":"","ast-breadcrumbs-content":"","ast-featured-img":"","footer-sml-layout":"","theme-transparent-header-meta":"","adv-header-id-meta":"","stick-header-meta":"","header-above-stick-meta":"","header-main-stick-meta":"","header-below-stick-meta":"","astra-migrate-meta-layouts":"","_joinchat":[]},"product_brand":[],"product_cat":[131,138],"product_tag":[],"class_list":{"0":"post-5052","1":"product","2":"type-product","3":"status-publish","4":"has-post-thumbnail","6":"product_cat-unas","7":"product_cat-tornos","8":"desktop-align-center","9":"tablet-align-left","10":"mobile-align-left","12":"first","13":"instock","14":"shipping-taxable","15":"purchasable","16":"product-type-simple"},"uagb_featured_image_src":{"full":["https:\/\/varietieseym.com.uy\/wp-content\/uploads\/2024\/05\/1-aFP1BXpYX7_sRz8G_C2IjwPDC7e1UT1BArwIOcoeQ.jpg",659,540,false],"thumbnail":["https:\/\/varietieseym.com.uy\/wp-content\/uploads\/2024\/05\/1-aFP1BXpYX7_sRz8G_C2IjwPDC7e1UT1BArwIOcoeQ-150x150.jpg",150,150,true],"medium":["https:\/\/varietieseym.com.uy\/wp-content\/uploads\/2024\/05\/1-aFP1BXpYX7_sRz8G_C2IjwPDC7e1UT1BArwIOcoeQ-300x246.jpg",300,246,true],"medium_large":["https:\/\/varietieseym.com.uy\/wp-content\/uploads\/2024\/05\/1-aFP1BXpYX7_sRz8G_C2IjwPDC7e1UT1BArwIOcoeQ.jpg",659,540,false],"large":["https:\/\/varietieseym.com.uy\/wp-content\/uploads\/2024\/05\/1-aFP1BXpYX7_sRz8G_C2IjwPDC7e1UT1BArwIOcoeQ.jpg",659,540,false],"1536x1536":["https:\/\/varietieseym.com.uy\/wp-content\/uploads\/2024\/05\/1-aFP1BXpYX7_sRz8G_C2IjwPDC7e1UT1BArwIOcoeQ.jpg",659,540,false],"2048x2048":["https:\/\/varietieseym.com.uy\/wp-content\/uploads\/2024\/05\/1-aFP1BXpYX7_sRz8G_C2IjwPDC7e1UT1BArwIOcoeQ.jpg",659,540,false],"woocommerce_thumbnail":["https:\/\/varietieseym.com.uy\/wp-content\/uploads\/2024\/05\/1-aFP1BXpYX7_sRz8G_C2IjwPDC7e1UT1BArwIOcoeQ-300x300.jpg",300,300,true],"woocommerce_single":["https:\/\/varietieseym.com.uy\/wp-content\/uploads\/2024\/05\/1-aFP1BXpYX7_sRz8G_C2IjwPDC7e1UT1BArwIOcoeQ-600x492.jpg",600,492,true],"woocommerce_gallery_thumbnail":["https:\/\/varietieseym.com.uy\/wp-content\/uploads\/2024\/05\/1-aFP1BXpYX7_sRz8G_C2IjwPDC7e1UT1BArwIOcoeQ-100x100.jpg",100,100,true]},"uagb_author_info":{"display_name":"SyF Home","author_link":"https:\/\/varietieseym.com.uy\/index.php\/author\/"},"uagb_comment_info":0,"uagb_excerpt":"Torno Profesional 25000 RPM + set de Fresas Caracter\u00edsticas: Control de velocidad f\u00e1cil de usar. Sistema de protecci\u00f3n de sobrecarga de seguridad autom\u00e1tico Dise\u00f1o de bol\u00edgrafo ligero para un agarre c\u00f3modo y f\u00e1cil de usar Incluye 6 bits\/cabezales de limado est\u00e1ndar Con estas unidades, puede tratar f\u00e1cil y suavemente sus manos y pies hasta un&hellip;","_links":{"self":[{"href":"https:\/\/varietieseym.com.uy\/index.php\/wp-json\/wp\/v2\/product\/5052","targetHints":{"allow":["GET"]}}],"collection":[{"href":"https:\/\/varietieseym.com.uy\/index.php\/wp-json\/wp\/v2\/product"}],"about":[{"href":"https:\/\/varietieseym.com.uy\/index.php\/wp-json\/wp\/v2\/types\/product"}],"wp:featuredmedia":[{"embeddable":true,"href":"https:\/\/varietieseym.com.uy\/index.php\/wp-json\/wp\/v2\/media\/5045"}],"wp:attachment":[{"href":"https:\/\/varietieseym.com.uy\/index.php\/wp-json\/wp\/v2\/media?parent=5052"}],"wp:term":[{"taxonomy":"product_brand","embeddable":true,"href":"https:\/\/varietieseym.com.uy\/index.php\/wp-json\/wp\/v2\/product_brand?post=5052"},{"taxonomy":"product_cat","embeddable":true,"href":"https:\/\/varietieseym.com.uy\/index.php\/wp-json\/wp\/v2\/product_cat?post=5052"},{"taxonomy":"product_tag","embeddable":true,"href":"https:\/\/varietieseym.com.uy\/index.php\/wp-json\/wp\/v2\/product_tag?post=5052"}],"curies":[{"name":"wp","href":"https:\/\/api.w.org\/{rel}","templated":true}]}}