{"id":5154,"date":"2024-05-28T15:05:05","date_gmt":"2024-05-28T18:05:05","guid":{"rendered":"https:\/\/varietieseym.com.uy\/?post_type=product&#038;p=5154"},"modified":"2026-04-08T17:01:37","modified_gmt":"2026-04-08T20:01:37","slug":"lampara-sun-mini-19-72w-990106","status":"publish","type":"product","link":"https:\/\/varietieseym.com.uy\/index.php\/producto\/lampara-sun-mini-19-72w-990106\/","title":{"rendered":"Lampara Sun mini 19 72W &#8211; 990106"},"content":{"rendered":"<p>Lampara Sun mini 19 72W Lampara de u\u00f1as utiliza 18 cuentas d luces, que se distribuyen en la parte superior, izquierda y derecha en el secador de u\u00f1as. Se puede utilizar para hornear el esmalte de u\u00f1as en gel de forma m\u00e1s completa. Compatible con todos los geles puede secar r\u00e1pidamente todos los esmaltes de u\u00f1as de gel, por ejemplo, base top , }top coat ,esmaltes semipermanentes , geles s\u00f3lidos, construcci\u00f3n, pegamento de gemas, etc. F\u00e1cil de usar Utiliza la pantalla LCD para ver la hora m\u00e1s claramente. Sensor autom\u00e1tico, sin necesidad de presionar ninguna tecla y trabajar durante 99 segundos. No solo es adecuado para manicuristas profesionales, sino tambi\u00e9n para principiantes.<\/p>\n","protected":false},"excerpt":{"rendered":"<p>Lampara Sun mini 19 72W Lampara de u\u00f1as utiliza 18 cuentas d luces, que se distribuyen en la parte superior, izquierda y derecha en el secador de u\u00f1as. Se puede utilizar para hornear el esmalte de u\u00f1as en gel de forma m\u00e1s completa. Compatible con todos los geles puede secar r\u00e1pidamente todos los esmaltes de &hellip;<\/p>\n<p class=\"read-more\"> <a class=\"\" href=\"https:\/\/varietieseym.com.uy\/index.php\/producto\/lampara-sun-mini-19-72w-990106\/\"> <span class=\"screen-reader-text\">Lampara Sun mini 19 72W &#8211; 990106<\/span> Leer m\u00e1s &raquo;<\/a><\/p>\n","protected":false},"featured_media":5145,"template":"","meta":{"_uag_custom_page_level_css":"","site-sidebar-layout":"default","site-content-layout":"","ast-site-content-layout":"default","site-content-style":"default","site-sidebar-style":"default","ast-global-header-display":"","ast-banner-title-visibility":"","ast-main-header-display":"","ast-hfb-above-header-display":"","ast-hfb-below-header-display":"","ast-hfb-mobile-header-display":"","site-post-title":"","ast-breadcrumbs-content":"","ast-featured-img":"","footer-sml-layout":"","theme-transparent-header-meta":"default","adv-header-id-meta":"","stick-header-meta":"","header-above-stick-meta":"","header-main-stick-meta":"","header-below-stick-meta":"","astra-migrate-meta-layouts":"set","_joinchat":[]},"product_brand":[],"product_cat":[131,141],"product_tag":[],"class_list":{"0":"post-5154","1":"product","2":"type-product","3":"status-publish","4":"has-post-thumbnail","6":"product_cat-unas","7":"product_cat-lamparas","8":"desktop-align-center","9":"tablet-align-left","10":"mobile-align-left","12":"first","13":"outofstock","14":"shipping-taxable","15":"purchasable","16":"product-type-simple"},"uagb_featured_image_src":{"full":["https:\/\/varietieseym.com.uy\/wp-content\/uploads\/2024\/05\/15jclV9i36SPJEOM7NLNyVqu-d21_GU2XO1OATca_FQ.webp",656,555,false],"thumbnail":["https:\/\/varietieseym.com.uy\/wp-content\/uploads\/2024\/05\/15jclV9i36SPJEOM7NLNyVqu-d21_GU2XO1OATca_FQ-150x150.webp",150,150,true],"medium":["https:\/\/varietieseym.com.uy\/wp-content\/uploads\/2024\/05\/15jclV9i36SPJEOM7NLNyVqu-d21_GU2XO1OATca_FQ-300x254.webp",300,254,true],"medium_large":["https:\/\/varietieseym.com.uy\/wp-content\/uploads\/2024\/05\/15jclV9i36SPJEOM7NLNyVqu-d21_GU2XO1OATca_FQ.webp",656,555,false],"large":["https:\/\/varietieseym.com.uy\/wp-content\/uploads\/2024\/05\/15jclV9i36SPJEOM7NLNyVqu-d21_GU2XO1OATca_FQ.webp",656,555,false],"1536x1536":["https:\/\/varietieseym.com.uy\/wp-content\/uploads\/2024\/05\/15jclV9i36SPJEOM7NLNyVqu-d21_GU2XO1OATca_FQ.webp",656,555,false],"2048x2048":["https:\/\/varietieseym.com.uy\/wp-content\/uploads\/2024\/05\/15jclV9i36SPJEOM7NLNyVqu-d21_GU2XO1OATca_FQ.webp",656,555,false],"woocommerce_thumbnail":["https:\/\/varietieseym.com.uy\/wp-content\/uploads\/2024\/05\/15jclV9i36SPJEOM7NLNyVqu-d21_GU2XO1OATca_FQ-300x300.webp",300,300,true],"woocommerce_single":["https:\/\/varietieseym.com.uy\/wp-content\/uploads\/2024\/05\/15jclV9i36SPJEOM7NLNyVqu-d21_GU2XO1OATca_FQ-600x508.webp",600,508,true],"woocommerce_gallery_thumbnail":["https:\/\/varietieseym.com.uy\/wp-content\/uploads\/2024\/05\/15jclV9i36SPJEOM7NLNyVqu-d21_GU2XO1OATca_FQ-100x100.webp",100,100,true]},"uagb_author_info":{"display_name":"SyF Home","author_link":"https:\/\/varietieseym.com.uy\/index.php\/author\/"},"uagb_comment_info":0,"uagb_excerpt":"Lampara Sun mini 19 72W Lampara de u\u00f1as utiliza 18 cuentas d luces, que se distribuyen en la parte superior, izquierda y derecha en el secador de u\u00f1as. Se puede utilizar para hornear el esmalte de u\u00f1as en gel de forma m\u00e1s completa. Compatible con todos los geles puede secar r\u00e1pidamente todos los esmaltes de&hellip;","_links":{"self":[{"href":"https:\/\/varietieseym.com.uy\/index.php\/wp-json\/wp\/v2\/product\/5154","targetHints":{"allow":["GET"]}}],"collection":[{"href":"https:\/\/varietieseym.com.uy\/index.php\/wp-json\/wp\/v2\/product"}],"about":[{"href":"https:\/\/varietieseym.com.uy\/index.php\/wp-json\/wp\/v2\/types\/product"}],"wp:featuredmedia":[{"embeddable":true,"href":"https:\/\/varietieseym.com.uy\/index.php\/wp-json\/wp\/v2\/media\/5145"}],"wp:attachment":[{"href":"https:\/\/varietieseym.com.uy\/index.php\/wp-json\/wp\/v2\/media?parent=5154"}],"wp:term":[{"taxonomy":"product_brand","embeddable":true,"href":"https:\/\/varietieseym.com.uy\/index.php\/wp-json\/wp\/v2\/product_brand?post=5154"},{"taxonomy":"product_cat","embeddable":true,"href":"https:\/\/varietieseym.com.uy\/index.php\/wp-json\/wp\/v2\/product_cat?post=5154"},{"taxonomy":"product_tag","embeddable":true,"href":"https:\/\/varietieseym.com.uy\/index.php\/wp-json\/wp\/v2\/product_tag?post=5154"}],"curies":[{"name":"wp","href":"https:\/\/api.w.org\/{rel}","templated":true}]}}