{"id":5155,"date":"2024-05-28T15:07:13","date_gmt":"2024-05-28T18:07:13","guid":{"rendered":"https:\/\/varietieseym.com.uy\/?post_type=product&#038;p=5155"},"modified":"2025-05-17T15:57:50","modified_gmt":"2025-05-17T18:57:50","slug":"lampara-sunx11-280w-105644","status":"publish","type":"product","link":"https:\/\/varietieseym.com.uy\/index.php\/producto\/lampara-sunx11-280w-105644\/","title":{"rendered":"Lampara Sunx11 280w &#8211; 105644"},"content":{"rendered":"<p>L\u00e1mpara de u\u00f1as UV\/LED SUN X11 MAX para manicura y pedicura de 280W con sensor *Fuente de luz Dual y amplia compatibilidad dise\u00f1o profesional de doble fuente de luz adecuado para todos los geles de u\u00f1as. *Pantalla LCD y modo 4 tiempo modo de secado r\u00e1pido, 30s, 60s, 99s modo de bajo calor para proteger las manos. * Puede secar todas las u\u00f1as de la mano o el pie uniformemente incluyendo el pulgar a la vez, y sin preocuparse por que los lados No se curen. *Gran espacio interno gran capacidad, puede colocar f\u00e1cilmente sus manos o pies. Garantiza un perfecto gel de u\u00f1as seco y pulido. Te ofrece una experiencia perfecta en manicura. Especificaciones: Modelo: SUNX11 MAX Material: pl\u00e1stico ABS Potencia: potente l\u00e1mpara de u\u00f1as Voltaje: 100-240V Fuente de luz: doble fuente de luz UV\/LED Tiempo de ajuste: 10s\/30s\/60s\/99\/s<\/p>\n","protected":false},"excerpt":{"rendered":"<p>L\u00e1mpara de u\u00f1as UV\/LED SUN X11 MAX para manicura y pedicura de 280W con sensor *Fuente de luz Dual y amplia compatibilidad dise\u00f1o profesional de doble fuente de luz adecuado para todos los geles de u\u00f1as. *Pantalla LCD y modo 4 tiempo modo de secado r\u00e1pido, 30s, 60s, 99s modo de bajo calor para proteger &hellip;<\/p>\n<p class=\"read-more\"> <a class=\"\" href=\"https:\/\/varietieseym.com.uy\/index.php\/producto\/lampara-sunx11-280w-105644\/\"> <span class=\"screen-reader-text\">Lampara Sunx11 280w &#8211; 105644<\/span> Leer m\u00e1s &raquo;<\/a><\/p>\n","protected":false},"featured_media":5158,"template":"","meta":{"_uag_custom_page_level_css":"","site-sidebar-layout":"default","site-content-layout":"","ast-site-content-layout":"default","site-content-style":"default","site-sidebar-style":"default","ast-global-header-display":"","ast-banner-title-visibility":"","ast-main-header-display":"","ast-hfb-above-header-display":"","ast-hfb-below-header-display":"","ast-hfb-mobile-header-display":"","site-post-title":"","ast-breadcrumbs-content":"","ast-featured-img":"","footer-sml-layout":"","theme-transparent-header-meta":"default","adv-header-id-meta":"","stick-header-meta":"","header-above-stick-meta":"","header-main-stick-meta":"","header-below-stick-meta":"","astra-migrate-meta-layouts":"set","_joinchat":[]},"product_brand":[],"product_cat":[131,141],"product_tag":[],"class_list":{"0":"post-5155","1":"product","2":"type-product","3":"status-publish","4":"has-post-thumbnail","6":"product_cat-unas","7":"product_cat-lamparas","8":"desktop-align-center","9":"tablet-align-left","10":"mobile-align-left","12":"first","13":"instock","14":"sale","15":"shipping-taxable","16":"purchasable","17":"product-type-simple"},"uagb_featured_image_src":{"full":["https:\/\/varietieseym.com.uy\/wp-content\/uploads\/2024\/05\/19yMvtT-Q3g-Z2-XRDmkYdHYpIxTIZhNuNj2HBPIivA.webp",623,614,false],"thumbnail":["https:\/\/varietieseym.com.uy\/wp-content\/uploads\/2024\/05\/19yMvtT-Q3g-Z2-XRDmkYdHYpIxTIZhNuNj2HBPIivA-150x150.webp",150,150,true],"medium":["https:\/\/varietieseym.com.uy\/wp-content\/uploads\/2024\/05\/19yMvtT-Q3g-Z2-XRDmkYdHYpIxTIZhNuNj2HBPIivA-300x296.webp",300,296,true],"medium_large":["https:\/\/varietieseym.com.uy\/wp-content\/uploads\/2024\/05\/19yMvtT-Q3g-Z2-XRDmkYdHYpIxTIZhNuNj2HBPIivA.webp",623,614,false],"large":["https:\/\/varietieseym.com.uy\/wp-content\/uploads\/2024\/05\/19yMvtT-Q3g-Z2-XRDmkYdHYpIxTIZhNuNj2HBPIivA.webp",623,614,false],"1536x1536":["https:\/\/varietieseym.com.uy\/wp-content\/uploads\/2024\/05\/19yMvtT-Q3g-Z2-XRDmkYdHYpIxTIZhNuNj2HBPIivA.webp",623,614,false],"2048x2048":["https:\/\/varietieseym.com.uy\/wp-content\/uploads\/2024\/05\/19yMvtT-Q3g-Z2-XRDmkYdHYpIxTIZhNuNj2HBPIivA.webp",623,614,false],"woocommerce_thumbnail":["https:\/\/varietieseym.com.uy\/wp-content\/uploads\/2024\/05\/19yMvtT-Q3g-Z2-XRDmkYdHYpIxTIZhNuNj2HBPIivA-300x300.webp",300,300,true],"woocommerce_single":["https:\/\/varietieseym.com.uy\/wp-content\/uploads\/2024\/05\/19yMvtT-Q3g-Z2-XRDmkYdHYpIxTIZhNuNj2HBPIivA-600x591.webp",600,591,true],"woocommerce_gallery_thumbnail":["https:\/\/varietieseym.com.uy\/wp-content\/uploads\/2024\/05\/19yMvtT-Q3g-Z2-XRDmkYdHYpIxTIZhNuNj2HBPIivA-100x100.webp",100,100,true]},"uagb_author_info":{"display_name":"SyF Home","author_link":"https:\/\/varietieseym.com.uy\/index.php\/author\/"},"uagb_comment_info":0,"uagb_excerpt":"L\u00e1mpara de u\u00f1as UV\/LED SUN X11 MAX para manicura y pedicura de 280W con sensor *Fuente de luz Dual y amplia compatibilidad dise\u00f1o profesional de doble fuente de luz adecuado para todos los geles de u\u00f1as. *Pantalla LCD y modo 4 tiempo modo de secado r\u00e1pido, 30s, 60s, 99s modo de bajo calor para proteger&hellip;","_links":{"self":[{"href":"https:\/\/varietieseym.com.uy\/index.php\/wp-json\/wp\/v2\/product\/5155","targetHints":{"allow":["GET"]}}],"collection":[{"href":"https:\/\/varietieseym.com.uy\/index.php\/wp-json\/wp\/v2\/product"}],"about":[{"href":"https:\/\/varietieseym.com.uy\/index.php\/wp-json\/wp\/v2\/types\/product"}],"wp:featuredmedia":[{"embeddable":true,"href":"https:\/\/varietieseym.com.uy\/index.php\/wp-json\/wp\/v2\/media\/5158"}],"wp:attachment":[{"href":"https:\/\/varietieseym.com.uy\/index.php\/wp-json\/wp\/v2\/media?parent=5155"}],"wp:term":[{"taxonomy":"product_brand","embeddable":true,"href":"https:\/\/varietieseym.com.uy\/index.php\/wp-json\/wp\/v2\/product_brand?post=5155"},{"taxonomy":"product_cat","embeddable":true,"href":"https:\/\/varietieseym.com.uy\/index.php\/wp-json\/wp\/v2\/product_cat?post=5155"},{"taxonomy":"product_tag","embeddable":true,"href":"https:\/\/varietieseym.com.uy\/index.php\/wp-json\/wp\/v2\/product_tag?post=5155"}],"curies":[{"name":"wp","href":"https:\/\/api.w.org\/{rel}","templated":true}]}}