{"id":5175,"date":"2024-05-28T15:17:20","date_gmt":"2024-05-28T18:17:20","guid":{"rendered":"https:\/\/varietieseym.com.uy\/?post_type=product&#038;p=5175"},"modified":"2024-05-28T15:20:00","modified_gmt":"2024-05-28T18:20:00","slug":"limpiador-de-broca-fresas-8009","status":"publish","type":"product","link":"https:\/\/varietieseym.com.uy\/index.php\/producto\/limpiador-de-broca-fresas-8009\/","title":{"rendered":"Limpiador de broca\/fresas &#8211; 8009"},"content":{"rendered":"<p>Cepillo de limpieza de fresas\/brocas manicura-pedicura Hecho de material de alta calidad, no t\u00f3xico, duradero y respetuoso con el medio ambiente. El dise\u00f1o del cabezal del cepillo de fibra y el de aleaci\u00f3n satisfacen sus diferentes necesidades. Dise\u00f1o de pegamento Base, se puede pegar. Tama\u00f1o Mini y peso ligero, f\u00e1cil de llevar.<\/p>\n","protected":false},"excerpt":{"rendered":"<p>Cepillo de limpieza de fresas\/brocas manicura-pedicura Hecho de material de alta calidad, no t\u00f3xico, duradero y respetuoso con el medio ambiente. El dise\u00f1o del cabezal del cepillo de fibra y el de aleaci\u00f3n satisfacen sus diferentes necesidades. Dise\u00f1o de pegamento Base, se puede pegar. Tama\u00f1o Mini y peso ligero, f\u00e1cil de llevar.<\/p>\n","protected":false},"featured_media":5181,"template":"","meta":{"_uag_custom_page_level_css":"","site-sidebar-layout":"default","site-content-layout":"","ast-site-content-layout":"default","site-content-style":"default","site-sidebar-style":"default","ast-global-header-display":"","ast-banner-title-visibility":"","ast-main-header-display":"","ast-hfb-above-header-display":"","ast-hfb-below-header-display":"","ast-hfb-mobile-header-display":"","site-post-title":"","ast-breadcrumbs-content":"","ast-featured-img":"","footer-sml-layout":"","theme-transparent-header-meta":"default","adv-header-id-meta":"","stick-header-meta":"","header-above-stick-meta":"","header-main-stick-meta":"","header-below-stick-meta":"","astra-migrate-meta-layouts":"set","_joinchat":[]},"product_brand":[],"product_cat":[131,132],"product_tag":[],"class_list":{"0":"post-5175","1":"product","2":"type-product","3":"status-publish","4":"has-post-thumbnail","6":"product_cat-unas","7":"product_cat-herramientas","8":"desktop-align-center","9":"tablet-align-left","10":"mobile-align-left","12":"first","13":"instock","14":"shipping-taxable","15":"purchasable","16":"product-type-variable"},"uagb_featured_image_src":{"full":["https:\/\/varietieseym.com.uy\/wp-content\/uploads\/2024\/05\/16k5s5V1QtsooSVMHkHyENQvIuXrslzJhUyiQB3bQJQ.jpg",1600,1600,false],"thumbnail":["https:\/\/varietieseym.com.uy\/wp-content\/uploads\/2024\/05\/16k5s5V1QtsooSVMHkHyENQvIuXrslzJhUyiQB3bQJQ-150x150.jpg",150,150,true],"medium":["https:\/\/varietieseym.com.uy\/wp-content\/uploads\/2024\/05\/16k5s5V1QtsooSVMHkHyENQvIuXrslzJhUyiQB3bQJQ-300x300.jpg",300,300,true],"medium_large":["https:\/\/varietieseym.com.uy\/wp-content\/uploads\/2024\/05\/16k5s5V1QtsooSVMHkHyENQvIuXrslzJhUyiQB3bQJQ-768x768.jpg",768,768,true],"large":["https:\/\/varietieseym.com.uy\/wp-content\/uploads\/2024\/05\/16k5s5V1QtsooSVMHkHyENQvIuXrslzJhUyiQB3bQJQ-1024x1024.jpg",1024,1024,true],"1536x1536":["https:\/\/varietieseym.com.uy\/wp-content\/uploads\/2024\/05\/16k5s5V1QtsooSVMHkHyENQvIuXrslzJhUyiQB3bQJQ-1536x1536.jpg",1536,1536,true],"2048x2048":["https:\/\/varietieseym.com.uy\/wp-content\/uploads\/2024\/05\/16k5s5V1QtsooSVMHkHyENQvIuXrslzJhUyiQB3bQJQ.jpg",1600,1600,false],"woocommerce_thumbnail":["https:\/\/varietieseym.com.uy\/wp-content\/uploads\/2024\/05\/16k5s5V1QtsooSVMHkHyENQvIuXrslzJhUyiQB3bQJQ-300x300.jpg",300,300,true],"woocommerce_single":["https:\/\/varietieseym.com.uy\/wp-content\/uploads\/2024\/05\/16k5s5V1QtsooSVMHkHyENQvIuXrslzJhUyiQB3bQJQ-600x600.jpg",600,600,true],"woocommerce_gallery_thumbnail":["https:\/\/varietieseym.com.uy\/wp-content\/uploads\/2024\/05\/16k5s5V1QtsooSVMHkHyENQvIuXrslzJhUyiQB3bQJQ-100x100.jpg",100,100,true]},"uagb_author_info":{"display_name":"SyF Home","author_link":"https:\/\/varietieseym.com.uy\/index.php\/author\/"},"uagb_comment_info":0,"uagb_excerpt":"Cepillo de limpieza de fresas\/brocas manicura-pedicura Hecho de material de alta calidad, no t\u00f3xico, duradero y respetuoso con el medio ambiente. El dise\u00f1o del cabezal del cepillo de fibra y el de aleaci\u00f3n satisfacen sus diferentes necesidades. Dise\u00f1o de pegamento Base, se puede pegar. Tama\u00f1o Mini y peso ligero, f\u00e1cil de llevar.","_links":{"self":[{"href":"https:\/\/varietieseym.com.uy\/index.php\/wp-json\/wp\/v2\/product\/5175","targetHints":{"allow":["GET"]}}],"collection":[{"href":"https:\/\/varietieseym.com.uy\/index.php\/wp-json\/wp\/v2\/product"}],"about":[{"href":"https:\/\/varietieseym.com.uy\/index.php\/wp-json\/wp\/v2\/types\/product"}],"wp:featuredmedia":[{"embeddable":true,"href":"https:\/\/varietieseym.com.uy\/index.php\/wp-json\/wp\/v2\/media\/5181"}],"wp:attachment":[{"href":"https:\/\/varietieseym.com.uy\/index.php\/wp-json\/wp\/v2\/media?parent=5175"}],"wp:term":[{"taxonomy":"product_brand","embeddable":true,"href":"https:\/\/varietieseym.com.uy\/index.php\/wp-json\/wp\/v2\/product_brand?post=5175"},{"taxonomy":"product_cat","embeddable":true,"href":"https:\/\/varietieseym.com.uy\/index.php\/wp-json\/wp\/v2\/product_cat?post=5175"},{"taxonomy":"product_tag","embeddable":true,"href":"https:\/\/varietieseym.com.uy\/index.php\/wp-json\/wp\/v2\/product_tag?post=5175"}],"curies":[{"name":"wp","href":"https:\/\/api.w.org\/{rel}","templated":true}]}}