{"id":5186,"date":"2024-05-31T15:39:52","date_gmt":"2024-05-31T18:39:52","guid":{"rendered":"https:\/\/varietieseym.com.uy\/?post_type=product&#038;p=5186"},"modified":"2026-01-20T15:46:50","modified_gmt":"2026-01-20T18:46:50","slug":"maletin-organizador-porta-esmalte-maquillaje-898307","status":"publish","type":"product","link":"https:\/\/varietieseym.com.uy\/index.php\/producto\/maletin-organizador-porta-esmalte-maquillaje-898307\/","title":{"rendered":"Maletin organizador porta esmalte\/maquillaje  &#8211; 898307"},"content":{"rendered":"<p>Malet\u00edn organizador multifuncional plegable Tama\u00f1o: Longitud 32cm Ancho 21cm altura 26cm Organizador el estuche est\u00e1 dise\u00f1ado con 4 bandejas retr\u00e1ctiles y un compartimento inferior profundo que te ayuda a organizar tus productos de una manera m\u00e1s organizada y ordenada. Material del estuche est\u00e1 hecha con un marco de aluminio y esquinas reforzadas para una mejor protecci\u00f3n. El organizador est\u00e1 dise\u00f1ado con una superficie impermeable para proteger tus productos. Organizador f\u00e1cil de transportar tiene un asa resistente y cierres bloqueables con una llave para que puedas llevar la caja de almacenamiento en cualquier lugar que desees.<\/p>\n","protected":false},"excerpt":{"rendered":"<p>Malet\u00edn organizador multifuncional plegable Tama\u00f1o: Longitud 32cm Ancho 21cm altura 26cm Organizador el estuche est\u00e1 dise\u00f1ado con 4 bandejas retr\u00e1ctiles y un compartimento inferior profundo que te ayuda a organizar tus productos de una manera m\u00e1s organizada y ordenada. Material del estuche est\u00e1 hecha con un marco de aluminio y esquinas reforzadas para una mejor &hellip;<\/p>\n<p class=\"read-more\"> <a class=\"\" href=\"https:\/\/varietieseym.com.uy\/index.php\/producto\/maletin-organizador-porta-esmalte-maquillaje-898307\/\"> <span class=\"screen-reader-text\">Maletin organizador porta esmalte\/maquillaje  &#8211; 898307<\/span> Leer m\u00e1s &raquo;<\/a><\/p>\n","protected":false},"featured_media":5190,"template":"","meta":{"_uag_custom_page_level_css":"","site-sidebar-layout":"default","site-content-layout":"","ast-site-content-layout":"default","site-content-style":"default","site-sidebar-style":"default","ast-global-header-display":"","ast-banner-title-visibility":"","ast-main-header-display":"","ast-hfb-above-header-display":"","ast-hfb-below-header-display":"","ast-hfb-mobile-header-display":"","site-post-title":"","ast-breadcrumbs-content":"","ast-featured-img":"","footer-sml-layout":"","theme-transparent-header-meta":"default","adv-header-id-meta":"","stick-header-meta":"","header-above-stick-meta":"","header-main-stick-meta":"","header-below-stick-meta":"","astra-migrate-meta-layouts":"set","_joinchat":[]},"product_brand":[],"product_cat":[131,134],"product_tag":[],"class_list":{"0":"post-5186","1":"product","2":"type-product","3":"status-publish","4":"has-post-thumbnail","6":"product_cat-unas","7":"product_cat-organizadores","8":"desktop-align-center","9":"tablet-align-left","10":"mobile-align-left","12":"first","13":"instock","14":"shipping-taxable","15":"purchasable","16":"product-type-variable"},"uagb_featured_image_src":{"full":["https:\/\/varietieseym.com.uy\/wp-content\/uploads\/2024\/05\/1qGSJXknM1h4bAIe9ugu03mi03pA4GerOX7OVe9dl3A.webp",736,594,false],"thumbnail":["https:\/\/varietieseym.com.uy\/wp-content\/uploads\/2024\/05\/1qGSJXknM1h4bAIe9ugu03mi03pA4GerOX7OVe9dl3A-150x150.webp",150,150,true],"medium":["https:\/\/varietieseym.com.uy\/wp-content\/uploads\/2024\/05\/1qGSJXknM1h4bAIe9ugu03mi03pA4GerOX7OVe9dl3A-300x242.webp",300,242,true],"medium_large":["https:\/\/varietieseym.com.uy\/wp-content\/uploads\/2024\/05\/1qGSJXknM1h4bAIe9ugu03mi03pA4GerOX7OVe9dl3A.webp",736,594,false],"large":["https:\/\/varietieseym.com.uy\/wp-content\/uploads\/2024\/05\/1qGSJXknM1h4bAIe9ugu03mi03pA4GerOX7OVe9dl3A.webp",736,594,false],"1536x1536":["https:\/\/varietieseym.com.uy\/wp-content\/uploads\/2024\/05\/1qGSJXknM1h4bAIe9ugu03mi03pA4GerOX7OVe9dl3A.webp",736,594,false],"2048x2048":["https:\/\/varietieseym.com.uy\/wp-content\/uploads\/2024\/05\/1qGSJXknM1h4bAIe9ugu03mi03pA4GerOX7OVe9dl3A.webp",736,594,false],"woocommerce_thumbnail":["https:\/\/varietieseym.com.uy\/wp-content\/uploads\/2024\/05\/1qGSJXknM1h4bAIe9ugu03mi03pA4GerOX7OVe9dl3A-300x300.webp",300,300,true],"woocommerce_single":["https:\/\/varietieseym.com.uy\/wp-content\/uploads\/2024\/05\/1qGSJXknM1h4bAIe9ugu03mi03pA4GerOX7OVe9dl3A-600x484.webp",600,484,true],"woocommerce_gallery_thumbnail":["https:\/\/varietieseym.com.uy\/wp-content\/uploads\/2024\/05\/1qGSJXknM1h4bAIe9ugu03mi03pA4GerOX7OVe9dl3A-100x100.webp",100,100,true]},"uagb_author_info":{"display_name":"SyF Home","author_link":"https:\/\/varietieseym.com.uy\/index.php\/author\/"},"uagb_comment_info":0,"uagb_excerpt":"Malet\u00edn organizador multifuncional plegable Tama\u00f1o: Longitud 32cm Ancho 21cm altura 26cm Organizador el estuche est\u00e1 dise\u00f1ado con 4 bandejas retr\u00e1ctiles y un compartimento inferior profundo que te ayuda a organizar tus productos de una manera m\u00e1s organizada y ordenada. Material del estuche est\u00e1 hecha con un marco de aluminio y esquinas reforzadas para una mejor&hellip;","_links":{"self":[{"href":"https:\/\/varietieseym.com.uy\/index.php\/wp-json\/wp\/v2\/product\/5186","targetHints":{"allow":["GET"]}}],"collection":[{"href":"https:\/\/varietieseym.com.uy\/index.php\/wp-json\/wp\/v2\/product"}],"about":[{"href":"https:\/\/varietieseym.com.uy\/index.php\/wp-json\/wp\/v2\/types\/product"}],"wp:featuredmedia":[{"embeddable":true,"href":"https:\/\/varietieseym.com.uy\/index.php\/wp-json\/wp\/v2\/media\/5190"}],"wp:attachment":[{"href":"https:\/\/varietieseym.com.uy\/index.php\/wp-json\/wp\/v2\/media?parent=5186"}],"wp:term":[{"taxonomy":"product_brand","embeddable":true,"href":"https:\/\/varietieseym.com.uy\/index.php\/wp-json\/wp\/v2\/product_brand?post=5186"},{"taxonomy":"product_cat","embeddable":true,"href":"https:\/\/varietieseym.com.uy\/index.php\/wp-json\/wp\/v2\/product_cat?post=5186"},{"taxonomy":"product_tag","embeddable":true,"href":"https:\/\/varietieseym.com.uy\/index.php\/wp-json\/wp\/v2\/product_tag?post=5186"}],"curies":[{"name":"wp","href":"https:\/\/api.w.org\/{rel}","templated":true}]}}