{"id":5201,"date":"2024-05-31T15:48:37","date_gmt":"2024-05-31T18:48:37","guid":{"rendered":"https:\/\/varietieseym.com.uy\/?post_type=product&#038;p=5201"},"modified":"2026-02-08T02:43:49","modified_gmt":"2026-02-08T05:43:49","slug":"torno-electrico-35-000rpm-9z00127sr","status":"publish","type":"product","link":"https:\/\/varietieseym.com.uy\/index.php\/producto\/torno-electrico-35-000rpm-9z00127sr\/","title":{"rendered":"Torno electrico 35.000RPM &#8211; 9Z00127SR"},"content":{"rendered":"<p>Torno profesionales de pulido de u\u00f1as. *Direcci\u00f3n de pulido hacia adelante\/hacia atr\u00e1s para cualquier uso con diestros o zurdos. *Taladro de u\u00f1as sal\u00f3n profesional y uso domestico. *Cierre de giro Tipo de portafresas, cierre de forma segura la fresa y \u00fasala de forma m\u00e1s segura. *35000RPM se pueden ajustar a voluntad. Alisa eficazmente los callos, elimina el exceso de cut\u00edculas, da forma y pule las u\u00f1as. *El enchufe USB se puede conectar a una fuente de alimentaci\u00f3n m\u00f3vil, laptop. *Ligero y port\u00e1til *Bajo nivel de ruido *Pantalla LCD HD *basta de esos motores pesados y voluminosos este nuevo torno 2022 es c\u00f3modo y ligero e igual de potente gracias a su practico tama\u00f1o es especial para profesionales que trabajan a domicilio. *Te incluye una fresa de cer\u00e1mica.<\/p>\n","protected":false},"excerpt":{"rendered":"<p>Torno profesionales de pulido de u\u00f1as. *Direcci\u00f3n de pulido hacia adelante\/hacia atr\u00e1s para cualquier uso con diestros o zurdos. *Taladro de u\u00f1as sal\u00f3n profesional y uso domestico. *Cierre de giro Tipo de portafresas, cierre de forma segura la fresa y \u00fasala de forma m\u00e1s segura. *35000RPM se pueden ajustar a voluntad. Alisa eficazmente los callos, &hellip;<\/p>\n<p class=\"read-more\"> <a class=\"\" href=\"https:\/\/varietieseym.com.uy\/index.php\/producto\/torno-electrico-35-000rpm-9z00127sr\/\"> <span class=\"screen-reader-text\">Torno electrico 35.000RPM &#8211; 9Z00127SR<\/span> Leer m\u00e1s &raquo;<\/a><\/p>\n","protected":false},"featured_media":5204,"template":"","meta":{"_uag_custom_page_level_css":"","site-sidebar-layout":"default","site-content-layout":"","ast-site-content-layout":"default","site-content-style":"default","site-sidebar-style":"default","ast-global-header-display":"","ast-banner-title-visibility":"","ast-main-header-display":"","ast-hfb-above-header-display":"","ast-hfb-below-header-display":"","ast-hfb-mobile-header-display":"","site-post-title":"","ast-breadcrumbs-content":"","ast-featured-img":"","footer-sml-layout":"","theme-transparent-header-meta":"default","adv-header-id-meta":"","stick-header-meta":"","header-above-stick-meta":"","header-main-stick-meta":"","header-below-stick-meta":"","astra-migrate-meta-layouts":"set","_joinchat":[]},"product_brand":[],"product_cat":[131,138],"product_tag":[],"class_list":{"0":"post-5201","1":"product","2":"type-product","3":"status-publish","4":"has-post-thumbnail","6":"product_cat-unas","7":"product_cat-tornos","8":"desktop-align-center","9":"tablet-align-left","10":"mobile-align-left","12":"first","13":"outofstock","14":"shipping-taxable","15":"purchasable","16":"product-type-simple"},"uagb_featured_image_src":{"full":["https:\/\/varietieseym.com.uy\/wp-content\/uploads\/2024\/05\/1jxrr3qb3CRoai5OVcuplyDPmCbYo5WUuaVgT1SLi-A.webp",640,640,false],"thumbnail":["https:\/\/varietieseym.com.uy\/wp-content\/uploads\/2024\/05\/1jxrr3qb3CRoai5OVcuplyDPmCbYo5WUuaVgT1SLi-A-150x150.webp",150,150,true],"medium":["https:\/\/varietieseym.com.uy\/wp-content\/uploads\/2024\/05\/1jxrr3qb3CRoai5OVcuplyDPmCbYo5WUuaVgT1SLi-A-300x300.webp",300,300,true],"medium_large":["https:\/\/varietieseym.com.uy\/wp-content\/uploads\/2024\/05\/1jxrr3qb3CRoai5OVcuplyDPmCbYo5WUuaVgT1SLi-A.webp",640,640,false],"large":["https:\/\/varietieseym.com.uy\/wp-content\/uploads\/2024\/05\/1jxrr3qb3CRoai5OVcuplyDPmCbYo5WUuaVgT1SLi-A.webp",640,640,false],"1536x1536":["https:\/\/varietieseym.com.uy\/wp-content\/uploads\/2024\/05\/1jxrr3qb3CRoai5OVcuplyDPmCbYo5WUuaVgT1SLi-A.webp",640,640,false],"2048x2048":["https:\/\/varietieseym.com.uy\/wp-content\/uploads\/2024\/05\/1jxrr3qb3CRoai5OVcuplyDPmCbYo5WUuaVgT1SLi-A.webp",640,640,false],"woocommerce_thumbnail":["https:\/\/varietieseym.com.uy\/wp-content\/uploads\/2024\/05\/1jxrr3qb3CRoai5OVcuplyDPmCbYo5WUuaVgT1SLi-A-300x300.webp",300,300,true],"woocommerce_single":["https:\/\/varietieseym.com.uy\/wp-content\/uploads\/2024\/05\/1jxrr3qb3CRoai5OVcuplyDPmCbYo5WUuaVgT1SLi-A-600x600.webp",600,600,true],"woocommerce_gallery_thumbnail":["https:\/\/varietieseym.com.uy\/wp-content\/uploads\/2024\/05\/1jxrr3qb3CRoai5OVcuplyDPmCbYo5WUuaVgT1SLi-A-100x100.webp",100,100,true]},"uagb_author_info":{"display_name":"SyF Home","author_link":"https:\/\/varietieseym.com.uy\/index.php\/author\/"},"uagb_comment_info":0,"uagb_excerpt":"Torno profesionales de pulido de u\u00f1as. *Direcci\u00f3n de pulido hacia adelante\/hacia atr\u00e1s para cualquier uso con diestros o zurdos. *Taladro de u\u00f1as sal\u00f3n profesional y uso domestico. *Cierre de giro Tipo de portafresas, cierre de forma segura la fresa y \u00fasala de forma m\u00e1s segura. *35000RPM se pueden ajustar a voluntad. Alisa eficazmente los callos,&hellip;","_links":{"self":[{"href":"https:\/\/varietieseym.com.uy\/index.php\/wp-json\/wp\/v2\/product\/5201","targetHints":{"allow":["GET"]}}],"collection":[{"href":"https:\/\/varietieseym.com.uy\/index.php\/wp-json\/wp\/v2\/product"}],"about":[{"href":"https:\/\/varietieseym.com.uy\/index.php\/wp-json\/wp\/v2\/types\/product"}],"wp:featuredmedia":[{"embeddable":true,"href":"https:\/\/varietieseym.com.uy\/index.php\/wp-json\/wp\/v2\/media\/5204"}],"wp:attachment":[{"href":"https:\/\/varietieseym.com.uy\/index.php\/wp-json\/wp\/v2\/media?parent=5201"}],"wp:term":[{"taxonomy":"product_brand","embeddable":true,"href":"https:\/\/varietieseym.com.uy\/index.php\/wp-json\/wp\/v2\/product_brand?post=5201"},{"taxonomy":"product_cat","embeddable":true,"href":"https:\/\/varietieseym.com.uy\/index.php\/wp-json\/wp\/v2\/product_cat?post=5201"},{"taxonomy":"product_tag","embeddable":true,"href":"https:\/\/varietieseym.com.uy\/index.php\/wp-json\/wp\/v2\/product_tag?post=5201"}],"curies":[{"name":"wp","href":"https:\/\/api.w.org\/{rel}","templated":true}]}}