{"id":5210,"date":"2024-05-31T15:52:26","date_gmt":"2024-05-31T18:52:26","guid":{"rendered":"https:\/\/varietieseym.com.uy\/?post_type=product&#038;p=5210"},"modified":"2024-08-05T14:34:40","modified_gmt":"2024-08-05T17:34:40","slug":"organizador-acrilico-porta-esmalte-x4-314335","status":"publish","type":"product","link":"https:\/\/varietieseym.com.uy\/index.php\/producto\/organizador-acrilico-porta-esmalte-x4-314335\/","title":{"rendered":"Organizador acr\u00edlico porta esmalte x4 &#8211; 314335"},"content":{"rendered":"<p>Organizador de esmaltes en acr\u00edlico 4 Niveles Hecho de material de alta calidad, seguro, no toxico, ecol\u00f3gico y duradero para uso a largo plazo. Es perfecto para organizar y mostrar esmaltes u otras cosas. El dise\u00f1o de escaleras de capas puede ser el mejor para mostrar sus productos. Con tornillos configurados, puede instarlo de manera r\u00e1pida y c\u00f3modamente usted mismo. Tama\u00f1o del producto 31cm ancho, 18cm profundida, 14cm de alto.<\/p>\n","protected":false},"excerpt":{"rendered":"<p>Organizador de esmaltes en acr\u00edlico 4 Niveles Hecho de material de alta calidad, seguro, no toxico, ecol\u00f3gico y duradero para uso a largo plazo. Es perfecto para organizar y mostrar esmaltes u otras cosas. El dise\u00f1o de escaleras de capas puede ser el mejor para mostrar sus productos. Con tornillos configurados, puede instarlo de manera &hellip;<\/p>\n<p class=\"read-more\"> <a class=\"\" href=\"https:\/\/varietieseym.com.uy\/index.php\/producto\/organizador-acrilico-porta-esmalte-x4-314335\/\"> <span class=\"screen-reader-text\">Organizador acr\u00edlico porta esmalte x4 &#8211; 314335<\/span> Leer m\u00e1s &raquo;<\/a><\/p>\n","protected":false},"featured_media":5209,"template":"","meta":{"_uag_custom_page_level_css":"","site-sidebar-layout":"default","site-content-layout":"","ast-site-content-layout":"default","site-content-style":"default","site-sidebar-style":"default","ast-global-header-display":"","ast-banner-title-visibility":"","ast-main-header-display":"","ast-hfb-above-header-display":"","ast-hfb-below-header-display":"","ast-hfb-mobile-header-display":"","site-post-title":"","ast-breadcrumbs-content":"","ast-featured-img":"","footer-sml-layout":"","theme-transparent-header-meta":"default","adv-header-id-meta":"","stick-header-meta":"","header-above-stick-meta":"","header-main-stick-meta":"","header-below-stick-meta":"","astra-migrate-meta-layouts":"set","_joinchat":[]},"product_brand":[],"product_cat":[131,134],"product_tag":[],"class_list":{"0":"post-5210","1":"product","2":"type-product","3":"status-publish","4":"has-post-thumbnail","6":"product_cat-unas","7":"product_cat-organizadores","8":"desktop-align-center","9":"tablet-align-left","10":"mobile-align-left","12":"first","13":"instock","14":"shipping-taxable","15":"purchasable","16":"product-type-simple"},"uagb_featured_image_src":{"full":["https:\/\/varietieseym.com.uy\/wp-content\/uploads\/2024\/05\/12l6vGKsUng68BN-xAKDToB9WzSBNloLPFDv9pSqU1g.webp",643,562,false],"thumbnail":["https:\/\/varietieseym.com.uy\/wp-content\/uploads\/2024\/05\/12l6vGKsUng68BN-xAKDToB9WzSBNloLPFDv9pSqU1g-150x150.webp",150,150,true],"medium":["https:\/\/varietieseym.com.uy\/wp-content\/uploads\/2024\/05\/12l6vGKsUng68BN-xAKDToB9WzSBNloLPFDv9pSqU1g-300x262.webp",300,262,true],"medium_large":["https:\/\/varietieseym.com.uy\/wp-content\/uploads\/2024\/05\/12l6vGKsUng68BN-xAKDToB9WzSBNloLPFDv9pSqU1g.webp",643,562,false],"large":["https:\/\/varietieseym.com.uy\/wp-content\/uploads\/2024\/05\/12l6vGKsUng68BN-xAKDToB9WzSBNloLPFDv9pSqU1g.webp",643,562,false],"1536x1536":["https:\/\/varietieseym.com.uy\/wp-content\/uploads\/2024\/05\/12l6vGKsUng68BN-xAKDToB9WzSBNloLPFDv9pSqU1g.webp",643,562,false],"2048x2048":["https:\/\/varietieseym.com.uy\/wp-content\/uploads\/2024\/05\/12l6vGKsUng68BN-xAKDToB9WzSBNloLPFDv9pSqU1g.webp",643,562,false],"woocommerce_thumbnail":["https:\/\/varietieseym.com.uy\/wp-content\/uploads\/2024\/05\/12l6vGKsUng68BN-xAKDToB9WzSBNloLPFDv9pSqU1g-300x300.webp",300,300,true],"woocommerce_single":["https:\/\/varietieseym.com.uy\/wp-content\/uploads\/2024\/05\/12l6vGKsUng68BN-xAKDToB9WzSBNloLPFDv9pSqU1g-600x524.webp",600,524,true],"woocommerce_gallery_thumbnail":["https:\/\/varietieseym.com.uy\/wp-content\/uploads\/2024\/05\/12l6vGKsUng68BN-xAKDToB9WzSBNloLPFDv9pSqU1g-100x100.webp",100,100,true]},"uagb_author_info":{"display_name":"SyF Home","author_link":"https:\/\/varietieseym.com.uy\/index.php\/author\/"},"uagb_comment_info":0,"uagb_excerpt":"Organizador de esmaltes en acr\u00edlico 4 Niveles Hecho de material de alta calidad, seguro, no toxico, ecol\u00f3gico y duradero para uso a largo plazo. Es perfecto para organizar y mostrar esmaltes u otras cosas. El dise\u00f1o de escaleras de capas puede ser el mejor para mostrar sus productos. Con tornillos configurados, puede instarlo de manera&hellip;","_links":{"self":[{"href":"https:\/\/varietieseym.com.uy\/index.php\/wp-json\/wp\/v2\/product\/5210","targetHints":{"allow":["GET"]}}],"collection":[{"href":"https:\/\/varietieseym.com.uy\/index.php\/wp-json\/wp\/v2\/product"}],"about":[{"href":"https:\/\/varietieseym.com.uy\/index.php\/wp-json\/wp\/v2\/types\/product"}],"wp:featuredmedia":[{"embeddable":true,"href":"https:\/\/varietieseym.com.uy\/index.php\/wp-json\/wp\/v2\/media\/5209"}],"wp:attachment":[{"href":"https:\/\/varietieseym.com.uy\/index.php\/wp-json\/wp\/v2\/media?parent=5210"}],"wp:term":[{"taxonomy":"product_brand","embeddable":true,"href":"https:\/\/varietieseym.com.uy\/index.php\/wp-json\/wp\/v2\/product_brand?post=5210"},{"taxonomy":"product_cat","embeddable":true,"href":"https:\/\/varietieseym.com.uy\/index.php\/wp-json\/wp\/v2\/product_cat?post=5210"},{"taxonomy":"product_tag","embeddable":true,"href":"https:\/\/varietieseym.com.uy\/index.php\/wp-json\/wp\/v2\/product_tag?post=5210"}],"curies":[{"name":"wp","href":"https:\/\/api.w.org\/{rel}","templated":true}]}}