{"id":5212,"date":"2024-05-31T15:53:10","date_gmt":"2024-05-31T18:53:10","guid":{"rendered":"https:\/\/varietieseym.com.uy\/?post_type=product&#038;p=5212"},"modified":"2024-07-21T12:57:16","modified_gmt":"2024-07-21T15:57:16","slug":"organizador-acrilico-porta-esmalte-x6-49948","status":"publish","type":"product","link":"https:\/\/varietieseym.com.uy\/index.php\/producto\/organizador-acrilico-porta-esmalte-x6-49948\/","title":{"rendered":"Organizador acr\u00edlico porta esmalte x6 &#8211; 49948"},"content":{"rendered":"<p>Organizador de Acr\u00edlico 6 niveles 1. Hecho de material acr\u00edlico de alta calidad, que es seguro, no t\u00f3xico, ecol\u00f3gico y duradero para uso a largo plazo. 2. Es perfecto para la organizaci\u00f3n y visualizaci\u00f3n de esmalte de u\u00f1as y otras cosas. 3. El Dise\u00f1o de escalera de capas puede ser mejor para mostrar productos. 4. Una vez los tornillos preparados, puedes instalarlo r\u00e1pida y c\u00f3modamente. 5. Placa transparente y el lado del dise\u00f1o perfecto del radi\u00e1n, haci\u00e9ndola hermosa y a la moda.<\/p>\n","protected":false},"excerpt":{"rendered":"<p>Organizador de Acr\u00edlico 6 niveles 1. Hecho de material acr\u00edlico de alta calidad, que es seguro, no t\u00f3xico, ecol\u00f3gico y duradero para uso a largo plazo. 2. Es perfecto para la organizaci\u00f3n y visualizaci\u00f3n de esmalte de u\u00f1as y otras cosas. 3. El Dise\u00f1o de escalera de capas puede ser mejor para mostrar productos. 4. &hellip;<\/p>\n<p class=\"read-more\"> <a class=\"\" href=\"https:\/\/varietieseym.com.uy\/index.php\/producto\/organizador-acrilico-porta-esmalte-x6-49948\/\"> <span class=\"screen-reader-text\">Organizador acr\u00edlico porta esmalte x6 &#8211; 49948<\/span> Leer m\u00e1s &raquo;<\/a><\/p>\n","protected":false},"featured_media":5213,"template":"","meta":{"_uag_custom_page_level_css":"","site-sidebar-layout":"default","site-content-layout":"","ast-site-content-layout":"default","site-content-style":"default","site-sidebar-style":"default","ast-global-header-display":"","ast-banner-title-visibility":"","ast-main-header-display":"","ast-hfb-above-header-display":"","ast-hfb-below-header-display":"","ast-hfb-mobile-header-display":"","site-post-title":"","ast-breadcrumbs-content":"","ast-featured-img":"","footer-sml-layout":"","theme-transparent-header-meta":"default","adv-header-id-meta":"","stick-header-meta":"","header-above-stick-meta":"","header-main-stick-meta":"","header-below-stick-meta":"","astra-migrate-meta-layouts":"set","_joinchat":[]},"product_brand":[],"product_cat":[131,134],"product_tag":[],"class_list":{"0":"post-5212","1":"product","2":"type-product","3":"status-publish","4":"has-post-thumbnail","6":"product_cat-unas","7":"product_cat-organizadores","8":"desktop-align-center","9":"tablet-align-left","10":"mobile-align-left","12":"first","13":"instock","14":"shipping-taxable","15":"purchasable","16":"product-type-simple"},"uagb_featured_image_src":{"full":["https:\/\/varietieseym.com.uy\/wp-content\/uploads\/2024\/05\/1IgtbND87dpGRQwyczuJbcbpj4nVBS2BogCGE4OObnA.jpg",1500,1045,false],"thumbnail":["https:\/\/varietieseym.com.uy\/wp-content\/uploads\/2024\/05\/1IgtbND87dpGRQwyczuJbcbpj4nVBS2BogCGE4OObnA-150x150.jpg",150,150,true],"medium":["https:\/\/varietieseym.com.uy\/wp-content\/uploads\/2024\/05\/1IgtbND87dpGRQwyczuJbcbpj4nVBS2BogCGE4OObnA-300x209.jpg",300,209,true],"medium_large":["https:\/\/varietieseym.com.uy\/wp-content\/uploads\/2024\/05\/1IgtbND87dpGRQwyczuJbcbpj4nVBS2BogCGE4OObnA-768x535.jpg",768,535,true],"large":["https:\/\/varietieseym.com.uy\/wp-content\/uploads\/2024\/05\/1IgtbND87dpGRQwyczuJbcbpj4nVBS2BogCGE4OObnA-1024x713.jpg",1024,713,true],"1536x1536":["https:\/\/varietieseym.com.uy\/wp-content\/uploads\/2024\/05\/1IgtbND87dpGRQwyczuJbcbpj4nVBS2BogCGE4OObnA.jpg",1500,1045,false],"2048x2048":["https:\/\/varietieseym.com.uy\/wp-content\/uploads\/2024\/05\/1IgtbND87dpGRQwyczuJbcbpj4nVBS2BogCGE4OObnA.jpg",1500,1045,false],"woocommerce_thumbnail":["https:\/\/varietieseym.com.uy\/wp-content\/uploads\/2024\/05\/1IgtbND87dpGRQwyczuJbcbpj4nVBS2BogCGE4OObnA-300x300.jpg",300,300,true],"woocommerce_single":["https:\/\/varietieseym.com.uy\/wp-content\/uploads\/2024\/05\/1IgtbND87dpGRQwyczuJbcbpj4nVBS2BogCGE4OObnA-600x418.jpg",600,418,true],"woocommerce_gallery_thumbnail":["https:\/\/varietieseym.com.uy\/wp-content\/uploads\/2024\/05\/1IgtbND87dpGRQwyczuJbcbpj4nVBS2BogCGE4OObnA-100x100.jpg",100,100,true]},"uagb_author_info":{"display_name":"SyF Home","author_link":"https:\/\/varietieseym.com.uy\/index.php\/author\/"},"uagb_comment_info":0,"uagb_excerpt":"Organizador de Acr\u00edlico 6 niveles 1. Hecho de material acr\u00edlico de alta calidad, que es seguro, no t\u00f3xico, ecol\u00f3gico y duradero para uso a largo plazo. 2. Es perfecto para la organizaci\u00f3n y visualizaci\u00f3n de esmalte de u\u00f1as y otras cosas. 3. El Dise\u00f1o de escalera de capas puede ser mejor para mostrar productos. 4.&hellip;","_links":{"self":[{"href":"https:\/\/varietieseym.com.uy\/index.php\/wp-json\/wp\/v2\/product\/5212","targetHints":{"allow":["GET"]}}],"collection":[{"href":"https:\/\/varietieseym.com.uy\/index.php\/wp-json\/wp\/v2\/product"}],"about":[{"href":"https:\/\/varietieseym.com.uy\/index.php\/wp-json\/wp\/v2\/types\/product"}],"wp:featuredmedia":[{"embeddable":true,"href":"https:\/\/varietieseym.com.uy\/index.php\/wp-json\/wp\/v2\/media\/5213"}],"wp:attachment":[{"href":"https:\/\/varietieseym.com.uy\/index.php\/wp-json\/wp\/v2\/media?parent=5212"}],"wp:term":[{"taxonomy":"product_brand","embeddable":true,"href":"https:\/\/varietieseym.com.uy\/index.php\/wp-json\/wp\/v2\/product_brand?post=5212"},{"taxonomy":"product_cat","embeddable":true,"href":"https:\/\/varietieseym.com.uy\/index.php\/wp-json\/wp\/v2\/product_cat?post=5212"},{"taxonomy":"product_tag","embeddable":true,"href":"https:\/\/varietieseym.com.uy\/index.php\/wp-json\/wp\/v2\/product_tag?post=5212"}],"curies":[{"name":"wp","href":"https:\/\/api.w.org\/{rel}","templated":true}]}}