{"id":5231,"date":"2024-05-31T16:01:11","date_gmt":"2024-05-31T19:01:11","guid":{"rendered":"https:\/\/varietieseym.com.uy\/?post_type=product&#038;p=5231"},"modified":"2024-05-31T16:01:11","modified_gmt":"2024-05-31T19:01:11","slug":"pincel-acrilico-100-kolinsky-08-809214","status":"publish","type":"product","link":"https:\/\/varietieseym.com.uy\/index.php\/producto\/pincel-acrilico-100-kolinsky-08-809214\/","title":{"rendered":"Pincel Acrilico 100% Kolinsky #08 &#8211; 809214"},"content":{"rendered":"<p>Pincel Profesional Kolinsky #08 100% pelo natural 100% nuevo y de alta calidad, perfecto para sal\u00f3n de u\u00f1as profesional y personal Este cepillo con una cabeza plana redonda, y la cabeza fue engarzada, lo que lo hace ser el cepillo m\u00e1s perfecto para el constructor de acr\u00edlico. Los pinceles hechos de pelo 100% Kolinsky son ampliamente conocidos por ser los mejores disponibles, ofreciendo espectaculares resultados de moda de u\u00f1as artificiales. los pelos de los cepillos son lo suficientemente fuertes como para empujar y dar forma al acr\u00edlico, pero son flexibles y suaves para dar un toque final. Este cepillo es redondo, que se engarza en la base del cepillo, lo que hace que el vientre sea m\u00e1s plano mientras se mantiene c\u00f3nico. Punto para precisi\u00f3n y control.<\/p>\n","protected":false},"excerpt":{"rendered":"<p>Pincel Profesional Kolinsky #08 100% pelo natural 100% nuevo y de alta calidad, perfecto para sal\u00f3n de u\u00f1as profesional y personal Este cepillo con una cabeza plana redonda, y la cabeza fue engarzada, lo que lo hace ser el cepillo m\u00e1s perfecto para el constructor de acr\u00edlico. Los pinceles hechos de pelo 100% Kolinsky son &hellip;<\/p>\n<p class=\"read-more\"> <a class=\"\" href=\"https:\/\/varietieseym.com.uy\/index.php\/producto\/pincel-acrilico-100-kolinsky-08-809214\/\"> <span class=\"screen-reader-text\">Pincel Acrilico 100% Kolinsky #08 &#8211; 809214<\/span> Leer m\u00e1s &raquo;<\/a><\/p>\n","protected":false},"featured_media":5228,"template":"","meta":{"_uag_custom_page_level_css":"","site-sidebar-layout":"default","site-content-layout":"","ast-site-content-layout":"default","site-content-style":"default","site-sidebar-style":"default","ast-global-header-display":"","ast-banner-title-visibility":"","ast-main-header-display":"","ast-hfb-above-header-display":"","ast-hfb-below-header-display":"","ast-hfb-mobile-header-display":"","site-post-title":"","ast-breadcrumbs-content":"","ast-featured-img":"","footer-sml-layout":"","theme-transparent-header-meta":"default","adv-header-id-meta":"","stick-header-meta":"","header-above-stick-meta":"","header-main-stick-meta":"","header-below-stick-meta":"","astra-migrate-meta-layouts":"set","_joinchat":[]},"product_brand":[],"product_cat":[131,135],"product_tag":[],"class_list":{"0":"post-5231","1":"product","2":"type-product","3":"status-publish","4":"has-post-thumbnail","6":"product_cat-unas","7":"product_cat-pinceles","8":"desktop-align-center","9":"tablet-align-left","10":"mobile-align-left","12":"first","13":"instock","14":"shipping-taxable","15":"purchasable","16":"product-type-simple"},"uagb_featured_image_src":{"full":["https:\/\/varietieseym.com.uy\/wp-content\/uploads\/2024\/05\/1YkYiVzTCxQS0eVU8n9nR8yyM4Zlf9XcckqA4CkJ4YQ.webp",1600,968,false],"thumbnail":["https:\/\/varietieseym.com.uy\/wp-content\/uploads\/2024\/05\/1YkYiVzTCxQS0eVU8n9nR8yyM4Zlf9XcckqA4CkJ4YQ-150x150.webp",150,150,true],"medium":["https:\/\/varietieseym.com.uy\/wp-content\/uploads\/2024\/05\/1YkYiVzTCxQS0eVU8n9nR8yyM4Zlf9XcckqA4CkJ4YQ-300x182.webp",300,182,true],"medium_large":["https:\/\/varietieseym.com.uy\/wp-content\/uploads\/2024\/05\/1YkYiVzTCxQS0eVU8n9nR8yyM4Zlf9XcckqA4CkJ4YQ-768x465.webp",768,465,true],"large":["https:\/\/varietieseym.com.uy\/wp-content\/uploads\/2024\/05\/1YkYiVzTCxQS0eVU8n9nR8yyM4Zlf9XcckqA4CkJ4YQ-1024x620.webp",1024,620,true],"1536x1536":["https:\/\/varietieseym.com.uy\/wp-content\/uploads\/2024\/05\/1YkYiVzTCxQS0eVU8n9nR8yyM4Zlf9XcckqA4CkJ4YQ-1536x929.webp",1536,929,true],"2048x2048":["https:\/\/varietieseym.com.uy\/wp-content\/uploads\/2024\/05\/1YkYiVzTCxQS0eVU8n9nR8yyM4Zlf9XcckqA4CkJ4YQ.webp",1600,968,false],"woocommerce_thumbnail":["https:\/\/varietieseym.com.uy\/wp-content\/uploads\/2024\/05\/1YkYiVzTCxQS0eVU8n9nR8yyM4Zlf9XcckqA4CkJ4YQ-300x300.webp",300,300,true],"woocommerce_single":["https:\/\/varietieseym.com.uy\/wp-content\/uploads\/2024\/05\/1YkYiVzTCxQS0eVU8n9nR8yyM4Zlf9XcckqA4CkJ4YQ-600x363.webp",600,363,true],"woocommerce_gallery_thumbnail":["https:\/\/varietieseym.com.uy\/wp-content\/uploads\/2024\/05\/1YkYiVzTCxQS0eVU8n9nR8yyM4Zlf9XcckqA4CkJ4YQ-100x100.webp",100,100,true]},"uagb_author_info":{"display_name":"SyF Home","author_link":"https:\/\/varietieseym.com.uy\/index.php\/author\/"},"uagb_comment_info":0,"uagb_excerpt":"Pincel Profesional Kolinsky #08 100% pelo natural 100% nuevo y de alta calidad, perfecto para sal\u00f3n de u\u00f1as profesional y personal Este cepillo con una cabeza plana redonda, y la cabeza fue engarzada, lo que lo hace ser el cepillo m\u00e1s perfecto para el constructor de acr\u00edlico. Los pinceles hechos de pelo 100% Kolinsky son&hellip;","_links":{"self":[{"href":"https:\/\/varietieseym.com.uy\/index.php\/wp-json\/wp\/v2\/product\/5231","targetHints":{"allow":["GET"]}}],"collection":[{"href":"https:\/\/varietieseym.com.uy\/index.php\/wp-json\/wp\/v2\/product"}],"about":[{"href":"https:\/\/varietieseym.com.uy\/index.php\/wp-json\/wp\/v2\/types\/product"}],"wp:featuredmedia":[{"embeddable":true,"href":"https:\/\/varietieseym.com.uy\/index.php\/wp-json\/wp\/v2\/media\/5228"}],"wp:attachment":[{"href":"https:\/\/varietieseym.com.uy\/index.php\/wp-json\/wp\/v2\/media?parent=5231"}],"wp:term":[{"taxonomy":"product_brand","embeddable":true,"href":"https:\/\/varietieseym.com.uy\/index.php\/wp-json\/wp\/v2\/product_brand?post=5231"},{"taxonomy":"product_cat","embeddable":true,"href":"https:\/\/varietieseym.com.uy\/index.php\/wp-json\/wp\/v2\/product_cat?post=5231"},{"taxonomy":"product_tag","embeddable":true,"href":"https:\/\/varietieseym.com.uy\/index.php\/wp-json\/wp\/v2\/product_tag?post=5231"}],"curies":[{"name":"wp","href":"https:\/\/api.w.org\/{rel}","templated":true}]}}