{"id":5315,"date":"2024-06-01T19:53:24","date_gmt":"2024-06-01T22:53:24","guid":{"rendered":"https:\/\/varietieseym.com.uy\/?post_type=product&#038;p=5315"},"modified":"2024-06-01T19:53:24","modified_gmt":"2024-06-01T22:53:24","slug":"set-6-pinceles-nylon-colores-352658","status":"publish","type":"product","link":"https:\/\/varietieseym.com.uy\/index.php\/producto\/set-6-pinceles-nylon-colores-352658\/","title":{"rendered":"Set 6 pinceles Nylon colores &#8211; 352658"},"content":{"rendered":"<p>*Piezas de pinceles para decoraci\u00f3n de u\u00f1as, pincel plano, pincel biselado, pincel de Gel para u\u00f1as, pincel de dibujo, bol\u00edgrafo tallado para u\u00f1as, bol\u00edgrafo punteado *El mango est\u00e1 hecho de madera con un cuerpo suave y brillante y un conjunto de color caramelo. C\u00f3modo de sostener y f\u00e1cil de usar. *Obtenga el efecto de sal\u00f3n en casa, el pincel de u\u00f1as Aokitec no solo es la mejor opci\u00f3n para manicuristas si no para uso personal. *Disfrute de una experiencia de sal\u00f3n en casa.<\/p>\n","protected":false},"excerpt":{"rendered":"<p>*Piezas de pinceles para decoraci\u00f3n de u\u00f1as, pincel plano, pincel biselado, pincel de Gel para u\u00f1as, pincel de dibujo, bol\u00edgrafo tallado para u\u00f1as, bol\u00edgrafo punteado *El mango est\u00e1 hecho de madera con un cuerpo suave y brillante y un conjunto de color caramelo. C\u00f3modo de sostener y f\u00e1cil de usar. *Obtenga el efecto de sal\u00f3n &hellip;<\/p>\n<p class=\"read-more\"> <a class=\"\" href=\"https:\/\/varietieseym.com.uy\/index.php\/producto\/set-6-pinceles-nylon-colores-352658\/\"> <span class=\"screen-reader-text\">Set 6 pinceles Nylon colores &#8211; 352658<\/span> Leer m\u00e1s &raquo;<\/a><\/p>\n","protected":false},"featured_media":5319,"template":"","meta":{"_uag_custom_page_level_css":"","site-sidebar-layout":"default","site-content-layout":"","ast-site-content-layout":"default","site-content-style":"default","site-sidebar-style":"default","ast-global-header-display":"","ast-banner-title-visibility":"","ast-main-header-display":"","ast-hfb-above-header-display":"","ast-hfb-below-header-display":"","ast-hfb-mobile-header-display":"","site-post-title":"","ast-breadcrumbs-content":"","ast-featured-img":"","footer-sml-layout":"","theme-transparent-header-meta":"default","adv-header-id-meta":"","stick-header-meta":"","header-above-stick-meta":"","header-main-stick-meta":"","header-below-stick-meta":"","astra-migrate-meta-layouts":"set","_joinchat":[]},"product_brand":[],"product_cat":[131,135],"product_tag":[],"class_list":{"0":"post-5315","1":"product","2":"type-product","3":"status-publish","4":"has-post-thumbnail","6":"product_cat-unas","7":"product_cat-pinceles","8":"desktop-align-center","9":"tablet-align-left","10":"mobile-align-left","12":"first","13":"instock","14":"shipping-taxable","15":"purchasable","16":"product-type-simple"},"uagb_featured_image_src":{"full":["https:\/\/varietieseym.com.uy\/wp-content\/uploads\/2024\/06\/1Ze5Eo3qSc7jucuC2zWUWypJPLY4nJUhrwiXFxgRarw.png",631,645,false],"thumbnail":["https:\/\/varietieseym.com.uy\/wp-content\/uploads\/2024\/06\/1Ze5Eo3qSc7jucuC2zWUWypJPLY4nJUhrwiXFxgRarw-150x150.png",150,150,true],"medium":["https:\/\/varietieseym.com.uy\/wp-content\/uploads\/2024\/06\/1Ze5Eo3qSc7jucuC2zWUWypJPLY4nJUhrwiXFxgRarw-293x300.png",293,300,true],"medium_large":["https:\/\/varietieseym.com.uy\/wp-content\/uploads\/2024\/06\/1Ze5Eo3qSc7jucuC2zWUWypJPLY4nJUhrwiXFxgRarw.png",631,645,false],"large":["https:\/\/varietieseym.com.uy\/wp-content\/uploads\/2024\/06\/1Ze5Eo3qSc7jucuC2zWUWypJPLY4nJUhrwiXFxgRarw.png",631,645,false],"1536x1536":["https:\/\/varietieseym.com.uy\/wp-content\/uploads\/2024\/06\/1Ze5Eo3qSc7jucuC2zWUWypJPLY4nJUhrwiXFxgRarw.png",631,645,false],"2048x2048":["https:\/\/varietieseym.com.uy\/wp-content\/uploads\/2024\/06\/1Ze5Eo3qSc7jucuC2zWUWypJPLY4nJUhrwiXFxgRarw.png",631,645,false],"woocommerce_thumbnail":["https:\/\/varietieseym.com.uy\/wp-content\/uploads\/2024\/06\/1Ze5Eo3qSc7jucuC2zWUWypJPLY4nJUhrwiXFxgRarw-300x300.png",300,300,true],"woocommerce_single":["https:\/\/varietieseym.com.uy\/wp-content\/uploads\/2024\/06\/1Ze5Eo3qSc7jucuC2zWUWypJPLY4nJUhrwiXFxgRarw-600x613.png",600,613,true],"woocommerce_gallery_thumbnail":["https:\/\/varietieseym.com.uy\/wp-content\/uploads\/2024\/06\/1Ze5Eo3qSc7jucuC2zWUWypJPLY4nJUhrwiXFxgRarw-100x100.png",100,100,true]},"uagb_author_info":{"display_name":"SyF Home","author_link":"https:\/\/varietieseym.com.uy\/index.php\/author\/"},"uagb_comment_info":0,"uagb_excerpt":"*Piezas de pinceles para decoraci\u00f3n de u\u00f1as, pincel plano, pincel biselado, pincel de Gel para u\u00f1as, pincel de dibujo, bol\u00edgrafo tallado para u\u00f1as, bol\u00edgrafo punteado *El mango est\u00e1 hecho de madera con un cuerpo suave y brillante y un conjunto de color caramelo. C\u00f3modo de sostener y f\u00e1cil de usar. *Obtenga el efecto de sal\u00f3n&hellip;","_links":{"self":[{"href":"https:\/\/varietieseym.com.uy\/index.php\/wp-json\/wp\/v2\/product\/5315","targetHints":{"allow":["GET"]}}],"collection":[{"href":"https:\/\/varietieseym.com.uy\/index.php\/wp-json\/wp\/v2\/product"}],"about":[{"href":"https:\/\/varietieseym.com.uy\/index.php\/wp-json\/wp\/v2\/types\/product"}],"wp:featuredmedia":[{"embeddable":true,"href":"https:\/\/varietieseym.com.uy\/index.php\/wp-json\/wp\/v2\/media\/5319"}],"wp:attachment":[{"href":"https:\/\/varietieseym.com.uy\/index.php\/wp-json\/wp\/v2\/media?parent=5315"}],"wp:term":[{"taxonomy":"product_brand","embeddable":true,"href":"https:\/\/varietieseym.com.uy\/index.php\/wp-json\/wp\/v2\/product_brand?post=5315"},{"taxonomy":"product_cat","embeddable":true,"href":"https:\/\/varietieseym.com.uy\/index.php\/wp-json\/wp\/v2\/product_cat?post=5315"},{"taxonomy":"product_tag","embeddable":true,"href":"https:\/\/varietieseym.com.uy\/index.php\/wp-json\/wp\/v2\/product_tag?post=5315"}],"curies":[{"name":"wp","href":"https:\/\/api.w.org\/{rel}","templated":true}]}}