{"id":5394,"date":"2024-06-02T19:20:51","date_gmt":"2024-06-02T22:20:51","guid":{"rendered":"https:\/\/varietieseym.com.uy\/?post_type=product&#038;p=5394"},"modified":"2025-03-19T18:09:32","modified_gmt":"2025-03-19T21:09:32","slug":"bond-aid-dz-3747","status":"publish","type":"product","link":"https:\/\/varietieseym.com.uy\/index.php\/producto\/bond-aid-dz-3747\/","title":{"rendered":"Bond Aid D&#038;Z &#8211; 3747"},"content":{"rendered":"<p>15 ml Esta capa base es delgada y f\u00e1cil de aplicar, perfecta para el pulido en gel y la aplicaci\u00f3n de fibras, hidratando las hebras sin dejar marcas.\u00a0Adem\u00e1s, cuenta con una funci\u00f3n de ayuda al pegado, lo que le dar\u00e1 mayor adherencia al resto del material que se vaya a aplicar.\u00a0 Se requiere cabina para el curado de la capa base. Nueva tecnolog\u00eda para uso en extensiones de u\u00f1as de gel, fibra de vidrio y acr\u00edlico.<\/p>\n","protected":false},"excerpt":{"rendered":"<p>15 ml Esta capa base es delgada y f\u00e1cil de aplicar, perfecta para el pulido en gel y la aplicaci\u00f3n de fibras, hidratando las hebras sin dejar marcas.\u00a0Adem\u00e1s, cuenta con una funci\u00f3n de ayuda al pegado, lo que le dar\u00e1 mayor adherencia al resto del material que se vaya a aplicar.\u00a0 Se requiere cabina para &hellip;<\/p>\n<p class=\"read-more\"> <a class=\"\" href=\"https:\/\/varietieseym.com.uy\/index.php\/producto\/bond-aid-dz-3747\/\"> <span class=\"screen-reader-text\">Bond Aid D&#038;Z &#8211; 3747<\/span> Leer m\u00e1s &raquo;<\/a><\/p>\n","protected":false},"featured_media":5395,"template":"","meta":{"_uag_custom_page_level_css":"","site-sidebar-layout":"default","site-content-layout":"","ast-site-content-layout":"default","site-content-style":"default","site-sidebar-style":"default","ast-global-header-display":"","ast-banner-title-visibility":"","ast-main-header-display":"","ast-hfb-above-header-display":"","ast-hfb-below-header-display":"","ast-hfb-mobile-header-display":"","site-post-title":"","ast-breadcrumbs-content":"","ast-featured-img":"","footer-sml-layout":"","theme-transparent-header-meta":"default","adv-header-id-meta":"","stick-header-meta":"","header-above-stick-meta":"","header-main-stick-meta":"","header-below-stick-meta":"","astra-migrate-meta-layouts":"set","_joinchat":[]},"product_brand":[],"product_cat":[197,131],"product_tag":[],"class_list":{"0":"post-5394","1":"product","2":"type-product","3":"status-publish","4":"has-post-thumbnail","6":"product_cat-preparadores","7":"product_cat-unas","8":"desktop-align-center","9":"tablet-align-left","10":"mobile-align-left","12":"first","13":"outofstock","14":"shipping-taxable","15":"purchasable","16":"product-type-simple"},"uagb_featured_image_src":{"full":["https:\/\/varietieseym.com.uy\/wp-content\/uploads\/2024\/06\/1yT6gJ7Ca5L2jq3AbBLk58LJpbAJtPt4Z4dVY_0rpFg.png",1201,1600,false],"thumbnail":["https:\/\/varietieseym.com.uy\/wp-content\/uploads\/2024\/06\/1yT6gJ7Ca5L2jq3AbBLk58LJpbAJtPt4Z4dVY_0rpFg-150x150.png",150,150,true],"medium":["https:\/\/varietieseym.com.uy\/wp-content\/uploads\/2024\/06\/1yT6gJ7Ca5L2jq3AbBLk58LJpbAJtPt4Z4dVY_0rpFg-225x300.png",225,300,true],"medium_large":["https:\/\/varietieseym.com.uy\/wp-content\/uploads\/2024\/06\/1yT6gJ7Ca5L2jq3AbBLk58LJpbAJtPt4Z4dVY_0rpFg-768x1023.png",768,1023,true],"large":["https:\/\/varietieseym.com.uy\/wp-content\/uploads\/2024\/06\/1yT6gJ7Ca5L2jq3AbBLk58LJpbAJtPt4Z4dVY_0rpFg-769x1024.png",769,1024,true],"1536x1536":["https:\/\/varietieseym.com.uy\/wp-content\/uploads\/2024\/06\/1yT6gJ7Ca5L2jq3AbBLk58LJpbAJtPt4Z4dVY_0rpFg-1153x1536.png",1153,1536,true],"2048x2048":["https:\/\/varietieseym.com.uy\/wp-content\/uploads\/2024\/06\/1yT6gJ7Ca5L2jq3AbBLk58LJpbAJtPt4Z4dVY_0rpFg.png",1201,1600,false],"woocommerce_thumbnail":["https:\/\/varietieseym.com.uy\/wp-content\/uploads\/2024\/06\/1yT6gJ7Ca5L2jq3AbBLk58LJpbAJtPt4Z4dVY_0rpFg-300x300.png",300,300,true],"woocommerce_single":["https:\/\/varietieseym.com.uy\/wp-content\/uploads\/2024\/06\/1yT6gJ7Ca5L2jq3AbBLk58LJpbAJtPt4Z4dVY_0rpFg-600x799.png",600,799,true],"woocommerce_gallery_thumbnail":["https:\/\/varietieseym.com.uy\/wp-content\/uploads\/2024\/06\/1yT6gJ7Ca5L2jq3AbBLk58LJpbAJtPt4Z4dVY_0rpFg-100x100.png",100,100,true]},"uagb_author_info":{"display_name":"SyF Home","author_link":"https:\/\/varietieseym.com.uy\/index.php\/author\/"},"uagb_comment_info":0,"uagb_excerpt":"15 ml Esta capa base es delgada y f\u00e1cil de aplicar, perfecta para el pulido en gel y la aplicaci\u00f3n de fibras, hidratando las hebras sin dejar marcas.\u00a0Adem\u00e1s, cuenta con una funci\u00f3n de ayuda al pegado, lo que le dar\u00e1 mayor adherencia al resto del material que se vaya a aplicar.\u00a0 Se requiere cabina para&hellip;","_links":{"self":[{"href":"https:\/\/varietieseym.com.uy\/index.php\/wp-json\/wp\/v2\/product\/5394","targetHints":{"allow":["GET"]}}],"collection":[{"href":"https:\/\/varietieseym.com.uy\/index.php\/wp-json\/wp\/v2\/product"}],"about":[{"href":"https:\/\/varietieseym.com.uy\/index.php\/wp-json\/wp\/v2\/types\/product"}],"wp:featuredmedia":[{"embeddable":true,"href":"https:\/\/varietieseym.com.uy\/index.php\/wp-json\/wp\/v2\/media\/5395"}],"wp:attachment":[{"href":"https:\/\/varietieseym.com.uy\/index.php\/wp-json\/wp\/v2\/media?parent=5394"}],"wp:term":[{"taxonomy":"product_brand","embeddable":true,"href":"https:\/\/varietieseym.com.uy\/index.php\/wp-json\/wp\/v2\/product_brand?post=5394"},{"taxonomy":"product_cat","embeddable":true,"href":"https:\/\/varietieseym.com.uy\/index.php\/wp-json\/wp\/v2\/product_cat?post=5394"},{"taxonomy":"product_tag","embeddable":true,"href":"https:\/\/varietieseym.com.uy\/index.php\/wp-json\/wp\/v2\/product_tag?post=5394"}],"curies":[{"name":"wp","href":"https:\/\/api.w.org\/{rel}","templated":true}]}}