{"id":5411,"date":"2024-06-02T19:26:59","date_gmt":"2024-06-02T22:26:59","guid":{"rendered":"https:\/\/varietieseym.com.uy\/?post_type=product&#038;p=5411"},"modified":"2024-11-26T14:21:39","modified_gmt":"2024-11-26T17:21:39","slug":"removedor-de-semipermanente-loveyes-3755","status":"publish","type":"product","link":"https:\/\/varietieseym.com.uy\/index.php\/producto\/removedor-de-semipermanente-loveyes-3755\/","title":{"rendered":"Removedor de Semipermanente Loveyes &#8211; 3755"},"content":{"rendered":"<p>Modo de Uso: Debes limar ligeramente la capa brillosa de la u\u00f1a, luego aplicar Magic Remover y esperar 5-10 minutos y listo, levantar\u00e1 el esmalte de u\u00f1as, y de esta manera podr\u00e1s quitar tu esmalte Gel f\u00e1cilmente y sin esfuerzo.<\/p>\n","protected":false},"excerpt":{"rendered":"<p>Modo de Uso: Debes limar ligeramente la capa brillosa de la u\u00f1a, luego aplicar Magic Remover y esperar 5-10 minutos y listo, levantar\u00e1 el esmalte de u\u00f1as, y de esta manera podr\u00e1s quitar tu esmalte Gel f\u00e1cilmente y sin esfuerzo.<\/p>\n","protected":false},"featured_media":5406,"template":"","meta":{"_uag_custom_page_level_css":"","site-sidebar-layout":"default","site-content-layout":"","ast-site-content-layout":"default","site-content-style":"default","site-sidebar-style":"default","ast-global-header-display":"","ast-banner-title-visibility":"","ast-main-header-display":"","ast-hfb-above-header-display":"","ast-hfb-below-header-display":"","ast-hfb-mobile-header-display":"","site-post-title":"","ast-breadcrumbs-content":"","ast-featured-img":"","footer-sml-layout":"","theme-transparent-header-meta":"default","adv-header-id-meta":"","stick-header-meta":"","header-above-stick-meta":"","header-main-stick-meta":"","header-below-stick-meta":"","astra-migrate-meta-layouts":"set","_joinchat":[]},"product_brand":[],"product_cat":[197,131],"product_tag":[],"class_list":{"0":"post-5411","1":"product","2":"type-product","3":"status-publish","4":"has-post-thumbnail","6":"product_cat-preparadores","7":"product_cat-unas","8":"desktop-align-center","9":"tablet-align-left","10":"mobile-align-left","12":"first","13":"outofstock","14":"shipping-taxable","15":"purchasable","16":"product-type-simple"},"uagb_featured_image_src":{"full":["https:\/\/varietieseym.com.uy\/wp-content\/uploads\/2024\/06\/1uUEZFRJCpFp_vJhg3PM6jZCaFEk6tVXJPoHKnDuV-g.webp",800,800,false],"thumbnail":["https:\/\/varietieseym.com.uy\/wp-content\/uploads\/2024\/06\/1uUEZFRJCpFp_vJhg3PM6jZCaFEk6tVXJPoHKnDuV-g-150x150.webp",150,150,true],"medium":["https:\/\/varietieseym.com.uy\/wp-content\/uploads\/2024\/06\/1uUEZFRJCpFp_vJhg3PM6jZCaFEk6tVXJPoHKnDuV-g-300x300.webp",300,300,true],"medium_large":["https:\/\/varietieseym.com.uy\/wp-content\/uploads\/2024\/06\/1uUEZFRJCpFp_vJhg3PM6jZCaFEk6tVXJPoHKnDuV-g-768x768.webp",768,768,true],"large":["https:\/\/varietieseym.com.uy\/wp-content\/uploads\/2024\/06\/1uUEZFRJCpFp_vJhg3PM6jZCaFEk6tVXJPoHKnDuV-g.webp",800,800,false],"1536x1536":["https:\/\/varietieseym.com.uy\/wp-content\/uploads\/2024\/06\/1uUEZFRJCpFp_vJhg3PM6jZCaFEk6tVXJPoHKnDuV-g.webp",800,800,false],"2048x2048":["https:\/\/varietieseym.com.uy\/wp-content\/uploads\/2024\/06\/1uUEZFRJCpFp_vJhg3PM6jZCaFEk6tVXJPoHKnDuV-g.webp",800,800,false],"woocommerce_thumbnail":["https:\/\/varietieseym.com.uy\/wp-content\/uploads\/2024\/06\/1uUEZFRJCpFp_vJhg3PM6jZCaFEk6tVXJPoHKnDuV-g-300x300.webp",300,300,true],"woocommerce_single":["https:\/\/varietieseym.com.uy\/wp-content\/uploads\/2024\/06\/1uUEZFRJCpFp_vJhg3PM6jZCaFEk6tVXJPoHKnDuV-g-600x600.webp",600,600,true],"woocommerce_gallery_thumbnail":["https:\/\/varietieseym.com.uy\/wp-content\/uploads\/2024\/06\/1uUEZFRJCpFp_vJhg3PM6jZCaFEk6tVXJPoHKnDuV-g-100x100.webp",100,100,true]},"uagb_author_info":{"display_name":"SyF Home","author_link":"https:\/\/varietieseym.com.uy\/index.php\/author\/"},"uagb_comment_info":0,"uagb_excerpt":"Modo de Uso: Debes limar ligeramente la capa brillosa de la u\u00f1a, luego aplicar Magic Remover y esperar 5-10 minutos y listo, levantar\u00e1 el esmalte de u\u00f1as, y de esta manera podr\u00e1s quitar tu esmalte Gel f\u00e1cilmente y sin esfuerzo.","_links":{"self":[{"href":"https:\/\/varietieseym.com.uy\/index.php\/wp-json\/wp\/v2\/product\/5411","targetHints":{"allow":["GET"]}}],"collection":[{"href":"https:\/\/varietieseym.com.uy\/index.php\/wp-json\/wp\/v2\/product"}],"about":[{"href":"https:\/\/varietieseym.com.uy\/index.php\/wp-json\/wp\/v2\/types\/product"}],"wp:featuredmedia":[{"embeddable":true,"href":"https:\/\/varietieseym.com.uy\/index.php\/wp-json\/wp\/v2\/media\/5406"}],"wp:attachment":[{"href":"https:\/\/varietieseym.com.uy\/index.php\/wp-json\/wp\/v2\/media?parent=5411"}],"wp:term":[{"taxonomy":"product_brand","embeddable":true,"href":"https:\/\/varietieseym.com.uy\/index.php\/wp-json\/wp\/v2\/product_brand?post=5411"},{"taxonomy":"product_cat","embeddable":true,"href":"https:\/\/varietieseym.com.uy\/index.php\/wp-json\/wp\/v2\/product_cat?post=5411"},{"taxonomy":"product_tag","embeddable":true,"href":"https:\/\/varietieseym.com.uy\/index.php\/wp-json\/wp\/v2\/product_tag?post=5411"}],"curies":[{"name":"wp","href":"https:\/\/api.w.org\/{rel}","templated":true}]}}