{"id":5416,"date":"2024-06-02T19:28:34","date_gmt":"2024-06-02T22:28:34","guid":{"rendered":"https:\/\/varietieseym.com.uy\/?post_type=product&#038;p=5416"},"modified":"2026-04-16T19:49:01","modified_gmt":"2026-04-16T22:49:01","slug":"kapping-navi-3757","status":"publish","type":"product","link":"https:\/\/varietieseym.com.uy\/index.php\/producto\/kapping-navi-3757\/","title":{"rendered":"Kapping Navi &#8211; 3757"},"content":{"rendered":"<p>Formulado para proteger la salud de tus u\u00f1as durante el uso y luego de la remoci\u00f3n del esmaltado logrando la adhesi\u00f3n \u00f3ptima del esmalte. El kapping permite tener el largo natural de la u\u00f1a, pero con una capa fina de gel sobre ella para que esta est\u00e9 m\u00e1s protegida.<\/p>\n","protected":false},"excerpt":{"rendered":"<p>Formulado para proteger la salud de tus u\u00f1as durante el uso y luego de la remoci\u00f3n del esmaltado logrando la adhesi\u00f3n \u00f3ptima del esmalte. El kapping permite tener el largo natural de la u\u00f1a, pero con una capa fina de gel sobre ella para que esta est\u00e9 m\u00e1s protegida.<\/p>\n","protected":false},"featured_media":6650,"template":"","meta":{"_uag_custom_page_level_css":"","site-sidebar-layout":"default","site-content-layout":"","ast-site-content-layout":"default","site-content-style":"default","site-sidebar-style":"default","ast-global-header-display":"","ast-banner-title-visibility":"","ast-main-header-display":"","ast-hfb-above-header-display":"","ast-hfb-below-header-display":"","ast-hfb-mobile-header-display":"","site-post-title":"","ast-breadcrumbs-content":"","ast-featured-img":"","footer-sml-layout":"","theme-transparent-header-meta":"default","adv-header-id-meta":"","stick-header-meta":"","header-above-stick-meta":"","header-main-stick-meta":"","header-below-stick-meta":"","astra-migrate-meta-layouts":"set","_joinchat":[]},"product_brand":[],"product_cat":[197,131],"product_tag":[],"class_list":{"0":"post-5416","1":"product","2":"type-product","3":"status-publish","4":"has-post-thumbnail","6":"product_cat-preparadores","7":"product_cat-unas","8":"desktop-align-center","9":"tablet-align-left","10":"mobile-align-left","12":"first","13":"instock","14":"sale","15":"shipping-taxable","16":"purchasable","17":"product-type-simple"},"uagb_featured_image_src":{"full":["https:\/\/varietieseym.com.uy\/wp-content\/uploads\/2024\/06\/kapping-navi-nuevo-10ml.jpg",1000,1000,false],"thumbnail":["https:\/\/varietieseym.com.uy\/wp-content\/uploads\/2024\/06\/kapping-navi-nuevo-10ml-150x150.jpg",150,150,true],"medium":["https:\/\/varietieseym.com.uy\/wp-content\/uploads\/2024\/06\/kapping-navi-nuevo-10ml-300x300.jpg",300,300,true],"medium_large":["https:\/\/varietieseym.com.uy\/wp-content\/uploads\/2024\/06\/kapping-navi-nuevo-10ml-768x768.jpg",768,768,true],"large":["https:\/\/varietieseym.com.uy\/wp-content\/uploads\/2024\/06\/kapping-navi-nuevo-10ml.jpg",1000,1000,false],"1536x1536":["https:\/\/varietieseym.com.uy\/wp-content\/uploads\/2024\/06\/kapping-navi-nuevo-10ml.jpg",1000,1000,false],"2048x2048":["https:\/\/varietieseym.com.uy\/wp-content\/uploads\/2024\/06\/kapping-navi-nuevo-10ml.jpg",1000,1000,false],"woocommerce_thumbnail":["https:\/\/varietieseym.com.uy\/wp-content\/uploads\/2024\/06\/kapping-navi-nuevo-10ml-300x300.jpg",300,300,true],"woocommerce_single":["https:\/\/varietieseym.com.uy\/wp-content\/uploads\/2024\/06\/kapping-navi-nuevo-10ml-600x600.jpg",600,600,true],"woocommerce_gallery_thumbnail":["https:\/\/varietieseym.com.uy\/wp-content\/uploads\/2024\/06\/kapping-navi-nuevo-10ml-100x100.jpg",100,100,true]},"uagb_author_info":{"display_name":"SyF Home","author_link":"https:\/\/varietieseym.com.uy\/index.php\/author\/"},"uagb_comment_info":0,"uagb_excerpt":"Formulado para proteger la salud de tus u\u00f1as durante el uso y luego de la remoci\u00f3n del esmaltado logrando la adhesi\u00f3n \u00f3ptima del esmalte. El kapping permite tener el largo natural de la u\u00f1a, pero con una capa fina de gel sobre ella para que esta est\u00e9 m\u00e1s protegida.","_links":{"self":[{"href":"https:\/\/varietieseym.com.uy\/index.php\/wp-json\/wp\/v2\/product\/5416","targetHints":{"allow":["GET"]}}],"collection":[{"href":"https:\/\/varietieseym.com.uy\/index.php\/wp-json\/wp\/v2\/product"}],"about":[{"href":"https:\/\/varietieseym.com.uy\/index.php\/wp-json\/wp\/v2\/types\/product"}],"wp:featuredmedia":[{"embeddable":true,"href":"https:\/\/varietieseym.com.uy\/index.php\/wp-json\/wp\/v2\/media\/6650"}],"wp:attachment":[{"href":"https:\/\/varietieseym.com.uy\/index.php\/wp-json\/wp\/v2\/media?parent=5416"}],"wp:term":[{"taxonomy":"product_brand","embeddable":true,"href":"https:\/\/varietieseym.com.uy\/index.php\/wp-json\/wp\/v2\/product_brand?post=5416"},{"taxonomy":"product_cat","embeddable":true,"href":"https:\/\/varietieseym.com.uy\/index.php\/wp-json\/wp\/v2\/product_cat?post=5416"},{"taxonomy":"product_tag","embeddable":true,"href":"https:\/\/varietieseym.com.uy\/index.php\/wp-json\/wp\/v2\/product_tag?post=5416"}],"curies":[{"name":"wp","href":"https:\/\/api.w.org\/{rel}","templated":true}]}}