{"id":5422,"date":"2024-06-02T19:30:55","date_gmt":"2024-06-02T22:30:55","guid":{"rendered":"https:\/\/varietieseym.com.uy\/?post_type=product&#038;p=5422"},"modified":"2025-12-21T17:40:53","modified_gmt":"2025-12-21T20:40:53","slug":"base-rubber-charm-limit-3760","status":"publish","type":"product","link":"https:\/\/varietieseym.com.uy\/index.php\/producto\/base-rubber-charm-limit-3760\/","title":{"rendered":"Base Rubber Charm Limit &#8211; 3760"},"content":{"rendered":"<p>La Base Rubber, fue creada para cubrir imperfecciones de las u\u00f1as y dar volumen a las u\u00f1as d\u00e9biles y delgadas. \u25aa\ufe0fGracias a su textura engomada, mejora la adherencia del esmalte de color y le aporta flexibilidad, por tanto, mejora la duraci\u00f3n de la manicura. Por ello es especialmente \u00fatil para las u\u00f1as m\u00e1s fr\u00e1giles y quebradizas.<\/p>\n","protected":false},"excerpt":{"rendered":"<p>La Base Rubber, fue creada para cubrir imperfecciones de las u\u00f1as y dar volumen a las u\u00f1as d\u00e9biles y delgadas. \u25aa\ufe0fGracias a su textura engomada, mejora la adherencia del esmalte de color y le aporta flexibilidad, por tanto, mejora la duraci\u00f3n de la manicura. Por ello es especialmente \u00fatil para las u\u00f1as m\u00e1s fr\u00e1giles y &hellip;<\/p>\n<p class=\"read-more\"> <a class=\"\" href=\"https:\/\/varietieseym.com.uy\/index.php\/producto\/base-rubber-charm-limit-3760\/\"> <span class=\"screen-reader-text\">Base Rubber Charm Limit &#8211; 3760<\/span> Leer m\u00e1s &raquo;<\/a><\/p>\n","protected":false},"featured_media":5421,"template":"","meta":{"_uag_custom_page_level_css":"","site-sidebar-layout":"default","site-content-layout":"","ast-site-content-layout":"default","site-content-style":"default","site-sidebar-style":"default","ast-global-header-display":"","ast-banner-title-visibility":"","ast-main-header-display":"","ast-hfb-above-header-display":"","ast-hfb-below-header-display":"","ast-hfb-mobile-header-display":"","site-post-title":"","ast-breadcrumbs-content":"","ast-featured-img":"","footer-sml-layout":"","theme-transparent-header-meta":"default","adv-header-id-meta":"","stick-header-meta":"","header-above-stick-meta":"","header-main-stick-meta":"","header-below-stick-meta":"","astra-migrate-meta-layouts":"set","_joinchat":[]},"product_brand":[],"product_cat":[197,131],"product_tag":[],"class_list":{"0":"post-5422","1":"product","2":"type-product","3":"status-publish","4":"has-post-thumbnail","6":"product_cat-preparadores","7":"product_cat-unas","8":"desktop-align-center","9":"tablet-align-left","10":"mobile-align-left","12":"first","13":"outofstock","14":"shipping-taxable","15":"purchasable","16":"product-type-variable"},"uagb_featured_image_src":{"full":["https:\/\/varietieseym.com.uy\/wp-content\/uploads\/2024\/06\/1XnhoIpLyrysjAumwiGtv-nBPbnaLyiklA4PcAU6zlA.webp",1536,1493,false],"thumbnail":["https:\/\/varietieseym.com.uy\/wp-content\/uploads\/2024\/06\/1XnhoIpLyrysjAumwiGtv-nBPbnaLyiklA4PcAU6zlA-150x150.webp",150,150,true],"medium":["https:\/\/varietieseym.com.uy\/wp-content\/uploads\/2024\/06\/1XnhoIpLyrysjAumwiGtv-nBPbnaLyiklA4PcAU6zlA-300x292.webp",300,292,true],"medium_large":["https:\/\/varietieseym.com.uy\/wp-content\/uploads\/2024\/06\/1XnhoIpLyrysjAumwiGtv-nBPbnaLyiklA4PcAU6zlA-768x747.webp",768,747,true],"large":["https:\/\/varietieseym.com.uy\/wp-content\/uploads\/2024\/06\/1XnhoIpLyrysjAumwiGtv-nBPbnaLyiklA4PcAU6zlA-1024x995.webp",1024,995,true],"1536x1536":["https:\/\/varietieseym.com.uy\/wp-content\/uploads\/2024\/06\/1XnhoIpLyrysjAumwiGtv-nBPbnaLyiklA4PcAU6zlA.webp",1536,1493,false],"2048x2048":["https:\/\/varietieseym.com.uy\/wp-content\/uploads\/2024\/06\/1XnhoIpLyrysjAumwiGtv-nBPbnaLyiklA4PcAU6zlA.webp",1536,1493,false],"woocommerce_thumbnail":["https:\/\/varietieseym.com.uy\/wp-content\/uploads\/2024\/06\/1XnhoIpLyrysjAumwiGtv-nBPbnaLyiklA4PcAU6zlA-300x300.webp",300,300,true],"woocommerce_single":["https:\/\/varietieseym.com.uy\/wp-content\/uploads\/2024\/06\/1XnhoIpLyrysjAumwiGtv-nBPbnaLyiklA4PcAU6zlA-600x583.webp",600,583,true],"woocommerce_gallery_thumbnail":["https:\/\/varietieseym.com.uy\/wp-content\/uploads\/2024\/06\/1XnhoIpLyrysjAumwiGtv-nBPbnaLyiklA4PcAU6zlA-100x100.webp",100,100,true]},"uagb_author_info":{"display_name":"SyF Home","author_link":"https:\/\/varietieseym.com.uy\/index.php\/author\/"},"uagb_comment_info":0,"uagb_excerpt":"La Base Rubber, fue creada para cubrir imperfecciones de las u\u00f1as y dar volumen a las u\u00f1as d\u00e9biles y delgadas. \u25aa\ufe0fGracias a su textura engomada, mejora la adherencia del esmalte de color y le aporta flexibilidad, por tanto, mejora la duraci\u00f3n de la manicura. Por ello es especialmente \u00fatil para las u\u00f1as m\u00e1s fr\u00e1giles y&hellip;","_links":{"self":[{"href":"https:\/\/varietieseym.com.uy\/index.php\/wp-json\/wp\/v2\/product\/5422","targetHints":{"allow":["GET"]}}],"collection":[{"href":"https:\/\/varietieseym.com.uy\/index.php\/wp-json\/wp\/v2\/product"}],"about":[{"href":"https:\/\/varietieseym.com.uy\/index.php\/wp-json\/wp\/v2\/types\/product"}],"wp:featuredmedia":[{"embeddable":true,"href":"https:\/\/varietieseym.com.uy\/index.php\/wp-json\/wp\/v2\/media\/5421"}],"wp:attachment":[{"href":"https:\/\/varietieseym.com.uy\/index.php\/wp-json\/wp\/v2\/media?parent=5422"}],"wp:term":[{"taxonomy":"product_brand","embeddable":true,"href":"https:\/\/varietieseym.com.uy\/index.php\/wp-json\/wp\/v2\/product_brand?post=5422"},{"taxonomy":"product_cat","embeddable":true,"href":"https:\/\/varietieseym.com.uy\/index.php\/wp-json\/wp\/v2\/product_cat?post=5422"},{"taxonomy":"product_tag","embeddable":true,"href":"https:\/\/varietieseym.com.uy\/index.php\/wp-json\/wp\/v2\/product_tag?post=5422"}],"curies":[{"name":"wp","href":"https:\/\/api.w.org\/{rel}","templated":true}]}}