{"id":5525,"date":"2024-06-03T15:16:51","date_gmt":"2024-06-03T18:16:51","guid":{"rendered":"https:\/\/varietieseym.com.uy\/?post_type=product&#038;p=5525"},"modified":"2025-11-22T15:12:11","modified_gmt":"2025-11-22T18:12:11","slug":"removedor-ablandador-de-cuticulas-xd-4163","status":"publish","type":"product","link":"https:\/\/varietieseym.com.uy\/index.php\/producto\/removedor-ablandador-de-cuticulas-xd-4163\/","title":{"rendered":"Removedor\/ablandador de cuticulas XD &#8211; 4163"},"content":{"rendered":"<p>Removedor de Cut\u00edcula XD fue desarrollada para suavizar y facilitar la eliminaci\u00f3n de las cut\u00edculas. Adem\u00e1s, su f\u00f3rmula contiene Urea, un activo hidratante que hidratar\u00e1, aportar\u00e1 brillo y mejorar\u00e1 el aspecto de las u\u00f1as y cut\u00edculas secas. \u00bfC\u00f3mo se utiliza el suavizante de cut\u00edculas? Modo de Uso: Con las u\u00f1as limpias, aplicar el suavizante en las cut\u00edculas; Masajear y dejar actuar unos minutos; Retirar las cut\u00edculas con material adecuado y retirar con unos alicates.<\/p>\n","protected":false},"excerpt":{"rendered":"<p>Removedor de Cut\u00edcula XD fue desarrollada para suavizar y facilitar la eliminaci\u00f3n de las cut\u00edculas. Adem\u00e1s, su f\u00f3rmula contiene Urea, un activo hidratante que hidratar\u00e1, aportar\u00e1 brillo y mejorar\u00e1 el aspecto de las u\u00f1as y cut\u00edculas secas. \u00bfC\u00f3mo se utiliza el suavizante de cut\u00edculas? Modo de Uso: Con las u\u00f1as limpias, aplicar el suavizante en &hellip;<\/p>\n<p class=\"read-more\"> <a class=\"\" href=\"https:\/\/varietieseym.com.uy\/index.php\/producto\/removedor-ablandador-de-cuticulas-xd-4163\/\"> <span class=\"screen-reader-text\">Removedor\/ablandador de cuticulas XD &#8211; 4163<\/span> Leer m\u00e1s &raquo;<\/a><\/p>\n","protected":false},"featured_media":5528,"template":"","meta":{"_uag_custom_page_level_css":"","site-sidebar-layout":"default","site-content-layout":"","ast-site-content-layout":"default","site-content-style":"default","site-sidebar-style":"default","ast-global-header-display":"","ast-banner-title-visibility":"","ast-main-header-display":"","ast-hfb-above-header-display":"","ast-hfb-below-header-display":"","ast-hfb-mobile-header-display":"","site-post-title":"","ast-breadcrumbs-content":"","ast-featured-img":"","footer-sml-layout":"","theme-transparent-header-meta":"default","adv-header-id-meta":"","stick-header-meta":"","header-above-stick-meta":"","header-main-stick-meta":"","header-below-stick-meta":"","astra-migrate-meta-layouts":"set","_joinchat":[]},"product_brand":[],"product_cat":[131,137],"product_tag":[],"class_list":{"0":"post-5525","1":"product","2":"type-product","3":"status-publish","4":"has-post-thumbnail","6":"product_cat-unas","7":"product_cat-otros","8":"desktop-align-center","9":"tablet-align-left","10":"mobile-align-left","12":"first","13":"outofstock","14":"shipping-taxable","15":"purchasable","16":"product-type-simple"},"uagb_featured_image_src":{"full":["https:\/\/varietieseym.com.uy\/wp-content\/uploads\/2024\/06\/1omFFgxNuLRZmYuqxjZfXyh7zgkwhDNQcbNmdLH5irg.webp",871,871,false],"thumbnail":["https:\/\/varietieseym.com.uy\/wp-content\/uploads\/2024\/06\/1omFFgxNuLRZmYuqxjZfXyh7zgkwhDNQcbNmdLH5irg-150x150.webp",150,150,true],"medium":["https:\/\/varietieseym.com.uy\/wp-content\/uploads\/2024\/06\/1omFFgxNuLRZmYuqxjZfXyh7zgkwhDNQcbNmdLH5irg-300x300.webp",300,300,true],"medium_large":["https:\/\/varietieseym.com.uy\/wp-content\/uploads\/2024\/06\/1omFFgxNuLRZmYuqxjZfXyh7zgkwhDNQcbNmdLH5irg-768x768.webp",768,768,true],"large":["https:\/\/varietieseym.com.uy\/wp-content\/uploads\/2024\/06\/1omFFgxNuLRZmYuqxjZfXyh7zgkwhDNQcbNmdLH5irg.webp",871,871,false],"1536x1536":["https:\/\/varietieseym.com.uy\/wp-content\/uploads\/2024\/06\/1omFFgxNuLRZmYuqxjZfXyh7zgkwhDNQcbNmdLH5irg.webp",871,871,false],"2048x2048":["https:\/\/varietieseym.com.uy\/wp-content\/uploads\/2024\/06\/1omFFgxNuLRZmYuqxjZfXyh7zgkwhDNQcbNmdLH5irg.webp",871,871,false],"woocommerce_thumbnail":["https:\/\/varietieseym.com.uy\/wp-content\/uploads\/2024\/06\/1omFFgxNuLRZmYuqxjZfXyh7zgkwhDNQcbNmdLH5irg-300x300.webp",300,300,true],"woocommerce_single":["https:\/\/varietieseym.com.uy\/wp-content\/uploads\/2024\/06\/1omFFgxNuLRZmYuqxjZfXyh7zgkwhDNQcbNmdLH5irg-600x600.webp",600,600,true],"woocommerce_gallery_thumbnail":["https:\/\/varietieseym.com.uy\/wp-content\/uploads\/2024\/06\/1omFFgxNuLRZmYuqxjZfXyh7zgkwhDNQcbNmdLH5irg-100x100.webp",100,100,true]},"uagb_author_info":{"display_name":"SyF Home","author_link":"https:\/\/varietieseym.com.uy\/index.php\/author\/"},"uagb_comment_info":0,"uagb_excerpt":"Removedor de Cut\u00edcula XD fue desarrollada para suavizar y facilitar la eliminaci\u00f3n de las cut\u00edculas. Adem\u00e1s, su f\u00f3rmula contiene Urea, un activo hidratante que hidratar\u00e1, aportar\u00e1 brillo y mejorar\u00e1 el aspecto de las u\u00f1as y cut\u00edculas secas. \u00bfC\u00f3mo se utiliza el suavizante de cut\u00edculas? Modo de Uso: Con las u\u00f1as limpias, aplicar el suavizante en&hellip;","_links":{"self":[{"href":"https:\/\/varietieseym.com.uy\/index.php\/wp-json\/wp\/v2\/product\/5525","targetHints":{"allow":["GET"]}}],"collection":[{"href":"https:\/\/varietieseym.com.uy\/index.php\/wp-json\/wp\/v2\/product"}],"about":[{"href":"https:\/\/varietieseym.com.uy\/index.php\/wp-json\/wp\/v2\/types\/product"}],"wp:featuredmedia":[{"embeddable":true,"href":"https:\/\/varietieseym.com.uy\/index.php\/wp-json\/wp\/v2\/media\/5528"}],"wp:attachment":[{"href":"https:\/\/varietieseym.com.uy\/index.php\/wp-json\/wp\/v2\/media?parent=5525"}],"wp:term":[{"taxonomy":"product_brand","embeddable":true,"href":"https:\/\/varietieseym.com.uy\/index.php\/wp-json\/wp\/v2\/product_brand?post=5525"},{"taxonomy":"product_cat","embeddable":true,"href":"https:\/\/varietieseym.com.uy\/index.php\/wp-json\/wp\/v2\/product_cat?post=5525"},{"taxonomy":"product_tag","embeddable":true,"href":"https:\/\/varietieseym.com.uy\/index.php\/wp-json\/wp\/v2\/product_tag?post=5525"}],"curies":[{"name":"wp","href":"https:\/\/api.w.org\/{rel}","templated":true}]}}