{"id":5531,"date":"2024-06-03T15:20:23","date_gmt":"2024-06-03T18:20:23","guid":{"rendered":"https:\/\/varietieseym.com.uy\/?post_type=product&#038;p=5531"},"modified":"2024-06-03T15:20:23","modified_gmt":"2024-06-03T18:20:23","slug":"recipiente-para-glitter-polvo-por-12-unid-4166","status":"publish","type":"product","link":"https:\/\/varietieseym.com.uy\/index.php\/producto\/recipiente-para-glitter-polvo-por-12-unid-4166\/","title":{"rendered":"Recipiente para Glitter\/polvo por 12 unid &#8211; 4166"},"content":{"rendered":"<p>Amplias funciones de uso \u00a1los contenedores de viaje peque\u00f1os tienen m\u00faltiples usos! Perfecto para productos de belleza: maquillaje, sombras de ojos, lociones, b\u00e1lsamo labial, t\u00f3nicos, cremas y crema para los ojos. Adecuado para manualidades de bricolaje, polvo de purpurina, l\u00e1minas de aluminio, glliter y accesorios para u\u00f1as. Organiza accesorios de joyer\u00eda: aretes y collares perfectamente Contenido del paquete: nuestro juego de tarros de muestra incluye 12 piezas de recipientes peque\u00f1os vac\u00edos transparentes<\/p>\n","protected":false},"excerpt":{"rendered":"<p>Amplias funciones de uso \u00a1los contenedores de viaje peque\u00f1os tienen m\u00faltiples usos! Perfecto para productos de belleza: maquillaje, sombras de ojos, lociones, b\u00e1lsamo labial, t\u00f3nicos, cremas y crema para los ojos. Adecuado para manualidades de bricolaje, polvo de purpurina, l\u00e1minas de aluminio, glliter y accesorios para u\u00f1as. Organiza accesorios de joyer\u00eda: aretes y collares perfectamente &hellip;<\/p>\n<p class=\"read-more\"> <a class=\"\" href=\"https:\/\/varietieseym.com.uy\/index.php\/producto\/recipiente-para-glitter-polvo-por-12-unid-4166\/\"> <span class=\"screen-reader-text\">Recipiente para Glitter\/polvo por 12 unid &#8211; 4166<\/span> Leer m\u00e1s &raquo;<\/a><\/p>\n","protected":false},"featured_media":5532,"template":"","meta":{"_uag_custom_page_level_css":"","site-sidebar-layout":"default","site-content-layout":"","ast-site-content-layout":"default","site-content-style":"default","site-sidebar-style":"default","ast-global-header-display":"","ast-banner-title-visibility":"","ast-main-header-display":"","ast-hfb-above-header-display":"","ast-hfb-below-header-display":"","ast-hfb-mobile-header-display":"","site-post-title":"","ast-breadcrumbs-content":"","ast-featured-img":"","footer-sml-layout":"","theme-transparent-header-meta":"default","adv-header-id-meta":"","stick-header-meta":"","header-above-stick-meta":"","header-main-stick-meta":"","header-below-stick-meta":"","astra-migrate-meta-layouts":"set","_joinchat":[]},"product_brand":[],"product_cat":[151,131],"product_tag":[],"class_list":{"0":"post-5531","1":"product","2":"type-product","3":"status-publish","4":"has-post-thumbnail","6":"product_cat-accesorios","7":"product_cat-unas","8":"desktop-align-center","9":"tablet-align-left","10":"mobile-align-left","12":"first","13":"instock","14":"shipping-taxable","15":"purchasable","16":"product-type-simple"},"uagb_featured_image_src":{"full":["https:\/\/varietieseym.com.uy\/wp-content\/uploads\/2024\/06\/1engNGH_s3oefGwXJpGGZM9KnM0_7_XhOgAQv_QSKYw.webp",894,813,false],"thumbnail":["https:\/\/varietieseym.com.uy\/wp-content\/uploads\/2024\/06\/1engNGH_s3oefGwXJpGGZM9KnM0_7_XhOgAQv_QSKYw-150x150.webp",150,150,true],"medium":["https:\/\/varietieseym.com.uy\/wp-content\/uploads\/2024\/06\/1engNGH_s3oefGwXJpGGZM9KnM0_7_XhOgAQv_QSKYw-300x273.webp",300,273,true],"medium_large":["https:\/\/varietieseym.com.uy\/wp-content\/uploads\/2024\/06\/1engNGH_s3oefGwXJpGGZM9KnM0_7_XhOgAQv_QSKYw-768x698.webp",768,698,true],"large":["https:\/\/varietieseym.com.uy\/wp-content\/uploads\/2024\/06\/1engNGH_s3oefGwXJpGGZM9KnM0_7_XhOgAQv_QSKYw.webp",894,813,false],"1536x1536":["https:\/\/varietieseym.com.uy\/wp-content\/uploads\/2024\/06\/1engNGH_s3oefGwXJpGGZM9KnM0_7_XhOgAQv_QSKYw.webp",894,813,false],"2048x2048":["https:\/\/varietieseym.com.uy\/wp-content\/uploads\/2024\/06\/1engNGH_s3oefGwXJpGGZM9KnM0_7_XhOgAQv_QSKYw.webp",894,813,false],"woocommerce_thumbnail":["https:\/\/varietieseym.com.uy\/wp-content\/uploads\/2024\/06\/1engNGH_s3oefGwXJpGGZM9KnM0_7_XhOgAQv_QSKYw-300x300.webp",300,300,true],"woocommerce_single":["https:\/\/varietieseym.com.uy\/wp-content\/uploads\/2024\/06\/1engNGH_s3oefGwXJpGGZM9KnM0_7_XhOgAQv_QSKYw-600x546.webp",600,546,true],"woocommerce_gallery_thumbnail":["https:\/\/varietieseym.com.uy\/wp-content\/uploads\/2024\/06\/1engNGH_s3oefGwXJpGGZM9KnM0_7_XhOgAQv_QSKYw-100x100.webp",100,100,true]},"uagb_author_info":{"display_name":"SyF Home","author_link":"https:\/\/varietieseym.com.uy\/index.php\/author\/"},"uagb_comment_info":0,"uagb_excerpt":"Amplias funciones de uso \u00a1los contenedores de viaje peque\u00f1os tienen m\u00faltiples usos! Perfecto para productos de belleza: maquillaje, sombras de ojos, lociones, b\u00e1lsamo labial, t\u00f3nicos, cremas y crema para los ojos. Adecuado para manualidades de bricolaje, polvo de purpurina, l\u00e1minas de aluminio, glliter y accesorios para u\u00f1as. Organiza accesorios de joyer\u00eda: aretes y collares perfectamente&hellip;","_links":{"self":[{"href":"https:\/\/varietieseym.com.uy\/index.php\/wp-json\/wp\/v2\/product\/5531","targetHints":{"allow":["GET"]}}],"collection":[{"href":"https:\/\/varietieseym.com.uy\/index.php\/wp-json\/wp\/v2\/product"}],"about":[{"href":"https:\/\/varietieseym.com.uy\/index.php\/wp-json\/wp\/v2\/types\/product"}],"wp:featuredmedia":[{"embeddable":true,"href":"https:\/\/varietieseym.com.uy\/index.php\/wp-json\/wp\/v2\/media\/5532"}],"wp:attachment":[{"href":"https:\/\/varietieseym.com.uy\/index.php\/wp-json\/wp\/v2\/media?parent=5531"}],"wp:term":[{"taxonomy":"product_brand","embeddable":true,"href":"https:\/\/varietieseym.com.uy\/index.php\/wp-json\/wp\/v2\/product_brand?post=5531"},{"taxonomy":"product_cat","embeddable":true,"href":"https:\/\/varietieseym.com.uy\/index.php\/wp-json\/wp\/v2\/product_cat?post=5531"},{"taxonomy":"product_tag","embeddable":true,"href":"https:\/\/varietieseym.com.uy\/index.php\/wp-json\/wp\/v2\/product_tag?post=5531"}],"curies":[{"name":"wp","href":"https:\/\/api.w.org\/{rel}","templated":true}]}}