{"id":5633,"date":"2024-06-04T22:38:27","date_gmt":"2024-06-05T01:38:27","guid":{"rendered":"https:\/\/varietieseym.com.uy\/?post_type=product&#038;p=5633"},"modified":"2026-04-28T17:25:20","modified_gmt":"2026-04-28T20:25:20","slug":"gorro-satin-4935","status":"publish","type":"product","link":"https:\/\/varietieseym.com.uy\/index.php\/producto\/gorro-satin-4935\/","title":{"rendered":"Gorro satin &#8211; 4935"},"content":{"rendered":"<p>El gorro de sat\u00e9n anti frizz ha sido dise\u00f1ado para usarlo al momento de dormir, ya que ayuda a conservar la hidrataci\u00f3n y nutrici\u00f3n del cabello, en especial, en aquello que son m\u00e1s sensibles. Fabricado en sat\u00e9n de alta calidad, su superficie lisa y suave evita el roce de las fibras capilares, asegurando una reducci\u00f3n de hasta el 90% del encrespamiento nocturno. Principales caracter\u00edsticas: Apto para todo tipo de cabello, incluso los m\u00e1s voluminosos. Protecci\u00f3n de las hebras capilares. No absorbe el agua del cabello. Reduce hasta un 90% del encrespamiento nocturno. El\u00e1stico ajustable para mayor comodidad. Capa \u00fanica, transpirable y fresca. El lado satinado se utiliza hacia adentro.<\/p>\n<p><strong>colores surtidos<\/strong><\/p>\n","protected":false},"excerpt":{"rendered":"<p>El gorro de sat\u00e9n anti frizz ha sido dise\u00f1ado para usarlo al momento de dormir, ya que ayuda a conservar la hidrataci\u00f3n y nutrici\u00f3n del cabello, en especial, en aquello que son m\u00e1s sensibles. Fabricado en sat\u00e9n de alta calidad, su superficie lisa y suave evita el roce de las fibras capilares, asegurando una reducci\u00f3n &hellip;<\/p>\n<p class=\"read-more\"> <a class=\"\" href=\"https:\/\/varietieseym.com.uy\/index.php\/producto\/gorro-satin-4935\/\"> <span class=\"screen-reader-text\">Gorro satin &#8211; 4935<\/span> Leer m\u00e1s &raquo;<\/a><\/p>\n","protected":false},"featured_media":5635,"template":"","meta":{"_uag_custom_page_level_css":"","site-sidebar-layout":"default","site-content-layout":"","ast-site-content-layout":"default","site-content-style":"default","site-sidebar-style":"default","ast-global-header-display":"","ast-banner-title-visibility":"","ast-main-header-display":"","ast-hfb-above-header-display":"","ast-hfb-below-header-display":"","ast-hfb-mobile-header-display":"","site-post-title":"","ast-breadcrumbs-content":"","ast-featured-img":"","footer-sml-layout":"","theme-transparent-header-meta":"default","adv-header-id-meta":"","stick-header-meta":"","header-above-stick-meta":"","header-main-stick-meta":"","header-below-stick-meta":"","astra-migrate-meta-layouts":"set","_joinchat":[]},"product_brand":[],"product_cat":[241,143],"product_tag":[],"class_list":{"0":"post-5633","1":"product","2":"type-product","3":"status-publish","4":"has-post-thumbnail","6":"product_cat-accesorios-cabello","7":"product_cat-cabello","8":"desktop-align-center","9":"tablet-align-left","10":"mobile-align-left","12":"first","13":"instock","14":"shipping-taxable","15":"purchasable","16":"product-type-simple"},"uagb_featured_image_src":{"full":["https:\/\/varietieseym.com.uy\/wp-content\/uploads\/2024\/06\/1d2Lck4TPksRHAaBBvJ5_eaXs2w4B2PUYRi3DVlpk6g.webp",635,627,false],"thumbnail":["https:\/\/varietieseym.com.uy\/wp-content\/uploads\/2024\/06\/1d2Lck4TPksRHAaBBvJ5_eaXs2w4B2PUYRi3DVlpk6g-150x150.webp",150,150,true],"medium":["https:\/\/varietieseym.com.uy\/wp-content\/uploads\/2024\/06\/1d2Lck4TPksRHAaBBvJ5_eaXs2w4B2PUYRi3DVlpk6g-300x296.webp",300,296,true],"medium_large":["https:\/\/varietieseym.com.uy\/wp-content\/uploads\/2024\/06\/1d2Lck4TPksRHAaBBvJ5_eaXs2w4B2PUYRi3DVlpk6g.webp",635,627,false],"large":["https:\/\/varietieseym.com.uy\/wp-content\/uploads\/2024\/06\/1d2Lck4TPksRHAaBBvJ5_eaXs2w4B2PUYRi3DVlpk6g.webp",635,627,false],"1536x1536":["https:\/\/varietieseym.com.uy\/wp-content\/uploads\/2024\/06\/1d2Lck4TPksRHAaBBvJ5_eaXs2w4B2PUYRi3DVlpk6g.webp",635,627,false],"2048x2048":["https:\/\/varietieseym.com.uy\/wp-content\/uploads\/2024\/06\/1d2Lck4TPksRHAaBBvJ5_eaXs2w4B2PUYRi3DVlpk6g.webp",635,627,false],"woocommerce_thumbnail":["https:\/\/varietieseym.com.uy\/wp-content\/uploads\/2024\/06\/1d2Lck4TPksRHAaBBvJ5_eaXs2w4B2PUYRi3DVlpk6g-300x300.webp",300,300,true],"woocommerce_single":["https:\/\/varietieseym.com.uy\/wp-content\/uploads\/2024\/06\/1d2Lck4TPksRHAaBBvJ5_eaXs2w4B2PUYRi3DVlpk6g-600x592.webp",600,592,true],"woocommerce_gallery_thumbnail":["https:\/\/varietieseym.com.uy\/wp-content\/uploads\/2024\/06\/1d2Lck4TPksRHAaBBvJ5_eaXs2w4B2PUYRi3DVlpk6g-100x100.webp",100,100,true]},"uagb_author_info":{"display_name":"SyF Home","author_link":"https:\/\/varietieseym.com.uy\/index.php\/author\/"},"uagb_comment_info":0,"uagb_excerpt":"El gorro de sat\u00e9n anti frizz ha sido dise\u00f1ado para usarlo al momento de dormir, ya que ayuda a conservar la hidrataci\u00f3n y nutrici\u00f3n del cabello, en especial, en aquello que son m\u00e1s sensibles. Fabricado en sat\u00e9n de alta calidad, su superficie lisa y suave evita el roce de las fibras capilares, asegurando una reducci\u00f3n&hellip;","_links":{"self":[{"href":"https:\/\/varietieseym.com.uy\/index.php\/wp-json\/wp\/v2\/product\/5633","targetHints":{"allow":["GET"]}}],"collection":[{"href":"https:\/\/varietieseym.com.uy\/index.php\/wp-json\/wp\/v2\/product"}],"about":[{"href":"https:\/\/varietieseym.com.uy\/index.php\/wp-json\/wp\/v2\/types\/product"}],"wp:featuredmedia":[{"embeddable":true,"href":"https:\/\/varietieseym.com.uy\/index.php\/wp-json\/wp\/v2\/media\/5635"}],"wp:attachment":[{"href":"https:\/\/varietieseym.com.uy\/index.php\/wp-json\/wp\/v2\/media?parent=5633"}],"wp:term":[{"taxonomy":"product_brand","embeddable":true,"href":"https:\/\/varietieseym.com.uy\/index.php\/wp-json\/wp\/v2\/product_brand?post=5633"},{"taxonomy":"product_cat","embeddable":true,"href":"https:\/\/varietieseym.com.uy\/index.php\/wp-json\/wp\/v2\/product_cat?post=5633"},{"taxonomy":"product_tag","embeddable":true,"href":"https:\/\/varietieseym.com.uy\/index.php\/wp-json\/wp\/v2\/product_tag?post=5633"}],"curies":[{"name":"wp","href":"https:\/\/api.w.org\/{rel}","templated":true}]}}