{"id":5638,"date":"2024-06-04T22:44:09","date_gmt":"2024-06-05T01:44:09","guid":{"rendered":"https:\/\/varietieseym.com.uy\/?post_type=product&#038;p=5638"},"modified":"2026-02-21T16:52:08","modified_gmt":"2026-02-21T19:52:08","slug":"kit-tratamiento-pos-progresivo-1013","status":"publish","type":"product","link":"https:\/\/varietieseym.com.uy\/index.php\/producto\/kit-tratamiento-pos-progresivo-1013\/","title":{"rendered":"Kit tratamiento Pos Progresivo &#8211; 1013"},"content":{"rendered":"<p>El Kit Post Progresivo Cabello 2 Art\u00edculos de la marca Bell Corpus es un conjunto de productos especialmente desarrollado para cuidar el cabello que ha pasado por procesos de alisado, como el alisado progresivo. Esta l\u00ednea de productos fue formulada para ayudar a prolongar los efectos del alisado del cabello, manteniendo el cabello alineado, hidratado y saludable. Shampoo Post Progresivo tiene una f\u00f3rmula suave y sin sulfatos que limpia suavemente el cabello, eliminando impurezas y residuos sin comprometer el efecto del progresivo. Ayuda a mantener el cabello limpio y sano, preservando al mismo tiempo la estructura del cabello, prolongando el efecto liso. Acondicionador Post Progresivo est\u00e1 enriquecido con ingredientes humectantes y nutritivos que ayudan a desenredar el cabello, brind\u00e1ndole suavidad, brillo y reducci\u00f3n del frizz. La mascarilla capilar Post Progresiva ofrece reparaci\u00f3n intensiva al cabello, ayudando a restaurar la salud y vitalidad de las hebras da\u00f1adas por los productos qu\u00edmicos.<\/p>\n","protected":false},"excerpt":{"rendered":"<p>El Kit Post Progresivo Cabello 2 Art\u00edculos de la marca Bell Corpus es un conjunto de productos especialmente desarrollado para cuidar el cabello que ha pasado por procesos de alisado, como el alisado progresivo. Esta l\u00ednea de productos fue formulada para ayudar a prolongar los efectos del alisado del cabello, manteniendo el cabello alineado, hidratado &hellip;<\/p>\n<p class=\"read-more\"> <a class=\"\" href=\"https:\/\/varietieseym.com.uy\/index.php\/producto\/kit-tratamiento-pos-progresivo-1013\/\"> <span class=\"screen-reader-text\">Kit tratamiento Pos Progresivo &#8211; 1013<\/span> Leer m\u00e1s &raquo;<\/a><\/p>\n","protected":false},"featured_media":5639,"template":"","meta":{"_uag_custom_page_level_css":"","site-sidebar-layout":"default","site-content-layout":"","ast-site-content-layout":"default","site-content-style":"default","site-sidebar-style":"default","ast-global-header-display":"","ast-banner-title-visibility":"","ast-main-header-display":"","ast-hfb-above-header-display":"","ast-hfb-below-header-display":"","ast-hfb-mobile-header-display":"","site-post-title":"","ast-breadcrumbs-content":"","ast-featured-img":"","footer-sml-layout":"","theme-transparent-header-meta":"default","adv-header-id-meta":"","stick-header-meta":"","header-above-stick-meta":"","header-main-stick-meta":"","header-below-stick-meta":"","astra-migrate-meta-layouts":"set","_joinchat":[]},"product_brand":[],"product_cat":[242,143],"product_tag":[],"class_list":{"0":"post-5638","1":"product","2":"type-product","3":"status-publish","4":"has-post-thumbnail","6":"product_cat-tratamientos-capilares","7":"product_cat-cabello","8":"desktop-align-center","9":"tablet-align-left","10":"mobile-align-left","12":"first","13":"outofstock","14":"shipping-taxable","15":"purchasable","16":"product-type-simple"},"uagb_featured_image_src":{"full":["https:\/\/varietieseym.com.uy\/wp-content\/uploads\/2024\/06\/1bhTCQl4Md5TOpUtSQNtJy2W2q3uEzc8ruFZdJL5A-w.webp",488,477,false],"thumbnail":["https:\/\/varietieseym.com.uy\/wp-content\/uploads\/2024\/06\/1bhTCQl4Md5TOpUtSQNtJy2W2q3uEzc8ruFZdJL5A-w-150x150.webp",150,150,true],"medium":["https:\/\/varietieseym.com.uy\/wp-content\/uploads\/2024\/06\/1bhTCQl4Md5TOpUtSQNtJy2W2q3uEzc8ruFZdJL5A-w-300x293.webp",300,293,true],"medium_large":["https:\/\/varietieseym.com.uy\/wp-content\/uploads\/2024\/06\/1bhTCQl4Md5TOpUtSQNtJy2W2q3uEzc8ruFZdJL5A-w.webp",488,477,false],"large":["https:\/\/varietieseym.com.uy\/wp-content\/uploads\/2024\/06\/1bhTCQl4Md5TOpUtSQNtJy2W2q3uEzc8ruFZdJL5A-w.webp",488,477,false],"1536x1536":["https:\/\/varietieseym.com.uy\/wp-content\/uploads\/2024\/06\/1bhTCQl4Md5TOpUtSQNtJy2W2q3uEzc8ruFZdJL5A-w.webp",488,477,false],"2048x2048":["https:\/\/varietieseym.com.uy\/wp-content\/uploads\/2024\/06\/1bhTCQl4Md5TOpUtSQNtJy2W2q3uEzc8ruFZdJL5A-w.webp",488,477,false],"woocommerce_thumbnail":["https:\/\/varietieseym.com.uy\/wp-content\/uploads\/2024\/06\/1bhTCQl4Md5TOpUtSQNtJy2W2q3uEzc8ruFZdJL5A-w-300x300.webp",300,300,true],"woocommerce_single":["https:\/\/varietieseym.com.uy\/wp-content\/uploads\/2024\/06\/1bhTCQl4Md5TOpUtSQNtJy2W2q3uEzc8ruFZdJL5A-w.webp",488,477,false],"woocommerce_gallery_thumbnail":["https:\/\/varietieseym.com.uy\/wp-content\/uploads\/2024\/06\/1bhTCQl4Md5TOpUtSQNtJy2W2q3uEzc8ruFZdJL5A-w-100x100.webp",100,100,true]},"uagb_author_info":{"display_name":"SyF Home","author_link":"https:\/\/varietieseym.com.uy\/index.php\/author\/"},"uagb_comment_info":0,"uagb_excerpt":"El Kit Post Progresivo Cabello 2 Art\u00edculos de la marca Bell Corpus es un conjunto de productos especialmente desarrollado para cuidar el cabello que ha pasado por procesos de alisado, como el alisado progresivo. Esta l\u00ednea de productos fue formulada para ayudar a prolongar los efectos del alisado del cabello, manteniendo el cabello alineado, hidratado&hellip;","_links":{"self":[{"href":"https:\/\/varietieseym.com.uy\/index.php\/wp-json\/wp\/v2\/product\/5638","targetHints":{"allow":["GET"]}}],"collection":[{"href":"https:\/\/varietieseym.com.uy\/index.php\/wp-json\/wp\/v2\/product"}],"about":[{"href":"https:\/\/varietieseym.com.uy\/index.php\/wp-json\/wp\/v2\/types\/product"}],"wp:featuredmedia":[{"embeddable":true,"href":"https:\/\/varietieseym.com.uy\/index.php\/wp-json\/wp\/v2\/media\/5639"}],"wp:attachment":[{"href":"https:\/\/varietieseym.com.uy\/index.php\/wp-json\/wp\/v2\/media?parent=5638"}],"wp:term":[{"taxonomy":"product_brand","embeddable":true,"href":"https:\/\/varietieseym.com.uy\/index.php\/wp-json\/wp\/v2\/product_brand?post=5638"},{"taxonomy":"product_cat","embeddable":true,"href":"https:\/\/varietieseym.com.uy\/index.php\/wp-json\/wp\/v2\/product_cat?post=5638"},{"taxonomy":"product_tag","embeddable":true,"href":"https:\/\/varietieseym.com.uy\/index.php\/wp-json\/wp\/v2\/product_tag?post=5638"}],"curies":[{"name":"wp","href":"https:\/\/api.w.org\/{rel}","templated":true}]}}