{"id":5643,"date":"2024-06-04T22:45:02","date_gmt":"2024-06-05T01:45:02","guid":{"rendered":"https:\/\/varietieseym.com.uy\/?post_type=product&#038;p=5643"},"modified":"2024-06-11T12:42:19","modified_gmt":"2024-06-11T15:42:19","slug":"kit-tratamiento-completo-pos-progresivo-1015","status":"publish","type":"product","link":"https:\/\/varietieseym.com.uy\/index.php\/producto\/kit-tratamiento-completo-pos-progresivo-1015\/","title":{"rendered":"Kit tratamiento completo Pos progresivo &#8211; 1015"},"content":{"rendered":"<p>Kit Capilar Post Progresivo Liss La l\u00ednea Post Progresivo Liss tiene una f\u00f3rmula rica en amino\u00e1cidos que REPARA y NUTRE el cabello para que se vuelva MAS FUERTE, incluso despu\u00e9s de procesos qu\u00edmicos, logra mantener suavidad y manejabilidad, adem\u00e1s de prolongar el efecto liso y facilitando un acabado disciplinado y sin frizz. * PROLONGA EL ALISADO * REDUCE EL FRIZZ * HIDRATA INTENSIVAMENTE MIENTRAS REPARA los mechones DA\u00d1ADOS MODO DE EMPLEO: PRIMER PASO &#8211; Mojar el cabello, retirar el exceso de agua con las manos y aplicar una cantidad generosa de champ\u00fa, masajeando el cuero cabelludo y evitando las puntas del cabello, enjuagar r\u00e1pidamente y repite la aplicaci\u00f3n SEGUNDO PASO &#8211; Despu\u00e9s de lavar tu cabello con champ\u00fa, retira el exceso de humedad con las manos y aplica una cantidad generosa de acondicionador, desde la mitad de los tallos del cabello hasta las puntas, evitando el cuero cabelludo, peina r\u00e1pidamente con un cepillo ancho. peine dentado, luego enjuague. TERCER PASO &#8211; Despu\u00e9s de lavar el cabello con champ\u00fa y aplicar acondicionador, retire el exceso de humedad con las manos y aplique una cantidad generosa de mascarilla de tratamiento, aplique la cantidad suficiente para cubrir todos los mechones, tomando un descanso de 5 a 10 minutos para actuar sobre el cabello, luego enjuagar. \u00a1La mascarilla de tratamiento se puede utilizar antes del acondicionador para obtener un resultado a\u00fan m\u00e1s intenso! CUARTO PASO &#8211; Al terminar, coloca una porci\u00f3n de acabado Rhenuks en tus manos, activa el producto frot\u00e1ndolo en tus manos, y exti\u00e9ndelo uniformemente a lo largo y puntas de los tallos del cabello, no enjuagues. Termina como de costumbre. Se puede utilizar con secador y plancha si lo prefieres. Contiene: 01- Champ\u00fa 400ml 01 &#8211; Acondicionador 400ml 01 &#8211; Mascarilla Capilar 280g 01 &#8211; Finalizador 200ml<\/p>\n","protected":false},"excerpt":{"rendered":"<p>Kit Capilar Post Progresivo Liss La l\u00ednea Post Progresivo Liss tiene una f\u00f3rmula rica en amino\u00e1cidos que REPARA y NUTRE el cabello para que se vuelva MAS FUERTE, incluso despu\u00e9s de procesos qu\u00edmicos, logra mantener suavidad y manejabilidad, adem\u00e1s de prolongar el efecto liso y facilitando un acabado disciplinado y sin frizz. * PROLONGA EL &hellip;<\/p>\n<p class=\"read-more\"> <a class=\"\" href=\"https:\/\/varietieseym.com.uy\/index.php\/producto\/kit-tratamiento-completo-pos-progresivo-1015\/\"> <span class=\"screen-reader-text\">Kit tratamiento completo Pos progresivo &#8211; 1015<\/span> Leer m\u00e1s &raquo;<\/a><\/p>\n","protected":false},"featured_media":5641,"template":"","meta":{"_uag_custom_page_level_css":"","site-sidebar-layout":"default","site-content-layout":"","ast-site-content-layout":"default","site-content-style":"default","site-sidebar-style":"default","ast-global-header-display":"","ast-banner-title-visibility":"","ast-main-header-display":"","ast-hfb-above-header-display":"","ast-hfb-below-header-display":"","ast-hfb-mobile-header-display":"","site-post-title":"","ast-breadcrumbs-content":"","ast-featured-img":"","footer-sml-layout":"","theme-transparent-header-meta":"default","adv-header-id-meta":"","stick-header-meta":"","header-above-stick-meta":"","header-main-stick-meta":"","header-below-stick-meta":"","astra-migrate-meta-layouts":"set","_joinchat":[]},"product_brand":[],"product_cat":[242,143],"product_tag":[],"class_list":{"0":"post-5643","1":"product","2":"type-product","3":"status-publish","4":"has-post-thumbnail","6":"product_cat-tratamientos-capilares","7":"product_cat-cabello","8":"desktop-align-center","9":"tablet-align-left","10":"mobile-align-left","12":"first","13":"instock","14":"sale","15":"shipping-taxable","16":"purchasable","17":"product-type-simple"},"uagb_featured_image_src":{"full":["https:\/\/varietieseym.com.uy\/wp-content\/uploads\/2024\/06\/1bfeROgn2rH8338Ai0dNZHI_jwZGlYQi4PnM4RACIAg.webp",1024,1024,false],"thumbnail":["https:\/\/varietieseym.com.uy\/wp-content\/uploads\/2024\/06\/1bfeROgn2rH8338Ai0dNZHI_jwZGlYQi4PnM4RACIAg-150x150.webp",150,150,true],"medium":["https:\/\/varietieseym.com.uy\/wp-content\/uploads\/2024\/06\/1bfeROgn2rH8338Ai0dNZHI_jwZGlYQi4PnM4RACIAg-300x300.webp",300,300,true],"medium_large":["https:\/\/varietieseym.com.uy\/wp-content\/uploads\/2024\/06\/1bfeROgn2rH8338Ai0dNZHI_jwZGlYQi4PnM4RACIAg-768x768.webp",768,768,true],"large":["https:\/\/varietieseym.com.uy\/wp-content\/uploads\/2024\/06\/1bfeROgn2rH8338Ai0dNZHI_jwZGlYQi4PnM4RACIAg.webp",1024,1024,false],"1536x1536":["https:\/\/varietieseym.com.uy\/wp-content\/uploads\/2024\/06\/1bfeROgn2rH8338Ai0dNZHI_jwZGlYQi4PnM4RACIAg.webp",1024,1024,false],"2048x2048":["https:\/\/varietieseym.com.uy\/wp-content\/uploads\/2024\/06\/1bfeROgn2rH8338Ai0dNZHI_jwZGlYQi4PnM4RACIAg.webp",1024,1024,false],"woocommerce_thumbnail":["https:\/\/varietieseym.com.uy\/wp-content\/uploads\/2024\/06\/1bfeROgn2rH8338Ai0dNZHI_jwZGlYQi4PnM4RACIAg-300x300.webp",300,300,true],"woocommerce_single":["https:\/\/varietieseym.com.uy\/wp-content\/uploads\/2024\/06\/1bfeROgn2rH8338Ai0dNZHI_jwZGlYQi4PnM4RACIAg-600x600.webp",600,600,true],"woocommerce_gallery_thumbnail":["https:\/\/varietieseym.com.uy\/wp-content\/uploads\/2024\/06\/1bfeROgn2rH8338Ai0dNZHI_jwZGlYQi4PnM4RACIAg-100x100.webp",100,100,true]},"uagb_author_info":{"display_name":"SyF Home","author_link":"https:\/\/varietieseym.com.uy\/index.php\/author\/"},"uagb_comment_info":0,"uagb_excerpt":"Kit Capilar Post Progresivo Liss La l\u00ednea Post Progresivo Liss tiene una f\u00f3rmula rica en amino\u00e1cidos que REPARA y NUTRE el cabello para que se vuelva MAS FUERTE, incluso despu\u00e9s de procesos qu\u00edmicos, logra mantener suavidad y manejabilidad, adem\u00e1s de prolongar el efecto liso y facilitando un acabado disciplinado y sin frizz. * PROLONGA EL&hellip;","_links":{"self":[{"href":"https:\/\/varietieseym.com.uy\/index.php\/wp-json\/wp\/v2\/product\/5643","targetHints":{"allow":["GET"]}}],"collection":[{"href":"https:\/\/varietieseym.com.uy\/index.php\/wp-json\/wp\/v2\/product"}],"about":[{"href":"https:\/\/varietieseym.com.uy\/index.php\/wp-json\/wp\/v2\/types\/product"}],"wp:featuredmedia":[{"embeddable":true,"href":"https:\/\/varietieseym.com.uy\/index.php\/wp-json\/wp\/v2\/media\/5641"}],"wp:attachment":[{"href":"https:\/\/varietieseym.com.uy\/index.php\/wp-json\/wp\/v2\/media?parent=5643"}],"wp:term":[{"taxonomy":"product_brand","embeddable":true,"href":"https:\/\/varietieseym.com.uy\/index.php\/wp-json\/wp\/v2\/product_brand?post=5643"},{"taxonomy":"product_cat","embeddable":true,"href":"https:\/\/varietieseym.com.uy\/index.php\/wp-json\/wp\/v2\/product_cat?post=5643"},{"taxonomy":"product_tag","embeddable":true,"href":"https:\/\/varietieseym.com.uy\/index.php\/wp-json\/wp\/v2\/product_tag?post=5643"}],"curies":[{"name":"wp","href":"https:\/\/api.w.org\/{rel}","templated":true}]}}