{"id":5650,"date":"2024-06-04T22:47:15","date_gmt":"2024-06-05T01:47:15","guid":{"rendered":"https:\/\/varietieseym.com.uy\/?post_type=product&#038;p=5650"},"modified":"2025-06-10T11:00:16","modified_gmt":"2025-06-10T14:00:16","slug":"kit-tratamiento-completo-acido-hialuronico-1018","status":"publish","type":"product","link":"https:\/\/varietieseym.com.uy\/index.php\/producto\/kit-tratamiento-completo-acido-hialuronico-1018\/","title":{"rendered":"Kit tratamiento completo  acido hialuronico &#8211; 1018"},"content":{"rendered":"<p>Kit tratamiento acido Hialur\u00f3nico Begonia Gold La L\u00ednea Hialur\u00f3nico Begonia Gold tiene una f\u00f3rmula suave exclusiva de \u00e1cido Hialur\u00f3nico, que tiene un alto poder de hidrataci\u00f3n. Combate la deshidrataci\u00f3n, la sequedad y el encrespamiento, repara las puntas abiertas, da volumen al cabello y recupera todos los niveles de da\u00f1o. Kit que contiene: 1 Champ\u00fa acido hialuronico 400mL &#8211; Beg\u00f4nia Gold; 1 Acondicionador acido hialuronico 400 ml &#8211; Beg\u00f4nia Gold; 1 Mascarilla acido hialuronico 300g &#8211; Begonia Gold.<\/p>\n","protected":false},"excerpt":{"rendered":"<p>Kit tratamiento acido Hialur\u00f3nico Begonia Gold La L\u00ednea Hialur\u00f3nico Begonia Gold tiene una f\u00f3rmula suave exclusiva de \u00e1cido Hialur\u00f3nico, que tiene un alto poder de hidrataci\u00f3n. Combate la deshidrataci\u00f3n, la sequedad y el encrespamiento, repara las puntas abiertas, da volumen al cabello y recupera todos los niveles de da\u00f1o. Kit que contiene: 1 Champ\u00fa acido &hellip;<\/p>\n<p class=\"read-more\"> <a class=\"\" href=\"https:\/\/varietieseym.com.uy\/index.php\/producto\/kit-tratamiento-completo-acido-hialuronico-1018\/\"> <span class=\"screen-reader-text\">Kit tratamiento completo  acido hialuronico &#8211; 1018<\/span> Leer m\u00e1s &raquo;<\/a><\/p>\n","protected":false},"featured_media":5646,"template":"","meta":{"_uag_custom_page_level_css":"","site-sidebar-layout":"default","site-content-layout":"","ast-site-content-layout":"default","site-content-style":"default","site-sidebar-style":"default","ast-global-header-display":"","ast-banner-title-visibility":"","ast-main-header-display":"","ast-hfb-above-header-display":"","ast-hfb-below-header-display":"","ast-hfb-mobile-header-display":"","site-post-title":"","ast-breadcrumbs-content":"","ast-featured-img":"","footer-sml-layout":"","theme-transparent-header-meta":"default","adv-header-id-meta":"","stick-header-meta":"","header-above-stick-meta":"","header-main-stick-meta":"","header-below-stick-meta":"","astra-migrate-meta-layouts":"set","_joinchat":[]},"product_brand":[],"product_cat":[242,143],"product_tag":[],"class_list":{"0":"post-5650","1":"product","2":"type-product","3":"status-publish","4":"has-post-thumbnail","6":"product_cat-tratamientos-capilares","7":"product_cat-cabello","8":"desktop-align-center","9":"tablet-align-left","10":"mobile-align-left","12":"first","13":"outofstock","14":"sale","15":"shipping-taxable","16":"purchasable","17":"product-type-simple"},"uagb_featured_image_src":{"full":["https:\/\/varietieseym.com.uy\/wp-content\/uploads\/2024\/06\/1yvGXEtu3Wn1eoV9TYrzP45BOC4sFbJga9Sr8T89pXg.png",602,596,false],"thumbnail":["https:\/\/varietieseym.com.uy\/wp-content\/uploads\/2024\/06\/1yvGXEtu3Wn1eoV9TYrzP45BOC4sFbJga9Sr8T89pXg-150x150.png",150,150,true],"medium":["https:\/\/varietieseym.com.uy\/wp-content\/uploads\/2024\/06\/1yvGXEtu3Wn1eoV9TYrzP45BOC4sFbJga9Sr8T89pXg-300x297.png",300,297,true],"medium_large":["https:\/\/varietieseym.com.uy\/wp-content\/uploads\/2024\/06\/1yvGXEtu3Wn1eoV9TYrzP45BOC4sFbJga9Sr8T89pXg.png",602,596,false],"large":["https:\/\/varietieseym.com.uy\/wp-content\/uploads\/2024\/06\/1yvGXEtu3Wn1eoV9TYrzP45BOC4sFbJga9Sr8T89pXg.png",602,596,false],"1536x1536":["https:\/\/varietieseym.com.uy\/wp-content\/uploads\/2024\/06\/1yvGXEtu3Wn1eoV9TYrzP45BOC4sFbJga9Sr8T89pXg.png",602,596,false],"2048x2048":["https:\/\/varietieseym.com.uy\/wp-content\/uploads\/2024\/06\/1yvGXEtu3Wn1eoV9TYrzP45BOC4sFbJga9Sr8T89pXg.png",602,596,false],"woocommerce_thumbnail":["https:\/\/varietieseym.com.uy\/wp-content\/uploads\/2024\/06\/1yvGXEtu3Wn1eoV9TYrzP45BOC4sFbJga9Sr8T89pXg-300x300.png",300,300,true],"woocommerce_single":["https:\/\/varietieseym.com.uy\/wp-content\/uploads\/2024\/06\/1yvGXEtu3Wn1eoV9TYrzP45BOC4sFbJga9Sr8T89pXg-600x594.png",600,594,true],"woocommerce_gallery_thumbnail":["https:\/\/varietieseym.com.uy\/wp-content\/uploads\/2024\/06\/1yvGXEtu3Wn1eoV9TYrzP45BOC4sFbJga9Sr8T89pXg-100x100.png",100,100,true]},"uagb_author_info":{"display_name":"SyF Home","author_link":"https:\/\/varietieseym.com.uy\/index.php\/author\/"},"uagb_comment_info":0,"uagb_excerpt":"Kit tratamiento acido Hialur\u00f3nico Begonia Gold La L\u00ednea Hialur\u00f3nico Begonia Gold tiene una f\u00f3rmula suave exclusiva de \u00e1cido Hialur\u00f3nico, que tiene un alto poder de hidrataci\u00f3n. Combate la deshidrataci\u00f3n, la sequedad y el encrespamiento, repara las puntas abiertas, da volumen al cabello y recupera todos los niveles de da\u00f1o. Kit que contiene: 1 Champ\u00fa acido&hellip;","_links":{"self":[{"href":"https:\/\/varietieseym.com.uy\/index.php\/wp-json\/wp\/v2\/product\/5650","targetHints":{"allow":["GET"]}}],"collection":[{"href":"https:\/\/varietieseym.com.uy\/index.php\/wp-json\/wp\/v2\/product"}],"about":[{"href":"https:\/\/varietieseym.com.uy\/index.php\/wp-json\/wp\/v2\/types\/product"}],"wp:featuredmedia":[{"embeddable":true,"href":"https:\/\/varietieseym.com.uy\/index.php\/wp-json\/wp\/v2\/media\/5646"}],"wp:attachment":[{"href":"https:\/\/varietieseym.com.uy\/index.php\/wp-json\/wp\/v2\/media?parent=5650"}],"wp:term":[{"taxonomy":"product_brand","embeddable":true,"href":"https:\/\/varietieseym.com.uy\/index.php\/wp-json\/wp\/v2\/product_brand?post=5650"},{"taxonomy":"product_cat","embeddable":true,"href":"https:\/\/varietieseym.com.uy\/index.php\/wp-json\/wp\/v2\/product_cat?post=5650"},{"taxonomy":"product_tag","embeddable":true,"href":"https:\/\/varietieseym.com.uy\/index.php\/wp-json\/wp\/v2\/product_tag?post=5650"}],"curies":[{"name":"wp","href":"https:\/\/api.w.org\/{rel}","templated":true}]}}