{"id":5651,"date":"2024-06-04T22:48:30","date_gmt":"2024-06-05T01:48:30","guid":{"rendered":"https:\/\/varietieseym.com.uy\/?post_type=product&#038;p=5651"},"modified":"2024-06-11T12:44:32","modified_gmt":"2024-06-11T15:44:32","slug":"spray-protector-termico-siliconado-1021","status":"publish","type":"product","link":"https:\/\/varietieseym.com.uy\/index.php\/producto\/spray-protector-termico-siliconado-1021\/","title":{"rendered":"Spray protector termico siliconado &#8211; 1021"},"content":{"rendered":"<p>Spray Siliconado Sin Enjuague 10 BENEFICIOS INCORPORA BRILLO DESENREDA CONTROLA EL FRIZZ PREVIENE LAS PUNTAS ABIERTAS PROTECCI\u00d3N T\u00c9RMICA REDUCE EL VOLUMEN PROTEGE EL CABELLO COLORADO AUMENTA LA FLEXIBILIDAD DEL CABELLO MODELA RIZOS HIDRATACI\u00d3N INSTANT\u00c1NEA MODO DE EMPLEO: Aplicar sobre el cabello h\u00famedo o seco y finalizar como se desee.<\/p>\n","protected":false},"excerpt":{"rendered":"<p>Spray Siliconado Sin Enjuague 10 BENEFICIOS INCORPORA BRILLO DESENREDA CONTROLA EL FRIZZ PREVIENE LAS PUNTAS ABIERTAS PROTECCI\u00d3N T\u00c9RMICA REDUCE EL VOLUMEN PROTEGE EL CABELLO COLORADO AUMENTA LA FLEXIBILIDAD DEL CABELLO MODELA RIZOS HIDRATACI\u00d3N INSTANT\u00c1NEA MODO DE EMPLEO: Aplicar sobre el cabello h\u00famedo o seco y finalizar como se desee.<\/p>\n","protected":false},"featured_media":5652,"template":"","meta":{"_uag_custom_page_level_css":"","site-sidebar-layout":"default","site-content-layout":"","ast-site-content-layout":"default","site-content-style":"default","site-sidebar-style":"default","ast-global-header-display":"","ast-banner-title-visibility":"","ast-main-header-display":"","ast-hfb-above-header-display":"","ast-hfb-below-header-display":"","ast-hfb-mobile-header-display":"","site-post-title":"","ast-breadcrumbs-content":"","ast-featured-img":"","footer-sml-layout":"","theme-transparent-header-meta":"default","adv-header-id-meta":"","stick-header-meta":"","header-above-stick-meta":"","header-main-stick-meta":"","header-below-stick-meta":"","astra-migrate-meta-layouts":"set","_joinchat":[]},"product_brand":[],"product_cat":[243,143],"product_tag":[],"class_list":{"0":"post-5651","1":"product","2":"type-product","3":"status-publish","4":"has-post-thumbnail","6":"product_cat-protectores-termicos-spray-finalizadores","7":"product_cat-cabello","8":"desktop-align-center","9":"tablet-align-left","10":"mobile-align-left","12":"first","13":"instock","14":"sale","15":"shipping-taxable","16":"purchasable","17":"product-type-simple"},"uagb_featured_image_src":{"full":["https:\/\/varietieseym.com.uy\/wp-content\/uploads\/2024\/06\/1uek9R85DkbCzVm7U6zeEar89_79Lea1-M1e_LU9_SQ.jpg",1024,1024,false],"thumbnail":["https:\/\/varietieseym.com.uy\/wp-content\/uploads\/2024\/06\/1uek9R85DkbCzVm7U6zeEar89_79Lea1-M1e_LU9_SQ-150x150.jpg",150,150,true],"medium":["https:\/\/varietieseym.com.uy\/wp-content\/uploads\/2024\/06\/1uek9R85DkbCzVm7U6zeEar89_79Lea1-M1e_LU9_SQ-300x300.jpg",300,300,true],"medium_large":["https:\/\/varietieseym.com.uy\/wp-content\/uploads\/2024\/06\/1uek9R85DkbCzVm7U6zeEar89_79Lea1-M1e_LU9_SQ-768x768.jpg",768,768,true],"large":["https:\/\/varietieseym.com.uy\/wp-content\/uploads\/2024\/06\/1uek9R85DkbCzVm7U6zeEar89_79Lea1-M1e_LU9_SQ.jpg",1024,1024,false],"1536x1536":["https:\/\/varietieseym.com.uy\/wp-content\/uploads\/2024\/06\/1uek9R85DkbCzVm7U6zeEar89_79Lea1-M1e_LU9_SQ.jpg",1024,1024,false],"2048x2048":["https:\/\/varietieseym.com.uy\/wp-content\/uploads\/2024\/06\/1uek9R85DkbCzVm7U6zeEar89_79Lea1-M1e_LU9_SQ.jpg",1024,1024,false],"woocommerce_thumbnail":["https:\/\/varietieseym.com.uy\/wp-content\/uploads\/2024\/06\/1uek9R85DkbCzVm7U6zeEar89_79Lea1-M1e_LU9_SQ-300x300.jpg",300,300,true],"woocommerce_single":["https:\/\/varietieseym.com.uy\/wp-content\/uploads\/2024\/06\/1uek9R85DkbCzVm7U6zeEar89_79Lea1-M1e_LU9_SQ-600x600.jpg",600,600,true],"woocommerce_gallery_thumbnail":["https:\/\/varietieseym.com.uy\/wp-content\/uploads\/2024\/06\/1uek9R85DkbCzVm7U6zeEar89_79Lea1-M1e_LU9_SQ-100x100.jpg",100,100,true]},"uagb_author_info":{"display_name":"SyF Home","author_link":"https:\/\/varietieseym.com.uy\/index.php\/author\/"},"uagb_comment_info":0,"uagb_excerpt":"Spray Siliconado Sin Enjuague 10 BENEFICIOS INCORPORA BRILLO DESENREDA CONTROLA EL FRIZZ PREVIENE LAS PUNTAS ABIERTAS PROTECCI\u00d3N T\u00c9RMICA REDUCE EL VOLUMEN PROTEGE EL CABELLO COLORADO AUMENTA LA FLEXIBILIDAD DEL CABELLO MODELA RIZOS HIDRATACI\u00d3N INSTANT\u00c1NEA MODO DE EMPLEO: Aplicar sobre el cabello h\u00famedo o seco y finalizar como se desee.","_links":{"self":[{"href":"https:\/\/varietieseym.com.uy\/index.php\/wp-json\/wp\/v2\/product\/5651","targetHints":{"allow":["GET"]}}],"collection":[{"href":"https:\/\/varietieseym.com.uy\/index.php\/wp-json\/wp\/v2\/product"}],"about":[{"href":"https:\/\/varietieseym.com.uy\/index.php\/wp-json\/wp\/v2\/types\/product"}],"wp:featuredmedia":[{"embeddable":true,"href":"https:\/\/varietieseym.com.uy\/index.php\/wp-json\/wp\/v2\/media\/5652"}],"wp:attachment":[{"href":"https:\/\/varietieseym.com.uy\/index.php\/wp-json\/wp\/v2\/media?parent=5651"}],"wp:term":[{"taxonomy":"product_brand","embeddable":true,"href":"https:\/\/varietieseym.com.uy\/index.php\/wp-json\/wp\/v2\/product_brand?post=5651"},{"taxonomy":"product_cat","embeddable":true,"href":"https:\/\/varietieseym.com.uy\/index.php\/wp-json\/wp\/v2\/product_cat?post=5651"},{"taxonomy":"product_tag","embeddable":true,"href":"https:\/\/varietieseym.com.uy\/index.php\/wp-json\/wp\/v2\/product_tag?post=5651"}],"curies":[{"name":"wp","href":"https:\/\/api.w.org\/{rel}","templated":true}]}}