{"id":5655,"date":"2024-06-04T22:50:49","date_gmt":"2024-06-05T01:50:49","guid":{"rendered":"https:\/\/varietieseym.com.uy\/?post_type=product&#038;p=5655"},"modified":"2024-12-13T18:33:34","modified_gmt":"2024-12-13T21:33:34","slug":"spray-protector-termico-liso-eterno-1023","status":"publish","type":"product","link":"https:\/\/varietieseym.com.uy\/index.php\/producto\/spray-protector-termico-liso-eterno-1023\/","title":{"rendered":"Spray protector termico liso eterno &#8211; 1023"},"content":{"rendered":"<p>super acondicionante 20 beneficios El Finalizador Termoactivado de Uso Eterno Mary Life es lo m\u00e1s moderno en acabado del cabello para potenciar el efecto liso de tu plancha o cepillo con cuidado y sin agresiones. Su f\u00f3rmula suave y sin aceite tiene una acci\u00f3n duradera, que mantiene el cabello suave, hidratado y alineado por m\u00e1s tiempo. Protege el cabello del calor, adem\u00e1s de aportar decenas de beneficios m\u00e1s. Ideal para cabellos que requieren cuidados especiales durante el acabado. Con 20 beneficios: &#8211; Protecci\u00f3n contra el cloro &#8211; Protege la hebra contra la humedad &#8211; Perfuma el cabello &#8211; Aumenta la suavidad &#8211; Potencia el efecto de hidrataci\u00f3n &#8211; Nutrici\u00f3n profunda &#8211; Tacto suave &#8211; Protecci\u00f3n t\u00e9rmica &#8211; Repara las puntas abiertas &#8211; Desenredado inmediato &#8211; Elimina el frizz &#8211; Hidrataci\u00f3n prolongada &#8211; Reparaci\u00f3n de da\u00f1os &#8211; Intenso brillo &#8211; Facilita el cepillado &#8211; 0% Petrolato &#8211; 0% \u00c1cido Glyox\u00edlico &#8211; 0% Tintes &#8211; 0% Parabenos &#8211; puede ser usado para embarazadas<\/p>\n","protected":false},"excerpt":{"rendered":"<p>super acondicionante 20 beneficios El Finalizador Termoactivado de Uso Eterno Mary Life es lo m\u00e1s moderno en acabado del cabello para potenciar el efecto liso de tu plancha o cepillo con cuidado y sin agresiones. Su f\u00f3rmula suave y sin aceite tiene una acci\u00f3n duradera, que mantiene el cabello suave, hidratado y alineado por m\u00e1s &hellip;<\/p>\n<p class=\"read-more\"> <a class=\"\" href=\"https:\/\/varietieseym.com.uy\/index.php\/producto\/spray-protector-termico-liso-eterno-1023\/\"> <span class=\"screen-reader-text\">Spray protector termico liso eterno &#8211; 1023<\/span> Leer m\u00e1s &raquo;<\/a><\/p>\n","protected":false},"featured_media":5656,"template":"","meta":{"_uag_custom_page_level_css":"","site-sidebar-layout":"default","site-content-layout":"","ast-site-content-layout":"default","site-content-style":"default","site-sidebar-style":"default","ast-global-header-display":"","ast-banner-title-visibility":"","ast-main-header-display":"","ast-hfb-above-header-display":"","ast-hfb-below-header-display":"","ast-hfb-mobile-header-display":"","site-post-title":"","ast-breadcrumbs-content":"","ast-featured-img":"","footer-sml-layout":"","theme-transparent-header-meta":"default","adv-header-id-meta":"","stick-header-meta":"","header-above-stick-meta":"","header-main-stick-meta":"","header-below-stick-meta":"","astra-migrate-meta-layouts":"set","_joinchat":[]},"product_brand":[],"product_cat":[243,143],"product_tag":[],"class_list":{"0":"post-5655","1":"product","2":"type-product","3":"status-publish","4":"has-post-thumbnail","6":"product_cat-protectores-termicos-spray-finalizadores","7":"product_cat-cabello","8":"desktop-align-center","9":"tablet-align-left","10":"mobile-align-left","12":"first","13":"outofstock","14":"sale","15":"shipping-taxable","16":"purchasable","17":"product-type-simple"},"uagb_featured_image_src":{"full":["https:\/\/varietieseym.com.uy\/wp-content\/uploads\/2024\/06\/1RJKDfjaAE8UckxozjbQzx1-aeaJ15MY4f7wWGc6TeQ.webp",451,479,false],"thumbnail":["https:\/\/varietieseym.com.uy\/wp-content\/uploads\/2024\/06\/1RJKDfjaAE8UckxozjbQzx1-aeaJ15MY4f7wWGc6TeQ-150x150.webp",150,150,true],"medium":["https:\/\/varietieseym.com.uy\/wp-content\/uploads\/2024\/06\/1RJKDfjaAE8UckxozjbQzx1-aeaJ15MY4f7wWGc6TeQ-282x300.webp",282,300,true],"medium_large":["https:\/\/varietieseym.com.uy\/wp-content\/uploads\/2024\/06\/1RJKDfjaAE8UckxozjbQzx1-aeaJ15MY4f7wWGc6TeQ.webp",451,479,false],"large":["https:\/\/varietieseym.com.uy\/wp-content\/uploads\/2024\/06\/1RJKDfjaAE8UckxozjbQzx1-aeaJ15MY4f7wWGc6TeQ.webp",451,479,false],"1536x1536":["https:\/\/varietieseym.com.uy\/wp-content\/uploads\/2024\/06\/1RJKDfjaAE8UckxozjbQzx1-aeaJ15MY4f7wWGc6TeQ.webp",451,479,false],"2048x2048":["https:\/\/varietieseym.com.uy\/wp-content\/uploads\/2024\/06\/1RJKDfjaAE8UckxozjbQzx1-aeaJ15MY4f7wWGc6TeQ.webp",451,479,false],"woocommerce_thumbnail":["https:\/\/varietieseym.com.uy\/wp-content\/uploads\/2024\/06\/1RJKDfjaAE8UckxozjbQzx1-aeaJ15MY4f7wWGc6TeQ-300x300.webp",300,300,true],"woocommerce_single":["https:\/\/varietieseym.com.uy\/wp-content\/uploads\/2024\/06\/1RJKDfjaAE8UckxozjbQzx1-aeaJ15MY4f7wWGc6TeQ.webp",451,479,false],"woocommerce_gallery_thumbnail":["https:\/\/varietieseym.com.uy\/wp-content\/uploads\/2024\/06\/1RJKDfjaAE8UckxozjbQzx1-aeaJ15MY4f7wWGc6TeQ-100x100.webp",100,100,true]},"uagb_author_info":{"display_name":"SyF Home","author_link":"https:\/\/varietieseym.com.uy\/index.php\/author\/"},"uagb_comment_info":0,"uagb_excerpt":"super acondicionante 20 beneficios El Finalizador Termoactivado de Uso Eterno Mary Life es lo m\u00e1s moderno en acabado del cabello para potenciar el efecto liso de tu plancha o cepillo con cuidado y sin agresiones. Su f\u00f3rmula suave y sin aceite tiene una acci\u00f3n duradera, que mantiene el cabello suave, hidratado y alineado por m\u00e1s&hellip;","_links":{"self":[{"href":"https:\/\/varietieseym.com.uy\/index.php\/wp-json\/wp\/v2\/product\/5655","targetHints":{"allow":["GET"]}}],"collection":[{"href":"https:\/\/varietieseym.com.uy\/index.php\/wp-json\/wp\/v2\/product"}],"about":[{"href":"https:\/\/varietieseym.com.uy\/index.php\/wp-json\/wp\/v2\/types\/product"}],"wp:featuredmedia":[{"embeddable":true,"href":"https:\/\/varietieseym.com.uy\/index.php\/wp-json\/wp\/v2\/media\/5656"}],"wp:attachment":[{"href":"https:\/\/varietieseym.com.uy\/index.php\/wp-json\/wp\/v2\/media?parent=5655"}],"wp:term":[{"taxonomy":"product_brand","embeddable":true,"href":"https:\/\/varietieseym.com.uy\/index.php\/wp-json\/wp\/v2\/product_brand?post=5655"},{"taxonomy":"product_cat","embeddable":true,"href":"https:\/\/varietieseym.com.uy\/index.php\/wp-json\/wp\/v2\/product_cat?post=5655"},{"taxonomy":"product_tag","embeddable":true,"href":"https:\/\/varietieseym.com.uy\/index.php\/wp-json\/wp\/v2\/product_tag?post=5655"}],"curies":[{"name":"wp","href":"https:\/\/api.w.org\/{rel}","templated":true}]}}