{"id":5657,"date":"2024-06-04T22:51:44","date_gmt":"2024-06-05T01:51:44","guid":{"rendered":"https:\/\/varietieseym.com.uy\/?post_type=product&#038;p=5657"},"modified":"2024-12-13T18:33:07","modified_gmt":"2024-12-13T21:33:07","slug":"spray-protector-termico-10-en-1-1024","status":"publish","type":"product","link":"https:\/\/varietieseym.com.uy\/index.php\/producto\/spray-protector-termico-10-en-1-1024\/","title":{"rendered":"Spray protector termico  10 en 1 &#8211; 1024"},"content":{"rendered":"<p>Es un producto multifuncional desarrollado para facilitar la aplicaci\u00f3n en el cabello, dej\u00e1ndolo m\u00e1s brillante, acondicionado y sin frizz. \u2022 Repara el cabello da\u00f1ado \u2022 Controla el encrespamiento \u2022 Acondiciona el cabello \u2022 Desenreda \u2022 Efecto memoria \u2022 Brillo intenso \u2022 Previene las puntas abiertas \u2022 F\u00e1cil aplicaci\u00f3n \u2022 Protecci\u00f3n t\u00e9rmica<\/p>\n","protected":false},"excerpt":{"rendered":"<p>Es un producto multifuncional desarrollado para facilitar la aplicaci\u00f3n en el cabello, dej\u00e1ndolo m\u00e1s brillante, acondicionado y sin frizz. \u2022 Repara el cabello da\u00f1ado \u2022 Controla el encrespamiento \u2022 Acondiciona el cabello \u2022 Desenreda \u2022 Efecto memoria \u2022 Brillo intenso \u2022 Previene las puntas abiertas \u2022 F\u00e1cil aplicaci\u00f3n \u2022 Protecci\u00f3n t\u00e9rmica<\/p>\n","protected":false},"featured_media":5658,"template":"","meta":{"_uag_custom_page_level_css":"","site-sidebar-layout":"default","site-content-layout":"","ast-site-content-layout":"default","site-content-style":"default","site-sidebar-style":"default","ast-global-header-display":"","ast-banner-title-visibility":"","ast-main-header-display":"","ast-hfb-above-header-display":"","ast-hfb-below-header-display":"","ast-hfb-mobile-header-display":"","site-post-title":"","ast-breadcrumbs-content":"","ast-featured-img":"","footer-sml-layout":"","theme-transparent-header-meta":"default","adv-header-id-meta":"","stick-header-meta":"","header-above-stick-meta":"","header-main-stick-meta":"","header-below-stick-meta":"","astra-migrate-meta-layouts":"set","_joinchat":[]},"product_brand":[],"product_cat":[243,143],"product_tag":[],"class_list":{"0":"post-5657","1":"product","2":"type-product","3":"status-publish","4":"has-post-thumbnail","6":"product_cat-protectores-termicos-spray-finalizadores","7":"product_cat-cabello","8":"desktop-align-center","9":"tablet-align-left","10":"mobile-align-left","12":"first","13":"outofstock","14":"sale","15":"shipping-taxable","16":"purchasable","17":"product-type-simple"},"uagb_featured_image_src":{"full":["https:\/\/varietieseym.com.uy\/wp-content\/uploads\/2024\/06\/1ANbgGdrmta4Di7ve1dJIvEtO0ak7kf0rII1WbWIDIQ.jpg",1024,1024,false],"thumbnail":["https:\/\/varietieseym.com.uy\/wp-content\/uploads\/2024\/06\/1ANbgGdrmta4Di7ve1dJIvEtO0ak7kf0rII1WbWIDIQ-150x150.jpg",150,150,true],"medium":["https:\/\/varietieseym.com.uy\/wp-content\/uploads\/2024\/06\/1ANbgGdrmta4Di7ve1dJIvEtO0ak7kf0rII1WbWIDIQ-300x300.jpg",300,300,true],"medium_large":["https:\/\/varietieseym.com.uy\/wp-content\/uploads\/2024\/06\/1ANbgGdrmta4Di7ve1dJIvEtO0ak7kf0rII1WbWIDIQ-768x768.jpg",768,768,true],"large":["https:\/\/varietieseym.com.uy\/wp-content\/uploads\/2024\/06\/1ANbgGdrmta4Di7ve1dJIvEtO0ak7kf0rII1WbWIDIQ.jpg",1024,1024,false],"1536x1536":["https:\/\/varietieseym.com.uy\/wp-content\/uploads\/2024\/06\/1ANbgGdrmta4Di7ve1dJIvEtO0ak7kf0rII1WbWIDIQ.jpg",1024,1024,false],"2048x2048":["https:\/\/varietieseym.com.uy\/wp-content\/uploads\/2024\/06\/1ANbgGdrmta4Di7ve1dJIvEtO0ak7kf0rII1WbWIDIQ.jpg",1024,1024,false],"woocommerce_thumbnail":["https:\/\/varietieseym.com.uy\/wp-content\/uploads\/2024\/06\/1ANbgGdrmta4Di7ve1dJIvEtO0ak7kf0rII1WbWIDIQ-300x300.jpg",300,300,true],"woocommerce_single":["https:\/\/varietieseym.com.uy\/wp-content\/uploads\/2024\/06\/1ANbgGdrmta4Di7ve1dJIvEtO0ak7kf0rII1WbWIDIQ-600x600.jpg",600,600,true],"woocommerce_gallery_thumbnail":["https:\/\/varietieseym.com.uy\/wp-content\/uploads\/2024\/06\/1ANbgGdrmta4Di7ve1dJIvEtO0ak7kf0rII1WbWIDIQ-100x100.jpg",100,100,true]},"uagb_author_info":{"display_name":"SyF Home","author_link":"https:\/\/varietieseym.com.uy\/index.php\/author\/"},"uagb_comment_info":0,"uagb_excerpt":"Es un producto multifuncional desarrollado para facilitar la aplicaci\u00f3n en el cabello, dej\u00e1ndolo m\u00e1s brillante, acondicionado y sin frizz. \u2022 Repara el cabello da\u00f1ado \u2022 Controla el encrespamiento \u2022 Acondiciona el cabello \u2022 Desenreda \u2022 Efecto memoria \u2022 Brillo intenso \u2022 Previene las puntas abiertas \u2022 F\u00e1cil aplicaci\u00f3n \u2022 Protecci\u00f3n t\u00e9rmica","_links":{"self":[{"href":"https:\/\/varietieseym.com.uy\/index.php\/wp-json\/wp\/v2\/product\/5657","targetHints":{"allow":["GET"]}}],"collection":[{"href":"https:\/\/varietieseym.com.uy\/index.php\/wp-json\/wp\/v2\/product"}],"about":[{"href":"https:\/\/varietieseym.com.uy\/index.php\/wp-json\/wp\/v2\/types\/product"}],"wp:featuredmedia":[{"embeddable":true,"href":"https:\/\/varietieseym.com.uy\/index.php\/wp-json\/wp\/v2\/media\/5658"}],"wp:attachment":[{"href":"https:\/\/varietieseym.com.uy\/index.php\/wp-json\/wp\/v2\/media?parent=5657"}],"wp:term":[{"taxonomy":"product_brand","embeddable":true,"href":"https:\/\/varietieseym.com.uy\/index.php\/wp-json\/wp\/v2\/product_brand?post=5657"},{"taxonomy":"product_cat","embeddable":true,"href":"https:\/\/varietieseym.com.uy\/index.php\/wp-json\/wp\/v2\/product_cat?post=5657"},{"taxonomy":"product_tag","embeddable":true,"href":"https:\/\/varietieseym.com.uy\/index.php\/wp-json\/wp\/v2\/product_tag?post=5657"}],"curies":[{"name":"wp","href":"https:\/\/api.w.org\/{rel}","templated":true}]}}