{"id":5670,"date":"2024-06-04T22:54:39","date_gmt":"2024-06-05T01:54:39","guid":{"rendered":"https:\/\/varietieseym.com.uy\/?post_type=product&#038;p=5670"},"modified":"2024-12-13T18:32:43","modified_gmt":"2024-12-13T21:32:43","slug":"spray-finalizador-hidratante-activador-de-rizos-1027","status":"publish","type":"product","link":"https:\/\/varietieseym.com.uy\/index.php\/producto\/spray-finalizador-hidratante-activador-de-rizos-1027\/","title":{"rendered":"Spray finalizador hidratante activador de rizos &#8211; 1027"},"content":{"rendered":"<p>Protector t\u00e9rmico activador de rizos es un producto multifuncional dise\u00f1ado para mantener el cabello hidratado y acondicionado. Su textura ligera permite que los agentes nutricionales sean absorbidos por el cabello, cubriendo las m\u00e1s diversas necesidades como activador de rizos, hidratacion intensivo y acci\u00f3n humectante.con acci\u00f3n desenredante, proteger del calor de secadores y estilizadores t\u00e9rmicos.<\/p>\n","protected":false},"excerpt":{"rendered":"<p>Protector t\u00e9rmico activador de rizos es un producto multifuncional dise\u00f1ado para mantener el cabello hidratado y acondicionado. Su textura ligera permite que los agentes nutricionales sean absorbidos por el cabello, cubriendo las m\u00e1s diversas necesidades como activador de rizos, hidratacion intensivo y acci\u00f3n humectante.con acci\u00f3n desenredante, proteger del calor de secadores y estilizadores t\u00e9rmicos.<\/p>\n","protected":false},"featured_media":5664,"template":"","meta":{"_uag_custom_page_level_css":"","site-sidebar-layout":"default","site-content-layout":"","ast-site-content-layout":"default","site-content-style":"default","site-sidebar-style":"default","ast-global-header-display":"","ast-banner-title-visibility":"","ast-main-header-display":"","ast-hfb-above-header-display":"","ast-hfb-below-header-display":"","ast-hfb-mobile-header-display":"","site-post-title":"","ast-breadcrumbs-content":"","ast-featured-img":"","footer-sml-layout":"","theme-transparent-header-meta":"default","adv-header-id-meta":"","stick-header-meta":"","header-above-stick-meta":"","header-main-stick-meta":"","header-below-stick-meta":"","astra-migrate-meta-layouts":"set","_joinchat":[]},"product_brand":[],"product_cat":[243,143],"product_tag":[],"class_list":{"0":"post-5670","1":"product","2":"type-product","3":"status-publish","4":"has-post-thumbnail","6":"product_cat-protectores-termicos-spray-finalizadores","7":"product_cat-cabello","8":"desktop-align-center","9":"tablet-align-left","10":"mobile-align-left","12":"first","13":"outofstock","14":"sale","15":"shipping-taxable","16":"purchasable","17":"product-type-simple"},"uagb_featured_image_src":{"full":["https:\/\/varietieseym.com.uy\/wp-content\/uploads\/2024\/06\/1yOzSQnoCMi-UWJcNz-mKILFcNcILR0gnVolWF9Pckw.png",625,613,false],"thumbnail":["https:\/\/varietieseym.com.uy\/wp-content\/uploads\/2024\/06\/1yOzSQnoCMi-UWJcNz-mKILFcNcILR0gnVolWF9Pckw-150x150.png",150,150,true],"medium":["https:\/\/varietieseym.com.uy\/wp-content\/uploads\/2024\/06\/1yOzSQnoCMi-UWJcNz-mKILFcNcILR0gnVolWF9Pckw-300x294.png",300,294,true],"medium_large":["https:\/\/varietieseym.com.uy\/wp-content\/uploads\/2024\/06\/1yOzSQnoCMi-UWJcNz-mKILFcNcILR0gnVolWF9Pckw.png",625,613,false],"large":["https:\/\/varietieseym.com.uy\/wp-content\/uploads\/2024\/06\/1yOzSQnoCMi-UWJcNz-mKILFcNcILR0gnVolWF9Pckw.png",625,613,false],"1536x1536":["https:\/\/varietieseym.com.uy\/wp-content\/uploads\/2024\/06\/1yOzSQnoCMi-UWJcNz-mKILFcNcILR0gnVolWF9Pckw.png",625,613,false],"2048x2048":["https:\/\/varietieseym.com.uy\/wp-content\/uploads\/2024\/06\/1yOzSQnoCMi-UWJcNz-mKILFcNcILR0gnVolWF9Pckw.png",625,613,false],"woocommerce_thumbnail":["https:\/\/varietieseym.com.uy\/wp-content\/uploads\/2024\/06\/1yOzSQnoCMi-UWJcNz-mKILFcNcILR0gnVolWF9Pckw-300x300.png",300,300,true],"woocommerce_single":["https:\/\/varietieseym.com.uy\/wp-content\/uploads\/2024\/06\/1yOzSQnoCMi-UWJcNz-mKILFcNcILR0gnVolWF9Pckw-600x588.png",600,588,true],"woocommerce_gallery_thumbnail":["https:\/\/varietieseym.com.uy\/wp-content\/uploads\/2024\/06\/1yOzSQnoCMi-UWJcNz-mKILFcNcILR0gnVolWF9Pckw-100x100.png",100,100,true]},"uagb_author_info":{"display_name":"SyF Home","author_link":"https:\/\/varietieseym.com.uy\/index.php\/author\/"},"uagb_comment_info":0,"uagb_excerpt":"Protector t\u00e9rmico activador de rizos es un producto multifuncional dise\u00f1ado para mantener el cabello hidratado y acondicionado. Su textura ligera permite que los agentes nutricionales sean absorbidos por el cabello, cubriendo las m\u00e1s diversas necesidades como activador de rizos, hidratacion intensivo y acci\u00f3n humectante.con acci\u00f3n desenredante, proteger del calor de secadores y estilizadores t\u00e9rmicos.","_links":{"self":[{"href":"https:\/\/varietieseym.com.uy\/index.php\/wp-json\/wp\/v2\/product\/5670","targetHints":{"allow":["GET"]}}],"collection":[{"href":"https:\/\/varietieseym.com.uy\/index.php\/wp-json\/wp\/v2\/product"}],"about":[{"href":"https:\/\/varietieseym.com.uy\/index.php\/wp-json\/wp\/v2\/types\/product"}],"wp:featuredmedia":[{"embeddable":true,"href":"https:\/\/varietieseym.com.uy\/index.php\/wp-json\/wp\/v2\/media\/5664"}],"wp:attachment":[{"href":"https:\/\/varietieseym.com.uy\/index.php\/wp-json\/wp\/v2\/media?parent=5670"}],"wp:term":[{"taxonomy":"product_brand","embeddable":true,"href":"https:\/\/varietieseym.com.uy\/index.php\/wp-json\/wp\/v2\/product_brand?post=5670"},{"taxonomy":"product_cat","embeddable":true,"href":"https:\/\/varietieseym.com.uy\/index.php\/wp-json\/wp\/v2\/product_cat?post=5670"},{"taxonomy":"product_tag","embeddable":true,"href":"https:\/\/varietieseym.com.uy\/index.php\/wp-json\/wp\/v2\/product_tag?post=5670"}],"curies":[{"name":"wp","href":"https:\/\/api.w.org\/{rel}","templated":true}]}}