{"id":5734,"date":"2024-06-05T14:15:02","date_gmt":"2024-06-05T17:15:02","guid":{"rendered":"https:\/\/varietieseym.com.uy\/?post_type=product&#038;p=5734"},"modified":"2024-06-05T14:15:02","modified_gmt":"2024-06-05T17:15:02","slug":"mascarilla-hidratante-ojos-344433","status":"publish","type":"product","link":"https:\/\/varietieseym.com.uy\/index.php\/producto\/mascarilla-hidratante-ojos-344433\/","title":{"rendered":"Mascarilla hidratante ojos &#8211; 344433"},"content":{"rendered":"<p>Parches anti ojeras de col\u00e1geno. Ayuda a reducir ojos hinchados, bolsas, ojeras y l\u00edneas de expresi\u00f3n<\/p>\n","protected":false},"excerpt":{"rendered":"<p>Parches anti ojeras de col\u00e1geno. Ayuda a reducir ojos hinchados, bolsas, ojeras y l\u00edneas de expresi\u00f3n<\/p>\n","protected":false},"featured_media":5709,"template":"","meta":{"_uag_custom_page_level_css":"","site-sidebar-layout":"default","site-content-layout":"","ast-site-content-layout":"default","site-content-style":"default","site-sidebar-style":"default","ast-global-header-display":"","ast-banner-title-visibility":"","ast-main-header-display":"","ast-hfb-above-header-display":"","ast-hfb-below-header-display":"","ast-hfb-mobile-header-display":"","site-post-title":"","ast-breadcrumbs-content":"","ast-featured-img":"","footer-sml-layout":"","theme-transparent-header-meta":"default","adv-header-id-meta":"","stick-header-meta":"","header-above-stick-meta":"","header-main-stick-meta":"","header-below-stick-meta":"","astra-migrate-meta-layouts":"set","_joinchat":[]},"product_brand":[],"product_cat":[245,144],"product_tag":[],"class_list":{"0":"post-5734","1":"product","2":"type-product","3":"status-publish","4":"has-post-thumbnail","6":"product_cat-mascarillas","7":"product_cat-skincare","8":"desktop-align-center","9":"tablet-align-left","10":"mobile-align-left","12":"first","13":"instock","14":"shipping-taxable","15":"purchasable","16":"product-type-simple"},"uagb_featured_image_src":{"full":["https:\/\/varietieseym.com.uy\/wp-content\/uploads\/2024\/06\/1V7jcU2kPQd40pW1964h-vde4zPSt2rbNoVyR-7WNEw.png",628,619,false],"thumbnail":["https:\/\/varietieseym.com.uy\/wp-content\/uploads\/2024\/06\/1V7jcU2kPQd40pW1964h-vde4zPSt2rbNoVyR-7WNEw-150x150.png",150,150,true],"medium":["https:\/\/varietieseym.com.uy\/wp-content\/uploads\/2024\/06\/1V7jcU2kPQd40pW1964h-vde4zPSt2rbNoVyR-7WNEw-300x296.png",300,296,true],"medium_large":["https:\/\/varietieseym.com.uy\/wp-content\/uploads\/2024\/06\/1V7jcU2kPQd40pW1964h-vde4zPSt2rbNoVyR-7WNEw.png",628,619,false],"large":["https:\/\/varietieseym.com.uy\/wp-content\/uploads\/2024\/06\/1V7jcU2kPQd40pW1964h-vde4zPSt2rbNoVyR-7WNEw.png",628,619,false],"1536x1536":["https:\/\/varietieseym.com.uy\/wp-content\/uploads\/2024\/06\/1V7jcU2kPQd40pW1964h-vde4zPSt2rbNoVyR-7WNEw.png",628,619,false],"2048x2048":["https:\/\/varietieseym.com.uy\/wp-content\/uploads\/2024\/06\/1V7jcU2kPQd40pW1964h-vde4zPSt2rbNoVyR-7WNEw.png",628,619,false],"woocommerce_thumbnail":["https:\/\/varietieseym.com.uy\/wp-content\/uploads\/2024\/06\/1V7jcU2kPQd40pW1964h-vde4zPSt2rbNoVyR-7WNEw-300x300.png",300,300,true],"woocommerce_single":["https:\/\/varietieseym.com.uy\/wp-content\/uploads\/2024\/06\/1V7jcU2kPQd40pW1964h-vde4zPSt2rbNoVyR-7WNEw-600x591.png",600,591,true],"woocommerce_gallery_thumbnail":["https:\/\/varietieseym.com.uy\/wp-content\/uploads\/2024\/06\/1V7jcU2kPQd40pW1964h-vde4zPSt2rbNoVyR-7WNEw-100x100.png",100,100,true]},"uagb_author_info":{"display_name":"SyF Home","author_link":"https:\/\/varietieseym.com.uy\/index.php\/author\/"},"uagb_comment_info":0,"uagb_excerpt":"Parches anti ojeras de col\u00e1geno. Ayuda a reducir ojos hinchados, bolsas, ojeras y l\u00edneas de expresi\u00f3n","_links":{"self":[{"href":"https:\/\/varietieseym.com.uy\/index.php\/wp-json\/wp\/v2\/product\/5734","targetHints":{"allow":["GET"]}}],"collection":[{"href":"https:\/\/varietieseym.com.uy\/index.php\/wp-json\/wp\/v2\/product"}],"about":[{"href":"https:\/\/varietieseym.com.uy\/index.php\/wp-json\/wp\/v2\/types\/product"}],"wp:featuredmedia":[{"embeddable":true,"href":"https:\/\/varietieseym.com.uy\/index.php\/wp-json\/wp\/v2\/media\/5709"}],"wp:attachment":[{"href":"https:\/\/varietieseym.com.uy\/index.php\/wp-json\/wp\/v2\/media?parent=5734"}],"wp:term":[{"taxonomy":"product_brand","embeddable":true,"href":"https:\/\/varietieseym.com.uy\/index.php\/wp-json\/wp\/v2\/product_brand?post=5734"},{"taxonomy":"product_cat","embeddable":true,"href":"https:\/\/varietieseym.com.uy\/index.php\/wp-json\/wp\/v2\/product_cat?post=5734"},{"taxonomy":"product_tag","embeddable":true,"href":"https:\/\/varietieseym.com.uy\/index.php\/wp-json\/wp\/v2\/product_tag?post=5734"}],"curies":[{"name":"wp","href":"https:\/\/api.w.org\/{rel}","templated":true}]}}