{"id":5738,"date":"2024-06-05T14:16:54","date_gmt":"2024-06-05T17:16:54","guid":{"rendered":"https:\/\/varietieseym.com.uy\/?post_type=product&#038;p=5738"},"modified":"2026-04-29T00:01:37","modified_gmt":"2026-04-29T03:01:37","slug":"serum-vitamina-c-2624","status":"publish","type":"product","link":"https:\/\/varietieseym.com.uy\/index.php\/producto\/serum-vitamina-c-2624\/","title":{"rendered":"Serum vitamina C &#8211; 2624"},"content":{"rendered":"<p>Serum Facial con Vitamina C La Vitamina C aporta numerosos beneficios a la piel, entre ellos: ayuda a aclarar las manchas de la piel, previene signos de envejecimiento prematuro, garantiza la hidrataci\u00f3n y deja la piel luminosa, si se combina con protector solar aumenta la protecci\u00f3n, en otras palabras, la Vitamina C lo es todo. bueno para la piel. El S\u00e9rum Facial Vitamina C 10 en 1 de Max Love tiene, adem\u00e1s de Vitamina C, otros nueve principios activos, que son: Hialuronato de Sodio, D-Pantenol, Niacinamida, Extracto de Flor de Naranja, Extracto de Lim\u00f3n de Sicilia, Hidrolato de Mandarina, Hidrolato de Limoncillo, Pi\u00f1a. Extracto y Vitamina E. Adem\u00e1s, es vegano , libre de parabenos.<\/p>\n","protected":false},"excerpt":{"rendered":"<p>Serum Facial con Vitamina C La Vitamina C aporta numerosos beneficios a la piel, entre ellos: ayuda a aclarar las manchas de la piel, previene signos de envejecimiento prematuro, garantiza la hidrataci\u00f3n y deja la piel luminosa, si se combina con protector solar aumenta la protecci\u00f3n, en otras palabras, la Vitamina C lo es todo. &hellip;<\/p>\n<p class=\"read-more\"> <a class=\"\" href=\"https:\/\/varietieseym.com.uy\/index.php\/producto\/serum-vitamina-c-2624\/\"> <span class=\"screen-reader-text\">Serum vitamina C &#8211; 2624<\/span> Leer m\u00e1s &raquo;<\/a><\/p>\n","protected":false},"featured_media":5718,"template":"","meta":{"_uag_custom_page_level_css":"","site-sidebar-layout":"default","site-content-layout":"","ast-site-content-layout":"default","site-content-style":"default","site-sidebar-style":"default","ast-global-header-display":"","ast-banner-title-visibility":"","ast-main-header-display":"","ast-hfb-above-header-display":"","ast-hfb-below-header-display":"","ast-hfb-mobile-header-display":"","site-post-title":"","ast-breadcrumbs-content":"","ast-featured-img":"","footer-sml-layout":"","theme-transparent-header-meta":"default","adv-header-id-meta":"","stick-header-meta":"","header-above-stick-meta":"","header-main-stick-meta":"","header-below-stick-meta":"","astra-migrate-meta-layouts":"set","_joinchat":[]},"product_brand":[],"product_cat":[248,144],"product_tag":[],"class_list":{"0":"post-5738","1":"product","2":"type-product","3":"status-publish","4":"has-post-thumbnail","6":"product_cat-serum","7":"product_cat-skincare","8":"desktop-align-center","9":"tablet-align-left","10":"mobile-align-left","12":"first","13":"outofstock","14":"shipping-taxable","15":"purchasable","16":"product-type-simple"},"uagb_featured_image_src":{"full":["https:\/\/varietieseym.com.uy\/wp-content\/uploads\/2024\/06\/1zWFAstLlSJvYjB3KhH51d-rHqUeGeaprv4fmNA81Fg.jpg",800,800,false],"thumbnail":["https:\/\/varietieseym.com.uy\/wp-content\/uploads\/2024\/06\/1zWFAstLlSJvYjB3KhH51d-rHqUeGeaprv4fmNA81Fg-150x150.jpg",150,150,true],"medium":["https:\/\/varietieseym.com.uy\/wp-content\/uploads\/2024\/06\/1zWFAstLlSJvYjB3KhH51d-rHqUeGeaprv4fmNA81Fg-300x300.jpg",300,300,true],"medium_large":["https:\/\/varietieseym.com.uy\/wp-content\/uploads\/2024\/06\/1zWFAstLlSJvYjB3KhH51d-rHqUeGeaprv4fmNA81Fg-768x768.jpg",768,768,true],"large":["https:\/\/varietieseym.com.uy\/wp-content\/uploads\/2024\/06\/1zWFAstLlSJvYjB3KhH51d-rHqUeGeaprv4fmNA81Fg.jpg",800,800,false],"1536x1536":["https:\/\/varietieseym.com.uy\/wp-content\/uploads\/2024\/06\/1zWFAstLlSJvYjB3KhH51d-rHqUeGeaprv4fmNA81Fg.jpg",800,800,false],"2048x2048":["https:\/\/varietieseym.com.uy\/wp-content\/uploads\/2024\/06\/1zWFAstLlSJvYjB3KhH51d-rHqUeGeaprv4fmNA81Fg.jpg",800,800,false],"woocommerce_thumbnail":["https:\/\/varietieseym.com.uy\/wp-content\/uploads\/2024\/06\/1zWFAstLlSJvYjB3KhH51d-rHqUeGeaprv4fmNA81Fg-300x300.jpg",300,300,true],"woocommerce_single":["https:\/\/varietieseym.com.uy\/wp-content\/uploads\/2024\/06\/1zWFAstLlSJvYjB3KhH51d-rHqUeGeaprv4fmNA81Fg-600x600.jpg",600,600,true],"woocommerce_gallery_thumbnail":["https:\/\/varietieseym.com.uy\/wp-content\/uploads\/2024\/06\/1zWFAstLlSJvYjB3KhH51d-rHqUeGeaprv4fmNA81Fg-100x100.jpg",100,100,true]},"uagb_author_info":{"display_name":"SyF Home","author_link":"https:\/\/varietieseym.com.uy\/index.php\/author\/"},"uagb_comment_info":0,"uagb_excerpt":"Serum Facial con Vitamina C La Vitamina C aporta numerosos beneficios a la piel, entre ellos: ayuda a aclarar las manchas de la piel, previene signos de envejecimiento prematuro, garantiza la hidrataci\u00f3n y deja la piel luminosa, si se combina con protector solar aumenta la protecci\u00f3n, en otras palabras, la Vitamina C lo es todo.&hellip;","_links":{"self":[{"href":"https:\/\/varietieseym.com.uy\/index.php\/wp-json\/wp\/v2\/product\/5738","targetHints":{"allow":["GET"]}}],"collection":[{"href":"https:\/\/varietieseym.com.uy\/index.php\/wp-json\/wp\/v2\/product"}],"about":[{"href":"https:\/\/varietieseym.com.uy\/index.php\/wp-json\/wp\/v2\/types\/product"}],"wp:featuredmedia":[{"embeddable":true,"href":"https:\/\/varietieseym.com.uy\/index.php\/wp-json\/wp\/v2\/media\/5718"}],"wp:attachment":[{"href":"https:\/\/varietieseym.com.uy\/index.php\/wp-json\/wp\/v2\/media?parent=5738"}],"wp:term":[{"taxonomy":"product_brand","embeddable":true,"href":"https:\/\/varietieseym.com.uy\/index.php\/wp-json\/wp\/v2\/product_brand?post=5738"},{"taxonomy":"product_cat","embeddable":true,"href":"https:\/\/varietieseym.com.uy\/index.php\/wp-json\/wp\/v2\/product_cat?post=5738"},{"taxonomy":"product_tag","embeddable":true,"href":"https:\/\/varietieseym.com.uy\/index.php\/wp-json\/wp\/v2\/product_tag?post=5738"}],"curies":[{"name":"wp","href":"https:\/\/api.w.org\/{rel}","templated":true}]}}