{"id":5741,"date":"2024-06-05T14:18:59","date_gmt":"2024-06-05T17:18:59","guid":{"rendered":"https:\/\/varietieseym.com.uy\/?post_type=product&#038;p=5741"},"modified":"2026-04-29T00:01:11","modified_gmt":"2026-04-29T03:01:11","slug":"aceite-rosa-mosqueta-2628","status":"publish","type":"product","link":"https:\/\/varietieseym.com.uy\/index.php\/producto\/aceite-rosa-mosqueta-2628\/","title":{"rendered":"Aceite Rosa Mosqueta &#8211; 2628"},"content":{"rendered":"<p>Aceite 100% Puro de Rosa Mosqueta , NO contiene componentes adicionales, entregando as\u00ed los m\u00e1ximos beneficios del aceite, conocido por ayudar a prevenir estr\u00edas, arrugas y l\u00edneas de expresi\u00f3n. Su poder hidratante es apto para todo tipo de pieles, especialmente pieles mixtas y secas. Puede utilizarse en el cuerpo, rostro, cabello y u\u00f1as. Aceite Puro de Rosa Mosqueta Rico en \u00c1cidos Grasos con Vitamina E. C\u00f3mo utilizar: Aplicar unas gotas sobre la piel, masajeando con movimientos circulares durante 2 a 3 minutos, hasta que la piel absorba completamente el aceite. El aceite se puede aplicar de 1 a 2 veces al d\u00eda, especialmente en las zonas m\u00e1s secas del rostro y el cuerpo.<\/p>\n","protected":false},"excerpt":{"rendered":"<p>Aceite 100% Puro de Rosa Mosqueta , NO contiene componentes adicionales, entregando as\u00ed los m\u00e1ximos beneficios del aceite, conocido por ayudar a prevenir estr\u00edas, arrugas y l\u00edneas de expresi\u00f3n. Su poder hidratante es apto para todo tipo de pieles, especialmente pieles mixtas y secas. Puede utilizarse en el cuerpo, rostro, cabello y u\u00f1as. Aceite Puro &hellip;<\/p>\n<p class=\"read-more\"> <a class=\"\" href=\"https:\/\/varietieseym.com.uy\/index.php\/producto\/aceite-rosa-mosqueta-2628\/\"> <span class=\"screen-reader-text\">Aceite Rosa Mosqueta &#8211; 2628<\/span> Leer m\u00e1s &raquo;<\/a><\/p>\n","protected":false},"featured_media":5704,"template":"","meta":{"_uag_custom_page_level_css":"","site-sidebar-layout":"default","site-content-layout":"","ast-site-content-layout":"default","site-content-style":"default","site-sidebar-style":"default","ast-global-header-display":"","ast-banner-title-visibility":"","ast-main-header-display":"","ast-hfb-above-header-display":"","ast-hfb-below-header-display":"","ast-hfb-mobile-header-display":"","site-post-title":"","ast-breadcrumbs-content":"","ast-featured-img":"","footer-sml-layout":"","theme-transparent-header-meta":"default","adv-header-id-meta":"","stick-header-meta":"","header-above-stick-meta":"","header-main-stick-meta":"","header-below-stick-meta":"","astra-migrate-meta-layouts":"set","_joinchat":[]},"product_brand":[],"product_cat":[248,144],"product_tag":[],"class_list":{"0":"post-5741","1":"product","2":"type-product","3":"status-publish","4":"has-post-thumbnail","6":"product_cat-serum","7":"product_cat-skincare","8":"desktop-align-center","9":"tablet-align-left","10":"mobile-align-left","12":"first","13":"outofstock","14":"shipping-taxable","15":"purchasable","16":"product-type-simple"},"uagb_featured_image_src":{"full":["https:\/\/varietieseym.com.uy\/wp-content\/uploads\/2024\/06\/1TckuRRM0rSnfzo0bQhWbUDBhqfWDA3CX3NHaATUjOA.png",500,500,false],"thumbnail":["https:\/\/varietieseym.com.uy\/wp-content\/uploads\/2024\/06\/1TckuRRM0rSnfzo0bQhWbUDBhqfWDA3CX3NHaATUjOA-150x150.png",150,150,true],"medium":["https:\/\/varietieseym.com.uy\/wp-content\/uploads\/2024\/06\/1TckuRRM0rSnfzo0bQhWbUDBhqfWDA3CX3NHaATUjOA-300x300.png",300,300,true],"medium_large":["https:\/\/varietieseym.com.uy\/wp-content\/uploads\/2024\/06\/1TckuRRM0rSnfzo0bQhWbUDBhqfWDA3CX3NHaATUjOA.png",500,500,false],"large":["https:\/\/varietieseym.com.uy\/wp-content\/uploads\/2024\/06\/1TckuRRM0rSnfzo0bQhWbUDBhqfWDA3CX3NHaATUjOA.png",500,500,false],"1536x1536":["https:\/\/varietieseym.com.uy\/wp-content\/uploads\/2024\/06\/1TckuRRM0rSnfzo0bQhWbUDBhqfWDA3CX3NHaATUjOA.png",500,500,false],"2048x2048":["https:\/\/varietieseym.com.uy\/wp-content\/uploads\/2024\/06\/1TckuRRM0rSnfzo0bQhWbUDBhqfWDA3CX3NHaATUjOA.png",500,500,false],"woocommerce_thumbnail":["https:\/\/varietieseym.com.uy\/wp-content\/uploads\/2024\/06\/1TckuRRM0rSnfzo0bQhWbUDBhqfWDA3CX3NHaATUjOA-300x300.png",300,300,true],"woocommerce_single":["https:\/\/varietieseym.com.uy\/wp-content\/uploads\/2024\/06\/1TckuRRM0rSnfzo0bQhWbUDBhqfWDA3CX3NHaATUjOA.png",500,500,false],"woocommerce_gallery_thumbnail":["https:\/\/varietieseym.com.uy\/wp-content\/uploads\/2024\/06\/1TckuRRM0rSnfzo0bQhWbUDBhqfWDA3CX3NHaATUjOA-100x100.png",100,100,true]},"uagb_author_info":{"display_name":"SyF Home","author_link":"https:\/\/varietieseym.com.uy\/index.php\/author\/"},"uagb_comment_info":0,"uagb_excerpt":"Aceite 100% Puro de Rosa Mosqueta , NO contiene componentes adicionales, entregando as\u00ed los m\u00e1ximos beneficios del aceite, conocido por ayudar a prevenir estr\u00edas, arrugas y l\u00edneas de expresi\u00f3n. Su poder hidratante es apto para todo tipo de pieles, especialmente pieles mixtas y secas. Puede utilizarse en el cuerpo, rostro, cabello y u\u00f1as. Aceite Puro&hellip;","_links":{"self":[{"href":"https:\/\/varietieseym.com.uy\/index.php\/wp-json\/wp\/v2\/product\/5741","targetHints":{"allow":["GET"]}}],"collection":[{"href":"https:\/\/varietieseym.com.uy\/index.php\/wp-json\/wp\/v2\/product"}],"about":[{"href":"https:\/\/varietieseym.com.uy\/index.php\/wp-json\/wp\/v2\/types\/product"}],"wp:featuredmedia":[{"embeddable":true,"href":"https:\/\/varietieseym.com.uy\/index.php\/wp-json\/wp\/v2\/media\/5704"}],"wp:attachment":[{"href":"https:\/\/varietieseym.com.uy\/index.php\/wp-json\/wp\/v2\/media?parent=5741"}],"wp:term":[{"taxonomy":"product_brand","embeddable":true,"href":"https:\/\/varietieseym.com.uy\/index.php\/wp-json\/wp\/v2\/product_brand?post=5741"},{"taxonomy":"product_cat","embeddable":true,"href":"https:\/\/varietieseym.com.uy\/index.php\/wp-json\/wp\/v2\/product_cat?post=5741"},{"taxonomy":"product_tag","embeddable":true,"href":"https:\/\/varietieseym.com.uy\/index.php\/wp-json\/wp\/v2\/product_tag?post=5741"}],"curies":[{"name":"wp","href":"https:\/\/api.w.org\/{rel}","templated":true}]}}