{"id":5742,"date":"2024-06-05T14:19:28","date_gmt":"2024-06-05T17:19:28","guid":{"rendered":"https:\/\/varietieseym.com.uy\/?post_type=product&#038;p=5742"},"modified":"2026-04-29T00:00:55","modified_gmt":"2026-04-29T03:00:55","slug":"serum-colageno-2629","status":"publish","type":"product","link":"https:\/\/varietieseym.com.uy\/index.php\/producto\/serum-colageno-2629\/","title":{"rendered":"Serum Colageno con retinol  &#8211; 2629"},"content":{"rendered":"<p>S\u00e9rum facial Retinol, Col\u00e1geno y Elastina, Antiedad, Antioxidante, vegano, Max Love, 30mL<\/p>\n<p>-Se puede usar tanto en el d\u00eda como en la noche<br \/>\n-Ayuda a mantener la firmeza, elasticidad y suavidad de la piel.<br \/>\n-Acci\u00f3n hidratante y antioxidante.<\/p>\n<p>Contiene:<br \/>\n-Retinol<br \/>\n-Col\u00e1geno<br \/>\n-Elastina<\/p>\n<p>El retinol es de los mejores activos anti edad. Ayuda a la renovaci\u00f3n de la piel, minimizando la apariencia de manchas.<br \/>\nMejora la textura de la piel y previene la aparici\u00f3n de arrugas y l\u00edneas de expresi\u00f3n.<\/p>\n<p>El col\u00e1geno es una prote\u00edna que est\u00e1 presente en nuestra piel y su funci\u00f3n es dar resistencia y fortaleza.<br \/>\nA medida que envejecemos la producci\u00f3n de col\u00e1geno disminuye, y es por eso que nuestra piel va perdiendo firmeza y elasticidad.<br \/>\nBeneficios del col\u00e1geno en la piel:<br \/>\n\u2013 Disminuye signos de envejecimiento tales como l\u00edneas de expresi\u00f3n y arrugas.<br \/>\n\u2013 Ayuda a reducir flacidez dejando la piel m\u00e1s firme y el\u00e1stica.<br \/>\n\u2013 Da un aspecto m\u00e1s rejuvenecido, luminoso y saludable.<br \/>\n\u2013 Suaviza.<br \/>\n\u2013 Aporta hidrataci\u00f3n.<br \/>\n\u2013 Protege de agentes externos como el sol, fr\u00edo y poluci\u00f3n ambiental.<br \/>\n\u2013 Tambi\u00e9n podr\u00eda disminuir aparici\u00f3n de acn\u00e9 y reducir cicatrices.<\/p>\n<p>La elastina es una prote\u00edna que tiene funciones estructurales, por lo tanto le da elasticidad a la piel.<\/p>\n<p>Modo de uso: aplicar 3 o 4 gotas en el rostro limpio, y masajear con movimientos circulares hasta su completa absorci\u00f3n.<\/p>\n","protected":false},"excerpt":{"rendered":"<p>S\u00e9rum facial Retinol, Col\u00e1geno y Elastina, Antiedad, Antioxidante, vegano, Max Love, 30mL -Se puede usar tanto en el d\u00eda como en la noche -Ayuda a mantener la firmeza, elasticidad y suavidad de la piel. -Acci\u00f3n hidratante y antioxidante. Contiene: -Retinol -Col\u00e1geno -Elastina El retinol es de los mejores activos anti edad. Ayuda a la renovaci\u00f3n &hellip;<\/p>\n<p class=\"read-more\"> <a class=\"\" href=\"https:\/\/varietieseym.com.uy\/index.php\/producto\/serum-colageno-2629\/\"> <span class=\"screen-reader-text\">Serum Colageno con retinol  &#8211; 2629<\/span> Leer m\u00e1s &raquo;<\/a><\/p>\n","protected":false},"featured_media":6606,"template":"","meta":{"_uag_custom_page_level_css":"","site-sidebar-layout":"default","site-content-layout":"","ast-site-content-layout":"default","site-content-style":"default","site-sidebar-style":"default","ast-global-header-display":"","ast-banner-title-visibility":"","ast-main-header-display":"","ast-hfb-above-header-display":"","ast-hfb-below-header-display":"","ast-hfb-mobile-header-display":"","site-post-title":"","ast-breadcrumbs-content":"","ast-featured-img":"","footer-sml-layout":"","theme-transparent-header-meta":"default","adv-header-id-meta":"","stick-header-meta":"","header-above-stick-meta":"","header-main-stick-meta":"","header-below-stick-meta":"","astra-migrate-meta-layouts":"set","_joinchat":[]},"product_brand":[],"product_cat":[248,144],"product_tag":[],"class_list":{"0":"post-5742","1":"product","2":"type-product","3":"status-publish","4":"has-post-thumbnail","6":"product_cat-serum","7":"product_cat-skincare","8":"desktop-align-center","9":"tablet-align-left","10":"mobile-align-left","12":"first","13":"outofstock","14":"shipping-taxable","15":"purchasable","16":"product-type-simple"},"uagb_featured_image_src":{"full":["https:\/\/varietieseym.com.uy\/wp-content\/uploads\/2024\/06\/serum-colageno-retinol-.png",617,609,false],"thumbnail":["https:\/\/varietieseym.com.uy\/wp-content\/uploads\/2024\/06\/serum-colageno-retinol--150x150.png",150,150,true],"medium":["https:\/\/varietieseym.com.uy\/wp-content\/uploads\/2024\/06\/serum-colageno-retinol--300x296.png",300,296,true],"medium_large":["https:\/\/varietieseym.com.uy\/wp-content\/uploads\/2024\/06\/serum-colageno-retinol-.png",617,609,false],"large":["https:\/\/varietieseym.com.uy\/wp-content\/uploads\/2024\/06\/serum-colageno-retinol-.png",617,609,false],"1536x1536":["https:\/\/varietieseym.com.uy\/wp-content\/uploads\/2024\/06\/serum-colageno-retinol-.png",617,609,false],"2048x2048":["https:\/\/varietieseym.com.uy\/wp-content\/uploads\/2024\/06\/serum-colageno-retinol-.png",617,609,false],"woocommerce_thumbnail":["https:\/\/varietieseym.com.uy\/wp-content\/uploads\/2024\/06\/serum-colageno-retinol--300x300.png",300,300,true],"woocommerce_single":["https:\/\/varietieseym.com.uy\/wp-content\/uploads\/2024\/06\/serum-colageno-retinol--600x592.png",600,592,true],"woocommerce_gallery_thumbnail":["https:\/\/varietieseym.com.uy\/wp-content\/uploads\/2024\/06\/serum-colageno-retinol--100x100.png",100,100,true]},"uagb_author_info":{"display_name":"SyF Home","author_link":"https:\/\/varietieseym.com.uy\/index.php\/author\/"},"uagb_comment_info":0,"uagb_excerpt":"S\u00e9rum facial Retinol, Col\u00e1geno y Elastina, Antiedad, Antioxidante, vegano, Max Love, 30mL -Se puede usar tanto en el d\u00eda como en la noche -Ayuda a mantener la firmeza, elasticidad y suavidad de la piel. -Acci\u00f3n hidratante y antioxidante. Contiene: -Retinol -Col\u00e1geno -Elastina El retinol es de los mejores activos anti edad. Ayuda a la renovaci\u00f3n&hellip;","_links":{"self":[{"href":"https:\/\/varietieseym.com.uy\/index.php\/wp-json\/wp\/v2\/product\/5742","targetHints":{"allow":["GET"]}}],"collection":[{"href":"https:\/\/varietieseym.com.uy\/index.php\/wp-json\/wp\/v2\/product"}],"about":[{"href":"https:\/\/varietieseym.com.uy\/index.php\/wp-json\/wp\/v2\/types\/product"}],"wp:featuredmedia":[{"embeddable":true,"href":"https:\/\/varietieseym.com.uy\/index.php\/wp-json\/wp\/v2\/media\/6606"}],"wp:attachment":[{"href":"https:\/\/varietieseym.com.uy\/index.php\/wp-json\/wp\/v2\/media?parent=5742"}],"wp:term":[{"taxonomy":"product_brand","embeddable":true,"href":"https:\/\/varietieseym.com.uy\/index.php\/wp-json\/wp\/v2\/product_brand?post=5742"},{"taxonomy":"product_cat","embeddable":true,"href":"https:\/\/varietieseym.com.uy\/index.php\/wp-json\/wp\/v2\/product_cat?post=5742"},{"taxonomy":"product_tag","embeddable":true,"href":"https:\/\/varietieseym.com.uy\/index.php\/wp-json\/wp\/v2\/product_tag?post=5742"}],"curies":[{"name":"wp","href":"https:\/\/api.w.org\/{rel}","templated":true}]}}