{"id":5743,"date":"2024-06-05T14:19:56","date_gmt":"2024-06-05T17:19:56","guid":{"rendered":"https:\/\/varietieseym.com.uy\/?post_type=product&#038;p=5743"},"modified":"2026-04-29T00:00:43","modified_gmt":"2026-04-29T03:00:43","slug":"serum-aclarante-2630","status":"publish","type":"product","link":"https:\/\/varietieseym.com.uy\/index.php\/producto\/serum-aclarante-2630\/","title":{"rendered":"Serum Aclarante &#8211; 2630"},"content":{"rendered":"<p>Serum Facial Aclarante Con la poderosa combinaci\u00f3n de Niacinamida, \u00c1cido Hialur\u00f3nico y Amino\u00e1cidos de remolacha, este suero aporta incre\u00edbles beneficios para todo tipo de piel. El \u00c1cido Hialur\u00f3nico proporciona una hidrataci\u00f3n profunda , mientras que la Niacinamida estimula la producci\u00f3n de col\u00e1geno, reduciendo las l\u00edneas finas y las arrugas , adem\u00e1s de tener propiedades blanqueadoras que unifican el tono de la piel y reducen las manchas oscuras . Los amino\u00e1cidos de la remolacha tienen acci\u00f3n antioxidante , protegiendo la piel de los radicales libres , y adem\u00e1s tienen propiedades antiinflamatorias que ayudan a reducir el enrojecimiento y la irritaci\u00f3n. Juntos, estos compuestos pueden dejar la piel hidratada , radiante , con un aspecto m\u00e1s joven y m\u00e1s uniforme .<\/p>\n","protected":false},"excerpt":{"rendered":"<p>Serum Facial Aclarante Con la poderosa combinaci\u00f3n de Niacinamida, \u00c1cido Hialur\u00f3nico y Amino\u00e1cidos de remolacha, este suero aporta incre\u00edbles beneficios para todo tipo de piel. El \u00c1cido Hialur\u00f3nico proporciona una hidrataci\u00f3n profunda , mientras que la Niacinamida estimula la producci\u00f3n de col\u00e1geno, reduciendo las l\u00edneas finas y las arrugas , adem\u00e1s de tener propiedades blanqueadoras &hellip;<\/p>\n<p class=\"read-more\"> <a class=\"\" href=\"https:\/\/varietieseym.com.uy\/index.php\/producto\/serum-aclarante-2630\/\"> <span class=\"screen-reader-text\">Serum Aclarante &#8211; 2630<\/span> Leer m\u00e1s &raquo;<\/a><\/p>\n","protected":false},"featured_media":5711,"template":"","meta":{"_uag_custom_page_level_css":"","site-sidebar-layout":"default","site-content-layout":"","ast-site-content-layout":"default","site-content-style":"default","site-sidebar-style":"default","ast-global-header-display":"","ast-banner-title-visibility":"","ast-main-header-display":"","ast-hfb-above-header-display":"","ast-hfb-below-header-display":"","ast-hfb-mobile-header-display":"","site-post-title":"","ast-breadcrumbs-content":"","ast-featured-img":"","footer-sml-layout":"","theme-transparent-header-meta":"default","adv-header-id-meta":"","stick-header-meta":"","header-above-stick-meta":"","header-main-stick-meta":"","header-below-stick-meta":"","astra-migrate-meta-layouts":"set","_joinchat":[]},"product_brand":[],"product_cat":[248,144],"product_tag":[],"class_list":{"0":"post-5743","1":"product","2":"type-product","3":"status-publish","4":"has-post-thumbnail","6":"product_cat-serum","7":"product_cat-skincare","8":"desktop-align-center","9":"tablet-align-left","10":"mobile-align-left","12":"first","13":"outofstock","14":"shipping-taxable","15":"purchasable","16":"product-type-simple"},"uagb_featured_image_src":{"full":["https:\/\/varietieseym.com.uy\/wp-content\/uploads\/2024\/06\/1W7qPJzD-mTH5EsqMwMeMk3MPKFG2q_IfdnwMLwssEA.png",1202,1600,false],"thumbnail":["https:\/\/varietieseym.com.uy\/wp-content\/uploads\/2024\/06\/1W7qPJzD-mTH5EsqMwMeMk3MPKFG2q_IfdnwMLwssEA-150x150.png",150,150,true],"medium":["https:\/\/varietieseym.com.uy\/wp-content\/uploads\/2024\/06\/1W7qPJzD-mTH5EsqMwMeMk3MPKFG2q_IfdnwMLwssEA-225x300.png",225,300,true],"medium_large":["https:\/\/varietieseym.com.uy\/wp-content\/uploads\/2024\/06\/1W7qPJzD-mTH5EsqMwMeMk3MPKFG2q_IfdnwMLwssEA-768x1022.png",768,1022,true],"large":["https:\/\/varietieseym.com.uy\/wp-content\/uploads\/2024\/06\/1W7qPJzD-mTH5EsqMwMeMk3MPKFG2q_IfdnwMLwssEA-769x1024.png",769,1024,true],"1536x1536":["https:\/\/varietieseym.com.uy\/wp-content\/uploads\/2024\/06\/1W7qPJzD-mTH5EsqMwMeMk3MPKFG2q_IfdnwMLwssEA-1154x1536.png",1154,1536,true],"2048x2048":["https:\/\/varietieseym.com.uy\/wp-content\/uploads\/2024\/06\/1W7qPJzD-mTH5EsqMwMeMk3MPKFG2q_IfdnwMLwssEA.png",1202,1600,false],"woocommerce_thumbnail":["https:\/\/varietieseym.com.uy\/wp-content\/uploads\/2024\/06\/1W7qPJzD-mTH5EsqMwMeMk3MPKFG2q_IfdnwMLwssEA-300x300.png",300,300,true],"woocommerce_single":["https:\/\/varietieseym.com.uy\/wp-content\/uploads\/2024\/06\/1W7qPJzD-mTH5EsqMwMeMk3MPKFG2q_IfdnwMLwssEA-600x799.png",600,799,true],"woocommerce_gallery_thumbnail":["https:\/\/varietieseym.com.uy\/wp-content\/uploads\/2024\/06\/1W7qPJzD-mTH5EsqMwMeMk3MPKFG2q_IfdnwMLwssEA-100x100.png",100,100,true]},"uagb_author_info":{"display_name":"SyF Home","author_link":"https:\/\/varietieseym.com.uy\/index.php\/author\/"},"uagb_comment_info":0,"uagb_excerpt":"Serum Facial Aclarante Con la poderosa combinaci\u00f3n de Niacinamida, \u00c1cido Hialur\u00f3nico y Amino\u00e1cidos de remolacha, este suero aporta incre\u00edbles beneficios para todo tipo de piel. El \u00c1cido Hialur\u00f3nico proporciona una hidrataci\u00f3n profunda , mientras que la Niacinamida estimula la producci\u00f3n de col\u00e1geno, reduciendo las l\u00edneas finas y las arrugas , adem\u00e1s de tener propiedades blanqueadoras&hellip;","_links":{"self":[{"href":"https:\/\/varietieseym.com.uy\/index.php\/wp-json\/wp\/v2\/product\/5743","targetHints":{"allow":["GET"]}}],"collection":[{"href":"https:\/\/varietieseym.com.uy\/index.php\/wp-json\/wp\/v2\/product"}],"about":[{"href":"https:\/\/varietieseym.com.uy\/index.php\/wp-json\/wp\/v2\/types\/product"}],"wp:featuredmedia":[{"embeddable":true,"href":"https:\/\/varietieseym.com.uy\/index.php\/wp-json\/wp\/v2\/media\/5711"}],"wp:attachment":[{"href":"https:\/\/varietieseym.com.uy\/index.php\/wp-json\/wp\/v2\/media?parent=5743"}],"wp:term":[{"taxonomy":"product_brand","embeddable":true,"href":"https:\/\/varietieseym.com.uy\/index.php\/wp-json\/wp\/v2\/product_brand?post=5743"},{"taxonomy":"product_cat","embeddable":true,"href":"https:\/\/varietieseym.com.uy\/index.php\/wp-json\/wp\/v2\/product_cat?post=5743"},{"taxonomy":"product_tag","embeddable":true,"href":"https:\/\/varietieseym.com.uy\/index.php\/wp-json\/wp\/v2\/product_tag?post=5743"}],"curies":[{"name":"wp","href":"https:\/\/api.w.org\/{rel}","templated":true}]}}