{"id":5744,"date":"2024-06-05T14:20:32","date_gmt":"2024-06-05T17:20:32","guid":{"rendered":"https:\/\/varietieseym.com.uy\/?post_type=product&#038;p=5744"},"modified":"2026-04-29T00:00:33","modified_gmt":"2026-04-29T03:00:33","slug":"serum-rosa-mosqueta-2631","status":"publish","type":"product","link":"https:\/\/varietieseym.com.uy\/index.php\/producto\/serum-rosa-mosqueta-2631\/","title":{"rendered":"Serum Rosa Mosqueta &#8211; 2631"},"content":{"rendered":"<p>Serum Facial Rosa Mosqueta Producto 100% Vegano &#8211; Cruelty Free (no testado en animales) Ph\u00e1lleBeauty S\u00e9rum Facial Rosa Mosqueta 4&#215;1 act\u00faa con un efecto rejuvenecedor ya que contiene en su composici\u00f3n vitaminas y \u00e1cidos grasos que son los encargados de ello, mejorando la apariencia de manchas, l\u00edneas de expresi\u00f3n y cicatrices, potenciando la piel a un mayor nivel de salud. Ph\u00e1lleBeauty S\u00e9rum Facial Rosa Mosqueta 4&#215;1 tiene acci\u00f3n antigrasa, antioxidante, controla el acn\u00e9 y reduce las manchas del rostro. Est\u00e1 compuesto por diferentes componentes que ayudan a mantener la salud de tu piel, dej\u00e1ndola con un aspecto juvenil. Beneficios &#8211; Reduce el tama\u00f1o de los poros &#8211; Controla y equilibra la grasa de la piel. &#8211; Previene y trata las imperfecciones. &#8211; Previene y trata el acn\u00e9.<\/p>\n","protected":false},"excerpt":{"rendered":"<p>Serum Facial Rosa Mosqueta Producto 100% Vegano &#8211; Cruelty Free (no testado en animales) Ph\u00e1lleBeauty S\u00e9rum Facial Rosa Mosqueta 4&#215;1 act\u00faa con un efecto rejuvenecedor ya que contiene en su composici\u00f3n vitaminas y \u00e1cidos grasos que son los encargados de ello, mejorando la apariencia de manchas, l\u00edneas de expresi\u00f3n y cicatrices, potenciando la piel a &hellip;<\/p>\n<p class=\"read-more\"> <a class=\"\" href=\"https:\/\/varietieseym.com.uy\/index.php\/producto\/serum-rosa-mosqueta-2631\/\"> <span class=\"screen-reader-text\">Serum Rosa Mosqueta &#8211; 2631<\/span> Leer m\u00e1s &raquo;<\/a><\/p>\n","protected":false},"featured_media":5723,"template":"","meta":{"_uag_custom_page_level_css":"","site-sidebar-layout":"default","site-content-layout":"","ast-site-content-layout":"default","site-content-style":"default","site-sidebar-style":"default","ast-global-header-display":"","ast-banner-title-visibility":"","ast-main-header-display":"","ast-hfb-above-header-display":"","ast-hfb-below-header-display":"","ast-hfb-mobile-header-display":"","site-post-title":"","ast-breadcrumbs-content":"","ast-featured-img":"","footer-sml-layout":"","theme-transparent-header-meta":"default","adv-header-id-meta":"","stick-header-meta":"","header-above-stick-meta":"","header-main-stick-meta":"","header-below-stick-meta":"","astra-migrate-meta-layouts":"set","_joinchat":[]},"product_brand":[],"product_cat":[248,144],"product_tag":[],"class_list":{"0":"post-5744","1":"product","2":"type-product","3":"status-publish","4":"has-post-thumbnail","6":"product_cat-serum","7":"product_cat-skincare","8":"desktop-align-center","9":"tablet-align-left","10":"mobile-align-left","12":"first","13":"outofstock","14":"shipping-taxable","15":"purchasable","16":"product-type-simple"},"uagb_featured_image_src":{"full":["https:\/\/varietieseym.com.uy\/wp-content\/uploads\/2024\/06\/1aiCbAkjCcDkJRsxsWKn693pi8hpCX_Hz8ISPnLhILA.jpg",600,600,false],"thumbnail":["https:\/\/varietieseym.com.uy\/wp-content\/uploads\/2024\/06\/1aiCbAkjCcDkJRsxsWKn693pi8hpCX_Hz8ISPnLhILA-150x150.jpg",150,150,true],"medium":["https:\/\/varietieseym.com.uy\/wp-content\/uploads\/2024\/06\/1aiCbAkjCcDkJRsxsWKn693pi8hpCX_Hz8ISPnLhILA-300x300.jpg",300,300,true],"medium_large":["https:\/\/varietieseym.com.uy\/wp-content\/uploads\/2024\/06\/1aiCbAkjCcDkJRsxsWKn693pi8hpCX_Hz8ISPnLhILA.jpg",600,600,false],"large":["https:\/\/varietieseym.com.uy\/wp-content\/uploads\/2024\/06\/1aiCbAkjCcDkJRsxsWKn693pi8hpCX_Hz8ISPnLhILA.jpg",600,600,false],"1536x1536":["https:\/\/varietieseym.com.uy\/wp-content\/uploads\/2024\/06\/1aiCbAkjCcDkJRsxsWKn693pi8hpCX_Hz8ISPnLhILA.jpg",600,600,false],"2048x2048":["https:\/\/varietieseym.com.uy\/wp-content\/uploads\/2024\/06\/1aiCbAkjCcDkJRsxsWKn693pi8hpCX_Hz8ISPnLhILA.jpg",600,600,false],"woocommerce_thumbnail":["https:\/\/varietieseym.com.uy\/wp-content\/uploads\/2024\/06\/1aiCbAkjCcDkJRsxsWKn693pi8hpCX_Hz8ISPnLhILA-300x300.jpg",300,300,true],"woocommerce_single":["https:\/\/varietieseym.com.uy\/wp-content\/uploads\/2024\/06\/1aiCbAkjCcDkJRsxsWKn693pi8hpCX_Hz8ISPnLhILA.jpg",600,600,false],"woocommerce_gallery_thumbnail":["https:\/\/varietieseym.com.uy\/wp-content\/uploads\/2024\/06\/1aiCbAkjCcDkJRsxsWKn693pi8hpCX_Hz8ISPnLhILA-100x100.jpg",100,100,true]},"uagb_author_info":{"display_name":"SyF Home","author_link":"https:\/\/varietieseym.com.uy\/index.php\/author\/"},"uagb_comment_info":0,"uagb_excerpt":"Serum Facial Rosa Mosqueta Producto 100% Vegano &#8211; Cruelty Free (no testado en animales) Ph\u00e1lleBeauty S\u00e9rum Facial Rosa Mosqueta 4&#215;1 act\u00faa con un efecto rejuvenecedor ya que contiene en su composici\u00f3n vitaminas y \u00e1cidos grasos que son los encargados de ello, mejorando la apariencia de manchas, l\u00edneas de expresi\u00f3n y cicatrices, potenciando la piel a&hellip;","_links":{"self":[{"href":"https:\/\/varietieseym.com.uy\/index.php\/wp-json\/wp\/v2\/product\/5744","targetHints":{"allow":["GET"]}}],"collection":[{"href":"https:\/\/varietieseym.com.uy\/index.php\/wp-json\/wp\/v2\/product"}],"about":[{"href":"https:\/\/varietieseym.com.uy\/index.php\/wp-json\/wp\/v2\/types\/product"}],"wp:featuredmedia":[{"embeddable":true,"href":"https:\/\/varietieseym.com.uy\/index.php\/wp-json\/wp\/v2\/media\/5723"}],"wp:attachment":[{"href":"https:\/\/varietieseym.com.uy\/index.php\/wp-json\/wp\/v2\/media?parent=5744"}],"wp:term":[{"taxonomy":"product_brand","embeddable":true,"href":"https:\/\/varietieseym.com.uy\/index.php\/wp-json\/wp\/v2\/product_brand?post=5744"},{"taxonomy":"product_cat","embeddable":true,"href":"https:\/\/varietieseym.com.uy\/index.php\/wp-json\/wp\/v2\/product_cat?post=5744"},{"taxonomy":"product_tag","embeddable":true,"href":"https:\/\/varietieseym.com.uy\/index.php\/wp-json\/wp\/v2\/product_tag?post=5744"}],"curies":[{"name":"wp","href":"https:\/\/api.w.org\/{rel}","templated":true}]}}