{"id":5745,"date":"2024-06-05T14:21:03","date_gmt":"2024-06-05T17:21:03","guid":{"rendered":"https:\/\/varietieseym.com.uy\/?post_type=product&#038;p=5745"},"modified":"2026-04-29T00:00:15","modified_gmt":"2026-04-29T03:00:15","slug":"crema-hidratante-para-contorno-de-ojos-2632","status":"publish","type":"product","link":"https:\/\/varietieseym.com.uy\/index.php\/producto\/crema-hidratante-para-contorno-de-ojos-2632\/","title":{"rendered":"Crema Hidratante para contorno de ojos &#8211; 2632"},"content":{"rendered":"<p>Crem Hidratante para contorno de Ojos Max Love Eye Cream fue especialmente desarrollada para ayudar con la firmeza y elasticidad de la piel y para aliviar las ojeras. Su f\u00f3rmula act\u00faa hidratando la piel y estimulando su regeneraci\u00f3n. F\u00f3rmula vegana y sin parabenos.Contiene: -Niacinamida: activo con propiedades hidratantes. Aportador de brillo y luminosidad a la piel. -\u00c1cido hialur\u00f3nico: Aporta hidrataci\u00f3n profunda. Es un excelente humectante de la piel. Ayuda a estimular a las c\u00e9lulas en la producci\u00f3n de col\u00e1geno y elastina, reafirmando y tensando la piel, y reduciendo tama\u00f1o y visibilidad de l\u00edneas finas y arrugas. Estimula regeneraci\u00f3n celular. Reduce y previene manchas de la edad y problemas de pigmentaci\u00f3n. Producto vegano, libre de crueldad animal y libre de parabenos.<\/p>\n","protected":false},"excerpt":{"rendered":"<p>Crem Hidratante para contorno de Ojos Max Love Eye Cream fue especialmente desarrollada para ayudar con la firmeza y elasticidad de la piel y para aliviar las ojeras. Su f\u00f3rmula act\u00faa hidratando la piel y estimulando su regeneraci\u00f3n. F\u00f3rmula vegana y sin parabenos.Contiene: -Niacinamida: activo con propiedades hidratantes. Aportador de brillo y luminosidad a la &hellip;<\/p>\n<p class=\"read-more\"> <a class=\"\" href=\"https:\/\/varietieseym.com.uy\/index.php\/producto\/crema-hidratante-para-contorno-de-ojos-2632\/\"> <span class=\"screen-reader-text\">Crema Hidratante para contorno de ojos &#8211; 2632<\/span> Leer m\u00e1s &raquo;<\/a><\/p>\n","protected":false},"featured_media":5700,"template":"","meta":{"_uag_custom_page_level_css":"","site-sidebar-layout":"default","site-content-layout":"","ast-site-content-layout":"default","site-content-style":"default","site-sidebar-style":"default","ast-global-header-display":"","ast-banner-title-visibility":"","ast-main-header-display":"","ast-hfb-above-header-display":"","ast-hfb-below-header-display":"","ast-hfb-mobile-header-display":"","site-post-title":"","ast-breadcrumbs-content":"","ast-featured-img":"","footer-sml-layout":"","theme-transparent-header-meta":"default","adv-header-id-meta":"","stick-header-meta":"","header-above-stick-meta":"","header-main-stick-meta":"","header-below-stick-meta":"","astra-migrate-meta-layouts":"set","_joinchat":[]},"product_brand":[],"product_cat":[250,144],"product_tag":[],"class_list":{"0":"post-5745","1":"product","2":"type-product","3":"status-publish","4":"has-post-thumbnail","6":"product_cat-hidratantes","7":"product_cat-skincare","8":"desktop-align-center","9":"tablet-align-left","10":"mobile-align-left","12":"first","13":"outofstock","14":"shipping-taxable","15":"purchasable","16":"product-type-simple"},"uagb_featured_image_src":{"full":["https:\/\/varietieseym.com.uy\/wp-content\/uploads\/2024\/06\/1Q9ZvPWaIF-vME9l7QKu_l9IUWp0RnKxwkNi3c3RamQ.jpg",629,629,false],"thumbnail":["https:\/\/varietieseym.com.uy\/wp-content\/uploads\/2024\/06\/1Q9ZvPWaIF-vME9l7QKu_l9IUWp0RnKxwkNi3c3RamQ-150x150.jpg",150,150,true],"medium":["https:\/\/varietieseym.com.uy\/wp-content\/uploads\/2024\/06\/1Q9ZvPWaIF-vME9l7QKu_l9IUWp0RnKxwkNi3c3RamQ-300x300.jpg",300,300,true],"medium_large":["https:\/\/varietieseym.com.uy\/wp-content\/uploads\/2024\/06\/1Q9ZvPWaIF-vME9l7QKu_l9IUWp0RnKxwkNi3c3RamQ.jpg",629,629,false],"large":["https:\/\/varietieseym.com.uy\/wp-content\/uploads\/2024\/06\/1Q9ZvPWaIF-vME9l7QKu_l9IUWp0RnKxwkNi3c3RamQ.jpg",629,629,false],"1536x1536":["https:\/\/varietieseym.com.uy\/wp-content\/uploads\/2024\/06\/1Q9ZvPWaIF-vME9l7QKu_l9IUWp0RnKxwkNi3c3RamQ.jpg",629,629,false],"2048x2048":["https:\/\/varietieseym.com.uy\/wp-content\/uploads\/2024\/06\/1Q9ZvPWaIF-vME9l7QKu_l9IUWp0RnKxwkNi3c3RamQ.jpg",629,629,false],"woocommerce_thumbnail":["https:\/\/varietieseym.com.uy\/wp-content\/uploads\/2024\/06\/1Q9ZvPWaIF-vME9l7QKu_l9IUWp0RnKxwkNi3c3RamQ-300x300.jpg",300,300,true],"woocommerce_single":["https:\/\/varietieseym.com.uy\/wp-content\/uploads\/2024\/06\/1Q9ZvPWaIF-vME9l7QKu_l9IUWp0RnKxwkNi3c3RamQ-600x600.jpg",600,600,true],"woocommerce_gallery_thumbnail":["https:\/\/varietieseym.com.uy\/wp-content\/uploads\/2024\/06\/1Q9ZvPWaIF-vME9l7QKu_l9IUWp0RnKxwkNi3c3RamQ-100x100.jpg",100,100,true]},"uagb_author_info":{"display_name":"SyF Home","author_link":"https:\/\/varietieseym.com.uy\/index.php\/author\/"},"uagb_comment_info":0,"uagb_excerpt":"Crem Hidratante para contorno de Ojos Max Love Eye Cream fue especialmente desarrollada para ayudar con la firmeza y elasticidad de la piel y para aliviar las ojeras. Su f\u00f3rmula act\u00faa hidratando la piel y estimulando su regeneraci\u00f3n. F\u00f3rmula vegana y sin parabenos.Contiene: -Niacinamida: activo con propiedades hidratantes. Aportador de brillo y luminosidad a la&hellip;","_links":{"self":[{"href":"https:\/\/varietieseym.com.uy\/index.php\/wp-json\/wp\/v2\/product\/5745","targetHints":{"allow":["GET"]}}],"collection":[{"href":"https:\/\/varietieseym.com.uy\/index.php\/wp-json\/wp\/v2\/product"}],"about":[{"href":"https:\/\/varietieseym.com.uy\/index.php\/wp-json\/wp\/v2\/types\/product"}],"wp:featuredmedia":[{"embeddable":true,"href":"https:\/\/varietieseym.com.uy\/index.php\/wp-json\/wp\/v2\/media\/5700"}],"wp:attachment":[{"href":"https:\/\/varietieseym.com.uy\/index.php\/wp-json\/wp\/v2\/media?parent=5745"}],"wp:term":[{"taxonomy":"product_brand","embeddable":true,"href":"https:\/\/varietieseym.com.uy\/index.php\/wp-json\/wp\/v2\/product_brand?post=5745"},{"taxonomy":"product_cat","embeddable":true,"href":"https:\/\/varietieseym.com.uy\/index.php\/wp-json\/wp\/v2\/product_cat?post=5745"},{"taxonomy":"product_tag","embeddable":true,"href":"https:\/\/varietieseym.com.uy\/index.php\/wp-json\/wp\/v2\/product_tag?post=5745"}],"curies":[{"name":"wp","href":"https:\/\/api.w.org\/{rel}","templated":true}]}}